{"id":1388,"date":"2024-03-23T15:05:12","date_gmt":"2024-03-23T15:05:12","guid":{"rendered":"https:\/\/www.zjjiangtian.com\/product\/y-series-high-voltage-three-phase-asynchronous-motor%ef%bc%886kv\/"},"modified":"2024-04-01T06:33:08","modified_gmt":"2024-04-01T06:33:08","slug":"y-series-high-voltage-three-phase-asynchronous-motor-6kv","status":"publish","type":"product","link":"https:\/\/www.zjjiangtian.com\/es\/producto\/motor-asincrono-trifasico-de-alto-voltaje-serie-y-6kv\/","title":{"rendered":"Motor as\u00edncrono trif\u00e1sico de alto voltaje serie Y (6kv)"},"content":{"rendered":"<p>Motor as\u00edncrono trif\u00e1sico de alto voltaje de la serie Y (6KV): este motor en serie es un motor as\u00edncrono trif\u00e1sico de jaula de ardilla de alto voltaje. El grado de protecci\u00f3n del motor es IP23 y el m\u00e9todo de refrigeraci\u00f3n es IC01. Su clase de aislamiento es F\/B y la tensi\u00f3n nominal es de 6KV.<\/p>","protected":false},"excerpt":{"rendered":"<ul>\n<li>Motor as\u00edncrono trif\u00e1sico de jaula de ardilla.<\/li>\n<li>Adopta una estructura de caja, con peso ligero y buena rigidez.<\/li>\n<li>M\u00e9todo de enfriamiento: IC01.<\/li>\n<li>Es ampliamente utilizado en centrales el\u00e9ctricas, plantas de agua, petroqu\u00edmicas, metalurgias, miner\u00eda y otras industrias. <\/li>\n<\/ul>","protected":false},"featured_media":1387,"comment_status":"open","ping_status":"closed","template":"","meta":{"_acf_changed":false,"_mi_skip_tracking":false,"_monsterinsights_sitenote_active":false,"_monsterinsights_sitenote_note":"","_monsterinsights_sitenote_category":0},"product_cat":[25],"product_tag":[],"acf":[],"yoast_head":"<!-- This site is optimized with the Yoast SEO Premium plugin v21.6 (Yoast SEO v22.2) - https:\/\/yoast.com\/wordpress\/plugins\/seo\/ -->\n<title>Y Series High Voltage Three Phase Asynchronous Motor (6kv) - Jiangtian Electric<\/title>\n<meta name=\"robots\" content=\"index, follow, max-snippet:-1, max-image-preview:large, max-video-preview:-1\" \/>\n<link rel=\"canonical\" href=\"https:\/\/www.zjjiangtian.com\/es\/producto\/motor-asincrono-trifasico-de-alto-voltaje-serie-y-6kv\/\" \/>\n<meta property=\"og:locale\" content=\"es_ES\" \/>\n<meta property=\"og:type\" content=\"article\" \/>\n<meta property=\"og:title\" content=\"Y Series High Voltage Three Phase Asynchronous Motor (6kv)\" \/>\n<meta property=\"og:description\" content=\"Squirrel cage three phase asynchronous motor. It adopts box structure, with light weight and good rigidity. Cooling method: IC01. It is widely used in power station, water plant, petrochemical, metallurgy, mining and other industries.\" \/>\n<meta property=\"og:url\" content=\"https:\/\/www.zjjiangtian.com\/es\/producto\/motor-asincrono-trifasico-de-alto-voltaje-serie-y-6kv\/\" \/>\n<meta property=\"og:site_name\" content=\"Jiangtian Electric\" \/>\n<meta property=\"article:modified_time\" content=\"2024-04-01T06:33:08+00:00\" \/>\n<meta property=\"og:image\" content=\"https:\/\/www.zjjiangtian.com\/wp-content\/uploads\/2024\/03\/y-6kv-th-63192-big-1.jpg\" \/>\n\t<meta property=\"og:image:width\" content=\"600\" \/>\n\t<meta property=\"og:image:height\" content=\"475\" \/>\n\t<meta property=\"og:image:type\" content=\"image\/jpeg\" \/>\n<meta name=\"twitter:card\" content=\"summary_large_image\" \/>\n<script type=\"application\/ld+json\" class=\"yoast-schema-graph\">{\"@context\":\"https:\/\/schema.org\",\"@graph\":[{\"@type\":\"WebPage\",\"@id\":\"https:\/\/www.zjjiangtian.com\/product\/y-series-high-voltage-three-phase-asynchronous-motor-6kv\/\",\"url\":\"https:\/\/www.zjjiangtian.com\/product\/y-series-high-voltage-three-phase-asynchronous-motor-6kv\/\",\"name\":\"Y Series High Voltage Three Phase Asynchronous Motor (6kv) - Jiangtian Electric\",\"isPartOf\":{\"@id\":\"https:\/\/www.zjjiangtian.com\/#website\"},\"primaryImageOfPage\":{\"@id\":\"https:\/\/www.zjjiangtian.com\/product\/y-series-high-voltage-three-phase-asynchronous-motor-6kv\/#primaryimage\"},\"image\":{\"@id\":\"https:\/\/www.zjjiangtian.com\/product\/y-series-high-voltage-three-phase-asynchronous-motor-6kv\/#primaryimage\"},\"thumbnailUrl\":\"https:\/\/www.zjjiangtian.com\/wp-content\/uploads\/2024\/03\/y-6kv-th-63192-big-1.jpg\",\"datePublished\":\"2024-03-23T15:05:12+00:00\",\"dateModified\":\"2024-04-01T06:33:08+00:00\",\"breadcrumb\":{\"@id\":\"https:\/\/www.zjjiangtian.com\/product\/y-series-high-voltage-three-phase-asynchronous-motor-6kv\/#breadcrumb\"},\"inLanguage\":\"es\",\"potentialAction\":[{\"@type\":\"ReadAction\",\"target\":[\"https:\/\/www.zjjiangtian.com\/product\/y-series-high-voltage-three-phase-asynchronous-motor-6kv\/\"]}]},{\"@type\":\"ImageObject\",\"inLanguage\":\"es\",\"@id\":\"https:\/\/www.zjjiangtian.com\/product\/y-series-high-voltage-three-phase-asynchronous-motor-6kv\/#primaryimage\",\"url\":\"https:\/\/www.zjjiangtian.com\/wp-content\/uploads\/2024\/03\/y-6kv-th-63192-big-1.jpg\",\"contentUrl\":\"https:\/\/www.zjjiangtian.com\/wp-content\/uploads\/2024\/03\/y-6kv-th-63192-big-1.jpg\",\"width\":600,\"height\":475},{\"@type\":\"BreadcrumbList\",\"@id\":\"https:\/\/www.zjjiangtian.com\/product\/y-series-high-voltage-three-phase-asynchronous-motor-6kv\/#breadcrumb\",\"itemListElement\":[{\"@type\":\"ListItem\",\"position\":1,\"name\":\"Home\",\"item\":\"https:\/\/www.zjjiangtian.com\/\"},{\"@type\":\"ListItem\",\"position\":2,\"name\":\"Products\",\"item\":\"https:\/\/www.zjjiangtian.com\/shop\/\"},{\"@type\":\"ListItem\",\"position\":3,\"name\":\"Y Series High Voltage Three Phase Asynchronous Motor (6kv)\"}]},{\"@type\":\"WebSite\",\"@id\":\"https:\/\/www.zjjiangtian.com\/#website\",\"url\":\"https:\/\/www.zjjiangtian.com\/\",\"name\":\"Jiangtian Electric\",\"description\":\"\",\"publisher\":{\"@id\":\"https:\/\/www.zjjiangtian.com\/#organization\"},\"potentialAction\":[{\"@type\":\"SearchAction\",\"target\":{\"@type\":\"EntryPoint\",\"urlTemplate\":\"https:\/\/www.zjjiangtian.com\/?s={search_term_string}\"},\"query-input\":\"required name=search_term_string\"}],\"inLanguage\":\"es\"},{\"@type\":\"Organization\",\"@id\":\"https:\/\/www.zjjiangtian.com\/#organization\",\"name\":\"Jiangtian Electric\",\"url\":\"https:\/\/www.zjjiangtian.com\/\",\"logo\":{\"@type\":\"ImageObject\",\"inLanguage\":\"es\",\"@id\":\"https:\/\/www.zjjiangtian.com\/#\/schema\/logo\/image\/\",\"url\":\"https:\/\/www.zjjiangtian.com\/wp-content\/uploads\/2023\/10\/logo.webp\",\"contentUrl\":\"https:\/\/www.zjjiangtian.com\/wp-content\/uploads\/2023\/10\/logo.webp\",\"width\":269,\"height\":50,\"caption\":\"Jiangtian Electric\"},\"image\":{\"@id\":\"https:\/\/www.zjjiangtian.com\/#\/schema\/logo\/image\/\"}}]}<\/script>\n<!-- \/ Yoast SEO Premium plugin. -->","yoast_head_json":{"title":"Y Series High Voltage Three Phase Asynchronous Motor (6kv) - Jiangtian Electric","robots":{"index":"index","follow":"follow","max-snippet":"max-snippet:-1","max-image-preview":"max-image-preview:large","max-video-preview":"max-video-preview:-1"},"canonical":"https:\/\/www.zjjiangtian.com\/es\/producto\/motor-asincrono-trifasico-de-alto-voltaje-serie-y-6kv\/","og_locale":"es_ES","og_type":"article","og_title":"Y Series High Voltage Three Phase Asynchronous Motor (6kv)","og_description":"Squirrel cage three phase asynchronous motor. It adopts box structure, with light weight and good rigidity. Cooling method: IC01. It is widely used in power station, water plant, petrochemical, metallurgy, mining and other industries.","og_url":"https:\/\/www.zjjiangtian.com\/es\/producto\/motor-asincrono-trifasico-de-alto-voltaje-serie-y-6kv\/","og_site_name":"Jiangtian Electric","article_modified_time":"2024-04-01T06:33:08+00:00","og_image":[{"width":600,"height":475,"url":"https:\/\/www.zjjiangtian.com\/wp-content\/uploads\/2024\/03\/y-6kv-th-63192-big-1.jpg","type":"image\/jpeg"}],"twitter_card":"summary_large_image","schema":{"@context":"https:\/\/schema.org","@graph":[{"@type":"WebPage","@id":"https:\/\/www.zjjiangtian.com\/product\/y-series-high-voltage-three-phase-asynchronous-motor-6kv\/","url":"https:\/\/www.zjjiangtian.com\/product\/y-series-high-voltage-three-phase-asynchronous-motor-6kv\/","name":"Y Series High Voltage Three Phase Asynchronous Motor (6kv) - Jiangtian Electric","isPartOf":{"@id":"https:\/\/www.zjjiangtian.com\/#website"},"primaryImageOfPage":{"@id":"https:\/\/www.zjjiangtian.com\/product\/y-series-high-voltage-three-phase-asynchronous-motor-6kv\/#primaryimage"},"image":{"@id":"https:\/\/www.zjjiangtian.com\/product\/y-series-high-voltage-three-phase-asynchronous-motor-6kv\/#primaryimage"},"thumbnailUrl":"https:\/\/www.zjjiangtian.com\/wp-content\/uploads\/2024\/03\/y-6kv-th-63192-big-1.jpg","datePublished":"2024-03-23T15:05:12+00:00","dateModified":"2024-04-01T06:33:08+00:00","breadcrumb":{"@id":"https:\/\/www.zjjiangtian.com\/product\/y-series-high-voltage-three-phase-asynchronous-motor-6kv\/#breadcrumb"},"inLanguage":"es","potentialAction":[{"@type":"ReadAction","target":["https:\/\/www.zjjiangtian.com\/product\/y-series-high-voltage-three-phase-asynchronous-motor-6kv\/"]}]},{"@type":"ImageObject","inLanguage":"es","@id":"https:\/\/www.zjjiangtian.com\/product\/y-series-high-voltage-three-phase-asynchronous-motor-6kv\/#primaryimage","url":"https:\/\/www.zjjiangtian.com\/wp-content\/uploads\/2024\/03\/y-6kv-th-63192-big-1.jpg","contentUrl":"https:\/\/www.zjjiangtian.com\/wp-content\/uploads\/2024\/03\/y-6kv-th-63192-big-1.jpg","width":600,"height":475},{"@type":"BreadcrumbList","@id":"https:\/\/www.zjjiangtian.com\/product\/y-series-high-voltage-three-phase-asynchronous-motor-6kv\/#breadcrumb","itemListElement":[{"@type":"ListItem","position":1,"name":"Home","item":"https:\/\/www.zjjiangtian.com\/"},{"@type":"ListItem","position":2,"name":"Products","item":"https:\/\/www.zjjiangtian.com\/shop\/"},{"@type":"ListItem","position":3,"name":"Y Series High Voltage Three Phase Asynchronous Motor (6kv)"}]},{"@type":"WebSite","@id":"https:\/\/www.zjjiangtian.com\/#website","url":"https:\/\/www.zjjiangtian.com\/","name":"Jiangtian Electric","description":"","publisher":{"@id":"https:\/\/www.zjjiangtian.com\/#organization"},"potentialAction":[{"@type":"SearchAction","target":{"@type":"EntryPoint","urlTemplate":"https:\/\/www.zjjiangtian.com\/?s={search_term_string}"},"query-input":"required name=search_term_string"}],"inLanguage":"es"},{"@type":"Organization","@id":"https:\/\/www.zjjiangtian.com\/#organization","name":"Jiangtian Electric","url":"https:\/\/www.zjjiangtian.com\/","logo":{"@type":"ImageObject","inLanguage":"es","@id":"https:\/\/www.zjjiangtian.com\/#\/schema\/logo\/image\/","url":"https:\/\/www.zjjiangtian.com\/wp-content\/uploads\/2023\/10\/logo.webp","contentUrl":"https:\/\/www.zjjiangtian.com\/wp-content\/uploads\/2023\/10\/logo.webp","width":269,"height":50,"caption":"Jiangtian Electric"},"image":{"@id":"https:\/\/www.zjjiangtian.com\/#\/schema\/logo\/image\/"}}]}},"_links":{"self":[{"href":"https:\/\/www.zjjiangtian.com\/es\/wp-json\/wp\/v2\/product\/1388"}],"collection":[{"href":"https:\/\/www.zjjiangtian.com\/es\/wp-json\/wp\/v2\/product"}],"about":[{"href":"https:\/\/www.zjjiangtian.com\/es\/wp-json\/wp\/v2\/types\/product"}],"replies":[{"embeddable":true,"href":"https:\/\/www.zjjiangtian.com\/es\/wp-json\/wp\/v2\/comments?post=1388"}],"wp:featuredmedia":[{"embeddable":true,"href":"https:\/\/www.zjjiangtian.com\/es\/wp-json\/wp\/v2\/media\/1387"}],"wp:attachment":[{"href":"https:\/\/www.zjjiangtian.com\/es\/wp-json\/wp\/v2\/media?parent=1388"}],"wp:term":[{"taxonomy":"product_cat","embeddable":true,"href":"https:\/\/www.zjjiangtian.com\/es\/wp-json\/wp\/v2\/product_cat?post=1388"},{"taxonomy":"product_tag","embeddable":true,"href":"https:\/\/www.zjjiangtian.com\/es\/wp-json\/wp\/v2\/product_tag?post=1388"}],"curies":[{"name":"wp","href":"https:\/\/api.w.org\/{rel}","templated":true}]}}