{"id":1390,"date":"2024-03-23T15:05:13","date_gmt":"2024-03-23T15:05:13","guid":{"rendered":"https:\/\/www.zjjiangtian.com\/product\/jpmbp-series-flameproof-three-phase-permanent-magnet-synchronous-motor\/"},"modified":"2024-06-09T05:44:46","modified_gmt":"2024-06-09T05:44:46","slug":"jpmbp-series-flameproof-three-phase-permanent-magnet-synchronous-motor","status":"publish","type":"product","link":"https:\/\/www.zjjiangtian.com\/es\/producto\/motor-sincrono-de-iman-permanente-trifasico-ignifugo-serie-jpmbp\/","title":{"rendered":"Motor s\u00edncrono de im\u00e1n permanente trif\u00e1sico ign\u00edfugo serie JPMBP"},"content":{"rendered":"<p>Motor s\u00edncrono de im\u00e1n permanente trif\u00e1sico ign\u00edfugo serie JPMBP: Este motor en serie es un derivado del motor s\u00edncrono de im\u00e1n permanente trif\u00e1sico serie JPM. Es adecuado para el funcionamiento continuo del sistema de trabajo (S1). Tambi\u00e9n tiene las ventajas de alta capacidad de sobrecarga, alta eficiencia, alto factor de potencia, operaci\u00f3n estable, mantenimiento simple y fuerte intercambiabilidad.<\/p>","protected":false},"excerpt":{"rendered":"<ul>\n<li>Es un derivado del motor s\u00edncrono de im\u00e1n permanente trif\u00e1sico de la serie JPM.<\/li>\n<li>Alta capacidad de sobrecarga, alta eficiencia, alto factor de potencia.<\/li>\n<li>M\u00e9todo de enfriamiento: IC416.<\/li>\n<li>Tiene dos tipos de ExdbIIAT4Gb\u3001ExdbIIBT4Gb.<\/li>\n<\/ul>","protected":false},"featured_media":1389,"comment_status":"open","ping_status":"closed","template":"","meta":{"_acf_changed":false,"_mi_skip_tracking":false,"_monsterinsights_sitenote_active":false,"_monsterinsights_sitenote_note":"","_monsterinsights_sitenote_category":0},"product_cat":[26],"product_tag":[],"acf":[],"yoast_head":"<!-- This site is optimized with the Yoast SEO Premium plugin v21.6 (Yoast SEO v22.2) - https:\/\/yoast.com\/wordpress\/plugins\/seo\/ -->\n<title>JPMBP Series Flameproof Three Phase Permanent Magnet Synchronous Motor - Jiangtian Electric<\/title>\n<meta name=\"robots\" content=\"index, follow, max-snippet:-1, max-image-preview:large, max-video-preview:-1\" \/>\n<link rel=\"canonical\" href=\"https:\/\/www.zjjiangtian.com\/es\/producto\/motor-sincrono-de-iman-permanente-trifasico-ignifugo-serie-jpmbp\/\" \/>\n<meta property=\"og:locale\" content=\"es_ES\" \/>\n<meta property=\"og:type\" content=\"article\" \/>\n<meta property=\"og:title\" content=\"JPMBP Series Flameproof Three Phase Permanent Magnet Synchronous Motor\" \/>\n<meta property=\"og:description\" content=\"It is a derivative of JPM series three phase permanent magnet synchronous motor. High overload capacity, high efficiency, high power factor. Cooling method: IC416. It has two kinds of ExdbIIAT4Gb\u3001ExdbIIBT4Gb.\" \/>\n<meta property=\"og:url\" content=\"https:\/\/www.zjjiangtian.com\/es\/producto\/motor-sincrono-de-iman-permanente-trifasico-ignifugo-serie-jpmbp\/\" \/>\n<meta property=\"og:site_name\" content=\"Jiangtian Electric\" \/>\n<meta property=\"article:modified_time\" content=\"2024-06-09T05:44:46+00:00\" \/>\n<meta property=\"og:image\" content=\"https:\/\/www.zjjiangtian.com\/wp-content\/uploads\/2024\/03\/jpmbpgbth-63191-big-1.jpg\" \/>\n\t<meta property=\"og:image:width\" content=\"600\" \/>\n\t<meta property=\"og:image:height\" content=\"475\" \/>\n\t<meta property=\"og:image:type\" content=\"image\/jpeg\" \/>\n<meta name=\"twitter:card\" content=\"summary_large_image\" \/>\n<script type=\"application\/ld+json\" class=\"yoast-schema-graph\">{\"@context\":\"https:\/\/schema.org\",\"@graph\":[{\"@type\":\"WebPage\",\"@id\":\"https:\/\/www.zjjiangtian.com\/product\/jpmbp-series-flameproof-three-phase-permanent-magnet-synchronous-motor\/\",\"url\":\"https:\/\/www.zjjiangtian.com\/product\/jpmbp-series-flameproof-three-phase-permanent-magnet-synchronous-motor\/\",\"name\":\"JPMBP Series Flameproof Three Phase Permanent Magnet Synchronous Motor - Jiangtian Electric\",\"isPartOf\":{\"@id\":\"https:\/\/www.zjjiangtian.com\/#website\"},\"primaryImageOfPage\":{\"@id\":\"https:\/\/www.zjjiangtian.com\/product\/jpmbp-series-flameproof-three-phase-permanent-magnet-synchronous-motor\/#primaryimage\"},\"image\":{\"@id\":\"https:\/\/www.zjjiangtian.com\/product\/jpmbp-series-flameproof-three-phase-permanent-magnet-synchronous-motor\/#primaryimage\"},\"thumbnailUrl\":\"https:\/\/www.zjjiangtian.com\/wp-content\/uploads\/2024\/03\/jpmbpgbth-63191-big-1.jpg\",\"datePublished\":\"2024-03-23T15:05:13+00:00\",\"dateModified\":\"2024-06-09T05:44:46+00:00\",\"breadcrumb\":{\"@id\":\"https:\/\/www.zjjiangtian.com\/product\/jpmbp-series-flameproof-three-phase-permanent-magnet-synchronous-motor\/#breadcrumb\"},\"inLanguage\":\"es\",\"potentialAction\":[{\"@type\":\"ReadAction\",\"target\":[\"https:\/\/www.zjjiangtian.com\/product\/jpmbp-series-flameproof-three-phase-permanent-magnet-synchronous-motor\/\"]}]},{\"@type\":\"ImageObject\",\"inLanguage\":\"es\",\"@id\":\"https:\/\/www.zjjiangtian.com\/product\/jpmbp-series-flameproof-three-phase-permanent-magnet-synchronous-motor\/#primaryimage\",\"url\":\"https:\/\/www.zjjiangtian.com\/wp-content\/uploads\/2024\/03\/jpmbpgbth-63191-big-1.jpg\",\"contentUrl\":\"https:\/\/www.zjjiangtian.com\/wp-content\/uploads\/2024\/03\/jpmbpgbth-63191-big-1.jpg\",\"width\":600,\"height\":475},{\"@type\":\"BreadcrumbList\",\"@id\":\"https:\/\/www.zjjiangtian.com\/product\/jpmbp-series-flameproof-three-phase-permanent-magnet-synchronous-motor\/#breadcrumb\",\"itemListElement\":[{\"@type\":\"ListItem\",\"position\":1,\"name\":\"Home\",\"item\":\"https:\/\/www.zjjiangtian.com\/\"},{\"@type\":\"ListItem\",\"position\":2,\"name\":\"Products\",\"item\":\"https:\/\/www.zjjiangtian.com\/shop\/\"},{\"@type\":\"ListItem\",\"position\":3,\"name\":\"JPMBP Series Flameproof Three Phase Permanent Magnet Synchronous Motor\"}]},{\"@type\":\"WebSite\",\"@id\":\"https:\/\/www.zjjiangtian.com\/#website\",\"url\":\"https:\/\/www.zjjiangtian.com\/\",\"name\":\"Jiangtian Electric\",\"description\":\"\",\"publisher\":{\"@id\":\"https:\/\/www.zjjiangtian.com\/#organization\"},\"potentialAction\":[{\"@type\":\"SearchAction\",\"target\":{\"@type\":\"EntryPoint\",\"urlTemplate\":\"https:\/\/www.zjjiangtian.com\/?s={search_term_string}\"},\"query-input\":\"required name=search_term_string\"}],\"inLanguage\":\"es\"},{\"@type\":\"Organization\",\"@id\":\"https:\/\/www.zjjiangtian.com\/#organization\",\"name\":\"Jiangtian Electric\",\"url\":\"https:\/\/www.zjjiangtian.com\/\",\"logo\":{\"@type\":\"ImageObject\",\"inLanguage\":\"es\",\"@id\":\"https:\/\/www.zjjiangtian.com\/#\/schema\/logo\/image\/\",\"url\":\"https:\/\/www.zjjiangtian.com\/wp-content\/uploads\/2023\/10\/logo.webp\",\"contentUrl\":\"https:\/\/www.zjjiangtian.com\/wp-content\/uploads\/2023\/10\/logo.webp\",\"width\":269,\"height\":50,\"caption\":\"Jiangtian Electric\"},\"image\":{\"@id\":\"https:\/\/www.zjjiangtian.com\/#\/schema\/logo\/image\/\"}}]}<\/script>\n<!-- \/ Yoast SEO Premium plugin. -->","yoast_head_json":{"title":"JPMBP Series Flameproof Three Phase Permanent Magnet Synchronous Motor - Jiangtian Electric","robots":{"index":"index","follow":"follow","max-snippet":"max-snippet:-1","max-image-preview":"max-image-preview:large","max-video-preview":"max-video-preview:-1"},"canonical":"https:\/\/www.zjjiangtian.com\/es\/producto\/motor-sincrono-de-iman-permanente-trifasico-ignifugo-serie-jpmbp\/","og_locale":"es_ES","og_type":"article","og_title":"JPMBP Series Flameproof Three Phase Permanent Magnet Synchronous Motor","og_description":"It is a derivative of JPM series three phase permanent magnet synchronous motor. High overload capacity, high efficiency, high power factor. Cooling method: IC416. It has two kinds of ExdbIIAT4Gb\u3001ExdbIIBT4Gb.","og_url":"https:\/\/www.zjjiangtian.com\/es\/producto\/motor-sincrono-de-iman-permanente-trifasico-ignifugo-serie-jpmbp\/","og_site_name":"Jiangtian Electric","article_modified_time":"2024-06-09T05:44:46+00:00","og_image":[{"width":600,"height":475,"url":"https:\/\/www.zjjiangtian.com\/wp-content\/uploads\/2024\/03\/jpmbpgbth-63191-big-1.jpg","type":"image\/jpeg"}],"twitter_card":"summary_large_image","schema":{"@context":"https:\/\/schema.org","@graph":[{"@type":"WebPage","@id":"https:\/\/www.zjjiangtian.com\/product\/jpmbp-series-flameproof-three-phase-permanent-magnet-synchronous-motor\/","url":"https:\/\/www.zjjiangtian.com\/product\/jpmbp-series-flameproof-three-phase-permanent-magnet-synchronous-motor\/","name":"JPMBP Series Flameproof Three Phase Permanent Magnet Synchronous Motor - Jiangtian Electric","isPartOf":{"@id":"https:\/\/www.zjjiangtian.com\/#website"},"primaryImageOfPage":{"@id":"https:\/\/www.zjjiangtian.com\/product\/jpmbp-series-flameproof-three-phase-permanent-magnet-synchronous-motor\/#primaryimage"},"image":{"@id":"https:\/\/www.zjjiangtian.com\/product\/jpmbp-series-flameproof-three-phase-permanent-magnet-synchronous-motor\/#primaryimage"},"thumbnailUrl":"https:\/\/www.zjjiangtian.com\/wp-content\/uploads\/2024\/03\/jpmbpgbth-63191-big-1.jpg","datePublished":"2024-03-23T15:05:13+00:00","dateModified":"2024-06-09T05:44:46+00:00","breadcrumb":{"@id":"https:\/\/www.zjjiangtian.com\/product\/jpmbp-series-flameproof-three-phase-permanent-magnet-synchronous-motor\/#breadcrumb"},"inLanguage":"es","potentialAction":[{"@type":"ReadAction","target":["https:\/\/www.zjjiangtian.com\/product\/jpmbp-series-flameproof-three-phase-permanent-magnet-synchronous-motor\/"]}]},{"@type":"ImageObject","inLanguage":"es","@id":"https:\/\/www.zjjiangtian.com\/product\/jpmbp-series-flameproof-three-phase-permanent-magnet-synchronous-motor\/#primaryimage","url":"https:\/\/www.zjjiangtian.com\/wp-content\/uploads\/2024\/03\/jpmbpgbth-63191-big-1.jpg","contentUrl":"https:\/\/www.zjjiangtian.com\/wp-content\/uploads\/2024\/03\/jpmbpgbth-63191-big-1.jpg","width":600,"height":475},{"@type":"BreadcrumbList","@id":"https:\/\/www.zjjiangtian.com\/product\/jpmbp-series-flameproof-three-phase-permanent-magnet-synchronous-motor\/#breadcrumb","itemListElement":[{"@type":"ListItem","position":1,"name":"Home","item":"https:\/\/www.zjjiangtian.com\/"},{"@type":"ListItem","position":2,"name":"Products","item":"https:\/\/www.zjjiangtian.com\/shop\/"},{"@type":"ListItem","position":3,"name":"JPMBP Series Flameproof Three Phase Permanent Magnet Synchronous Motor"}]},{"@type":"WebSite","@id":"https:\/\/www.zjjiangtian.com\/#website","url":"https:\/\/www.zjjiangtian.com\/","name":"Jiangtian Electric","description":"","publisher":{"@id":"https:\/\/www.zjjiangtian.com\/#organization"},"potentialAction":[{"@type":"SearchAction","target":{"@type":"EntryPoint","urlTemplate":"https:\/\/www.zjjiangtian.com\/?s={search_term_string}"},"query-input":"required name=search_term_string"}],"inLanguage":"es"},{"@type":"Organization","@id":"https:\/\/www.zjjiangtian.com\/#organization","name":"Jiangtian Electric","url":"https:\/\/www.zjjiangtian.com\/","logo":{"@type":"ImageObject","inLanguage":"es","@id":"https:\/\/www.zjjiangtian.com\/#\/schema\/logo\/image\/","url":"https:\/\/www.zjjiangtian.com\/wp-content\/uploads\/2023\/10\/logo.webp","contentUrl":"https:\/\/www.zjjiangtian.com\/wp-content\/uploads\/2023\/10\/logo.webp","width":269,"height":50,"caption":"Jiangtian Electric"},"image":{"@id":"https:\/\/www.zjjiangtian.com\/#\/schema\/logo\/image\/"}}]}},"_links":{"self":[{"href":"https:\/\/www.zjjiangtian.com\/es\/wp-json\/wp\/v2\/product\/1390"}],"collection":[{"href":"https:\/\/www.zjjiangtian.com\/es\/wp-json\/wp\/v2\/product"}],"about":[{"href":"https:\/\/www.zjjiangtian.com\/es\/wp-json\/wp\/v2\/types\/product"}],"replies":[{"embeddable":true,"href":"https:\/\/www.zjjiangtian.com\/es\/wp-json\/wp\/v2\/comments?post=1390"}],"wp:featuredmedia":[{"embeddable":true,"href":"https:\/\/www.zjjiangtian.com\/es\/wp-json\/wp\/v2\/media\/1389"}],"wp:attachment":[{"href":"https:\/\/www.zjjiangtian.com\/es\/wp-json\/wp\/v2\/media?parent=1390"}],"wp:term":[{"taxonomy":"product_cat","embeddable":true,"href":"https:\/\/www.zjjiangtian.com\/es\/wp-json\/wp\/v2\/product_cat?post=1390"},{"taxonomy":"product_tag","embeddable":true,"href":"https:\/\/www.zjjiangtian.com\/es\/wp-json\/wp\/v2\/product_tag?post=1390"}],"curies":[{"name":"wp","href":"https:\/\/api.w.org\/{rel}","templated":true}]}}