{"id":1392,"date":"2024-03-23T15:05:13","date_gmt":"2024-03-23T15:05:13","guid":{"rendered":"https:\/\/www.zjjiangtian.com\/product\/yp-series-three-phase-permanent-magnet-synchronous-motor-horizontal-type-specially-designed-for-air-compressor\/"},"modified":"2024-06-09T05:44:47","modified_gmt":"2024-06-09T05:44:47","slug":"yp-series-three-phase-permanent-magnet-synchronous-motor-horizontal-type-specially-designed-for-air-compressor","status":"publish","type":"product","link":"https:\/\/www.zjjiangtian.com\/es\/producto\/motor-sincrono-de-iman-permanente-trifasico-serie-yp-tipo-horizontal-especialmente-disenado-para-compresor-de-aire\/","title":{"rendered":"Motor s\u00edncrono de im\u00e1n permanente trif\u00e1sico serie YP (tipo horizontal especialmente dise\u00f1ado para compresores de aire)"},"content":{"rendered":"<p>Motor s\u00edncrono de im\u00e1n permanente trif\u00e1sico serie YP (tipo horizontal especialmente dise\u00f1ado para compresor de aire): Esta serie es un motor s\u00edncrono de im\u00e1n permanente de tipo horizontal de conversi\u00f3n de frecuencia desarrollado independientemente por nuestra empresa para cabezal de m\u00e1quina bipolar horizontal. Bajo la premisa de alta eficiencia y alto factor de potencia del motor de im\u00e1n permanente, el rotor est\u00e1 conectado directamente al cabezal de la m\u00e1quina para reducir la p\u00e9rdida de transmisi\u00f3n y mejorar la eficiencia general.<\/p>","protected":false},"excerpt":{"rendered":"<ul>\n<li>Ranura especial del estator y estructura del rotor, l\u00e1mina de acero al silicio de baja p\u00e9rdida, material de im\u00e1n permanente de alta marca, alta tasa de utilizaci\u00f3n del campo magn\u00e9tico; la eficiencia del motor es mayor que el requisito de eficiencia energ\u00e9tica de primer nivel del est\u00e1ndar de eficiencia energ\u00e9tica gb30253-2013, y lejos superior a IE4.<\/li>\n<li>La estructura del motor es una estructura semicerrada. El calor interno del motor se transmite directamente a trav\u00e9s del intercambio de flujo de aire externo y la tasa de intercambio de calor es alta. La temperatura del devanado y el acero magn\u00e9tico son bajas.<\/li>\n<li>Dise\u00f1o de rendimiento de optimizaci\u00f3n profesional, peque\u00f1a inercia del motor, amplia frecuencia de funcionamiento, par de funcionamiento a baja velocidad sin fluctuaciones.<\/li>\n<li>Est\u00e1 especialmente dise\u00f1ado para cabezales de m\u00e1quinas bipolares horizontales.<\/li>\n<\/ul>","protected":false},"featured_media":1391,"comment_status":"open","ping_status":"closed","template":"","meta":{"_acf_changed":false,"_mi_skip_tracking":false,"_monsterinsights_sitenote_active":false,"_monsterinsights_sitenote_note":"","_monsterinsights_sitenote_category":0},"product_cat":[26],"product_tag":[],"acf":[],"yoast_head":"<!-- This site is optimized with the Yoast SEO Premium plugin v21.6 (Yoast SEO v22.2) - https:\/\/yoast.com\/wordpress\/plugins\/seo\/ -->\n<title>YP Series Three Phase Permanent Magnet Synchronous Motor (Horizontal Type Specially Designed For Air Compressor) - Jiangtian Electric<\/title>\n<meta name=\"robots\" content=\"index, follow, max-snippet:-1, max-image-preview:large, max-video-preview:-1\" \/>\n<link rel=\"canonical\" href=\"https:\/\/www.zjjiangtian.com\/es\/producto\/motor-sincrono-de-iman-permanente-trifasico-serie-yp-tipo-horizontal-especialmente-disenado-para-compresor-de-aire\/\" \/>\n<meta property=\"og:locale\" content=\"es_ES\" \/>\n<meta property=\"og:type\" content=\"article\" \/>\n<meta property=\"og:title\" content=\"YP Series Three Phase Permanent Magnet Synchronous Motor (Horizontal Type Specially Designed For Air Compressor)\" \/>\n<meta property=\"og:description\" content=\"Special stator slot and rotor structure,low loss silicon steel sheet,high brand permanent magnet material, high utilization rate of magnetic field;The motor efficiency is higher than the first-level energy efficiency requirement of the energy efficiency standard gb30253-2013, and far higher than IE4. The motor structure is semi-closed structure. The internal heat of the motor directly through the external air flow exchange and the heat exchange rate is high. The winding temperature and the magnetic steel are low. Professional optimization performance design, small motor inertia, wide operating frequency, low speed running torque smooth no fluctuation. It is specially designed for horizontal bipolar machine head.\" \/>\n<meta property=\"og:url\" content=\"https:\/\/www.zjjiangtian.com\/es\/producto\/motor-sincrono-de-iman-permanente-trifasico-serie-yp-tipo-horizontal-especialmente-disenado-para-compresor-de-aire\/\" \/>\n<meta property=\"og:site_name\" content=\"Jiangtian Electric\" \/>\n<meta property=\"article:modified_time\" content=\"2024-06-09T05:44:47+00:00\" \/>\n<meta property=\"og:image\" content=\"https:\/\/www.zjjiangtian.com\/wp-content\/uploads\/2024\/03\/ypxl-sp-63190-big-1.jpg\" \/>\n\t<meta property=\"og:image:width\" content=\"600\" \/>\n\t<meta property=\"og:image:height\" content=\"475\" \/>\n\t<meta property=\"og:image:type\" content=\"image\/jpeg\" \/>\n<meta name=\"twitter:card\" content=\"summary_large_image\" \/>\n<script type=\"application\/ld+json\" class=\"yoast-schema-graph\">{\"@context\":\"https:\/\/schema.org\",\"@graph\":[{\"@type\":\"WebPage\",\"@id\":\"https:\/\/www.zjjiangtian.com\/product\/yp-series-three-phase-permanent-magnet-synchronous-motor-horizontal-type-specially-designed-for-air-compressor\/\",\"url\":\"https:\/\/www.zjjiangtian.com\/product\/yp-series-three-phase-permanent-magnet-synchronous-motor-horizontal-type-specially-designed-for-air-compressor\/\",\"name\":\"YP Series Three Phase Permanent Magnet Synchronous Motor (Horizontal Type Specially Designed For Air Compressor) - Jiangtian Electric\",\"isPartOf\":{\"@id\":\"https:\/\/www.zjjiangtian.com\/#website\"},\"primaryImageOfPage\":{\"@id\":\"https:\/\/www.zjjiangtian.com\/product\/yp-series-three-phase-permanent-magnet-synchronous-motor-horizontal-type-specially-designed-for-air-compressor\/#primaryimage\"},\"image\":{\"@id\":\"https:\/\/www.zjjiangtian.com\/product\/yp-series-three-phase-permanent-magnet-synchronous-motor-horizontal-type-specially-designed-for-air-compressor\/#primaryimage\"},\"thumbnailUrl\":\"https:\/\/www.zjjiangtian.com\/wp-content\/uploads\/2024\/03\/ypxl-sp-63190-big-1.jpg\",\"datePublished\":\"2024-03-23T15:05:13+00:00\",\"dateModified\":\"2024-06-09T05:44:47+00:00\",\"breadcrumb\":{\"@id\":\"https:\/\/www.zjjiangtian.com\/product\/yp-series-three-phase-permanent-magnet-synchronous-motor-horizontal-type-specially-designed-for-air-compressor\/#breadcrumb\"},\"inLanguage\":\"es\",\"potentialAction\":[{\"@type\":\"ReadAction\",\"target\":[\"https:\/\/www.zjjiangtian.com\/product\/yp-series-three-phase-permanent-magnet-synchronous-motor-horizontal-type-specially-designed-for-air-compressor\/\"]}]},{\"@type\":\"ImageObject\",\"inLanguage\":\"es\",\"@id\":\"https:\/\/www.zjjiangtian.com\/product\/yp-series-three-phase-permanent-magnet-synchronous-motor-horizontal-type-specially-designed-for-air-compressor\/#primaryimage\",\"url\":\"https:\/\/www.zjjiangtian.com\/wp-content\/uploads\/2024\/03\/ypxl-sp-63190-big-1.jpg\",\"contentUrl\":\"https:\/\/www.zjjiangtian.com\/wp-content\/uploads\/2024\/03\/ypxl-sp-63190-big-1.jpg\",\"width\":600,\"height\":475},{\"@type\":\"BreadcrumbList\",\"@id\":\"https:\/\/www.zjjiangtian.com\/product\/yp-series-three-phase-permanent-magnet-synchronous-motor-horizontal-type-specially-designed-for-air-compressor\/#breadcrumb\",\"itemListElement\":[{\"@type\":\"ListItem\",\"position\":1,\"name\":\"Home\",\"item\":\"https:\/\/www.zjjiangtian.com\/\"},{\"@type\":\"ListItem\",\"position\":2,\"name\":\"Products\",\"item\":\"https:\/\/www.zjjiangtian.com\/shop\/\"},{\"@type\":\"ListItem\",\"position\":3,\"name\":\"YP Series Three Phase Permanent Magnet Synchronous Motor (Horizontal Type Specially Designed For Air Compressor)\"}]},{\"@type\":\"WebSite\",\"@id\":\"https:\/\/www.zjjiangtian.com\/#website\",\"url\":\"https:\/\/www.zjjiangtian.com\/\",\"name\":\"Jiangtian Electric\",\"description\":\"\",\"publisher\":{\"@id\":\"https:\/\/www.zjjiangtian.com\/#organization\"},\"potentialAction\":[{\"@type\":\"SearchAction\",\"target\":{\"@type\":\"EntryPoint\",\"urlTemplate\":\"https:\/\/www.zjjiangtian.com\/?s={search_term_string}\"},\"query-input\":\"required name=search_term_string\"}],\"inLanguage\":\"es\"},{\"@type\":\"Organization\",\"@id\":\"https:\/\/www.zjjiangtian.com\/#organization\",\"name\":\"Jiangtian Electric\",\"url\":\"https:\/\/www.zjjiangtian.com\/\",\"logo\":{\"@type\":\"ImageObject\",\"inLanguage\":\"es\",\"@id\":\"https:\/\/www.zjjiangtian.com\/#\/schema\/logo\/image\/\",\"url\":\"https:\/\/www.zjjiangtian.com\/wp-content\/uploads\/2023\/10\/logo.webp\",\"contentUrl\":\"https:\/\/www.zjjiangtian.com\/wp-content\/uploads\/2023\/10\/logo.webp\",\"width\":269,\"height\":50,\"caption\":\"Jiangtian Electric\"},\"image\":{\"@id\":\"https:\/\/www.zjjiangtian.com\/#\/schema\/logo\/image\/\"}}]}<\/script>\n<!-- \/ Yoast SEO Premium plugin. -->","yoast_head_json":{"title":"YP Series Three Phase Permanent Magnet Synchronous Motor (Horizontal Type Specially Designed For Air Compressor) - Jiangtian Electric","robots":{"index":"index","follow":"follow","max-snippet":"max-snippet:-1","max-image-preview":"max-image-preview:large","max-video-preview":"max-video-preview:-1"},"canonical":"https:\/\/www.zjjiangtian.com\/es\/producto\/motor-sincrono-de-iman-permanente-trifasico-serie-yp-tipo-horizontal-especialmente-disenado-para-compresor-de-aire\/","og_locale":"es_ES","og_type":"article","og_title":"YP Series Three Phase Permanent Magnet Synchronous Motor (Horizontal Type Specially Designed For Air Compressor)","og_description":"Special stator slot and rotor structure,low loss silicon steel sheet,high brand permanent magnet material, high utilization rate of magnetic field;The motor efficiency is higher than the first-level energy efficiency requirement of the energy efficiency standard gb30253-2013, and far higher than IE4. The motor structure is semi-closed structure. The internal heat of the motor directly through the external air flow exchange and the heat exchange rate is high. The winding temperature and the magnetic steel are low. Professional optimization performance design, small motor inertia, wide operating frequency, low speed running torque smooth no fluctuation. It is specially designed for horizontal bipolar machine head.","og_url":"https:\/\/www.zjjiangtian.com\/es\/producto\/motor-sincrono-de-iman-permanente-trifasico-serie-yp-tipo-horizontal-especialmente-disenado-para-compresor-de-aire\/","og_site_name":"Jiangtian Electric","article_modified_time":"2024-06-09T05:44:47+00:00","og_image":[{"width":600,"height":475,"url":"https:\/\/www.zjjiangtian.com\/wp-content\/uploads\/2024\/03\/ypxl-sp-63190-big-1.jpg","type":"image\/jpeg"}],"twitter_card":"summary_large_image","schema":{"@context":"https:\/\/schema.org","@graph":[{"@type":"WebPage","@id":"https:\/\/www.zjjiangtian.com\/product\/yp-series-three-phase-permanent-magnet-synchronous-motor-horizontal-type-specially-designed-for-air-compressor\/","url":"https:\/\/www.zjjiangtian.com\/product\/yp-series-three-phase-permanent-magnet-synchronous-motor-horizontal-type-specially-designed-for-air-compressor\/","name":"YP Series Three Phase Permanent Magnet Synchronous Motor (Horizontal Type Specially Designed For Air Compressor) - Jiangtian Electric","isPartOf":{"@id":"https:\/\/www.zjjiangtian.com\/#website"},"primaryImageOfPage":{"@id":"https:\/\/www.zjjiangtian.com\/product\/yp-series-three-phase-permanent-magnet-synchronous-motor-horizontal-type-specially-designed-for-air-compressor\/#primaryimage"},"image":{"@id":"https:\/\/www.zjjiangtian.com\/product\/yp-series-three-phase-permanent-magnet-synchronous-motor-horizontal-type-specially-designed-for-air-compressor\/#primaryimage"},"thumbnailUrl":"https:\/\/www.zjjiangtian.com\/wp-content\/uploads\/2024\/03\/ypxl-sp-63190-big-1.jpg","datePublished":"2024-03-23T15:05:13+00:00","dateModified":"2024-06-09T05:44:47+00:00","breadcrumb":{"@id":"https:\/\/www.zjjiangtian.com\/product\/yp-series-three-phase-permanent-magnet-synchronous-motor-horizontal-type-specially-designed-for-air-compressor\/#breadcrumb"},"inLanguage":"es","potentialAction":[{"@type":"ReadAction","target":["https:\/\/www.zjjiangtian.com\/product\/yp-series-three-phase-permanent-magnet-synchronous-motor-horizontal-type-specially-designed-for-air-compressor\/"]}]},{"@type":"ImageObject","inLanguage":"es","@id":"https:\/\/www.zjjiangtian.com\/product\/yp-series-three-phase-permanent-magnet-synchronous-motor-horizontal-type-specially-designed-for-air-compressor\/#primaryimage","url":"https:\/\/www.zjjiangtian.com\/wp-content\/uploads\/2024\/03\/ypxl-sp-63190-big-1.jpg","contentUrl":"https:\/\/www.zjjiangtian.com\/wp-content\/uploads\/2024\/03\/ypxl-sp-63190-big-1.jpg","width":600,"height":475},{"@type":"BreadcrumbList","@id":"https:\/\/www.zjjiangtian.com\/product\/yp-series-three-phase-permanent-magnet-synchronous-motor-horizontal-type-specially-designed-for-air-compressor\/#breadcrumb","itemListElement":[{"@type":"ListItem","position":1,"name":"Home","item":"https:\/\/www.zjjiangtian.com\/"},{"@type":"ListItem","position":2,"name":"Products","item":"https:\/\/www.zjjiangtian.com\/shop\/"},{"@type":"ListItem","position":3,"name":"YP Series Three Phase Permanent Magnet Synchronous Motor (Horizontal Type Specially Designed For Air Compressor)"}]},{"@type":"WebSite","@id":"https:\/\/www.zjjiangtian.com\/#website","url":"https:\/\/www.zjjiangtian.com\/","name":"Jiangtian Electric","description":"","publisher":{"@id":"https:\/\/www.zjjiangtian.com\/#organization"},"potentialAction":[{"@type":"SearchAction","target":{"@type":"EntryPoint","urlTemplate":"https:\/\/www.zjjiangtian.com\/?s={search_term_string}"},"query-input":"required name=search_term_string"}],"inLanguage":"es"},{"@type":"Organization","@id":"https:\/\/www.zjjiangtian.com\/#organization","name":"Jiangtian Electric","url":"https:\/\/www.zjjiangtian.com\/","logo":{"@type":"ImageObject","inLanguage":"es","@id":"https:\/\/www.zjjiangtian.com\/#\/schema\/logo\/image\/","url":"https:\/\/www.zjjiangtian.com\/wp-content\/uploads\/2023\/10\/logo.webp","contentUrl":"https:\/\/www.zjjiangtian.com\/wp-content\/uploads\/2023\/10\/logo.webp","width":269,"height":50,"caption":"Jiangtian Electric"},"image":{"@id":"https:\/\/www.zjjiangtian.com\/#\/schema\/logo\/image\/"}}]}},"_links":{"self":[{"href":"https:\/\/www.zjjiangtian.com\/es\/wp-json\/wp\/v2\/product\/1392"}],"collection":[{"href":"https:\/\/www.zjjiangtian.com\/es\/wp-json\/wp\/v2\/product"}],"about":[{"href":"https:\/\/www.zjjiangtian.com\/es\/wp-json\/wp\/v2\/types\/product"}],"replies":[{"embeddable":true,"href":"https:\/\/www.zjjiangtian.com\/es\/wp-json\/wp\/v2\/comments?post=1392"}],"wp:featuredmedia":[{"embeddable":true,"href":"https:\/\/www.zjjiangtian.com\/es\/wp-json\/wp\/v2\/media\/1391"}],"wp:attachment":[{"href":"https:\/\/www.zjjiangtian.com\/es\/wp-json\/wp\/v2\/media?parent=1392"}],"wp:term":[{"taxonomy":"product_cat","embeddable":true,"href":"https:\/\/www.zjjiangtian.com\/es\/wp-json\/wp\/v2\/product_cat?post=1392"},{"taxonomy":"product_tag","embeddable":true,"href":"https:\/\/www.zjjiangtian.com\/es\/wp-json\/wp\/v2\/product_tag?post=1392"}],"curies":[{"name":"wp","href":"https:\/\/api.w.org\/{rel}","templated":true}]}}