{"id":1398,"date":"2024-03-23T15:05:15","date_gmt":"2024-03-23T15:05:15","guid":{"rendered":"https:\/\/www.zjjiangtian.com\/product\/jpm-series-three-phase-permanent-magnet-synchronous-motor-specially-designed-for-air-compressor\/"},"modified":"2024-06-09T05:44:45","modified_gmt":"2024-06-09T05:44:45","slug":"jpm-series-three-phase-permanent-magnet-synchronous-motor-specially-designed-for-air-compressor","status":"publish","type":"product","link":"https:\/\/www.zjjiangtian.com\/es\/producto\/motor-sincrono-de-iman-permanente-trifasico-serie-jpm-especialmente-disenado-para-compresor-de-aire\/","title":{"rendered":"Motor s\u00edncrono de im\u00e1n permanente trif\u00e1sico serie JPM (especialmente dise\u00f1ado para compresores de aire)"},"content":{"rendered":"<p>Motor s\u00edncrono de im\u00e1n permanente trif\u00e1sico serie JPM (especialmente dise\u00f1ado para compresores de aire): esta serie est\u00e1 completamente cerrada con un motor s\u00edncrono de im\u00e1n permanente de tierras raras, especialmente dise\u00f1ado para compresores de aire. Tiene las ventajas de alta capacidad de sobrecarga, alta eficiencia, alto factor de potencia, operaci\u00f3n estable, mantenimiento simple y fuerte intercambiabilidad. El m\u00e9todo de enfriamiento es IC416\/IC411. El deber laboral es S1. El tipo de montaje cumple con las normas IEC y DIN.<\/p>","protected":false},"excerpt":{"rendered":"<ul>\n<li>Esta serie de motores es un motor que ahorra energ\u00eda para el compresor. El motor puede cambiar la velocidad con el volumen de gas y mantener una alta eficiencia en condiciones de carga y descarga.<\/li>\n<li>El margen real del motor es suficiente para garantizar el funcionamiento fiable del motor a plena carga con un bajo aumento de temperatura.<\/li>\n<li>Su rango de operaci\u00f3n eficiente es amplio y la eficiencia es superior a 90% en el rango de 25%~120%. La eficiencia es mayor que la palanca 1 de GB30253-2013.<\/li>\n<li>Se adapta perfectamente al compresor de aire, lo que aumenta la eficiencia general del compresor de aire mucho m\u00e1s que la eficiencia energ\u00e9tica de nivel 1 del est\u00e1ndar nacional.<\/li>\n<\/ul>","protected":false},"featured_media":1397,"comment_status":"open","ping_status":"closed","template":"","meta":{"_acf_changed":false,"_mi_skip_tracking":false,"_monsterinsights_sitenote_active":false,"_monsterinsights_sitenote_note":"","_monsterinsights_sitenote_category":0},"product_cat":[26],"product_tag":[],"acf":[],"yoast_head":"<!-- This site is optimized with the Yoast SEO Premium plugin v21.6 (Yoast SEO v22.2) - https:\/\/yoast.com\/wordpress\/plugins\/seo\/ -->\n<title>JPM Series Three Phase Permanent Magnet Synchronous Motor (Specially Designed For Air Compressor) - Jiangtian Electric<\/title>\n<meta name=\"robots\" content=\"index, follow, max-snippet:-1, max-image-preview:large, max-video-preview:-1\" \/>\n<link rel=\"canonical\" href=\"https:\/\/www.zjjiangtian.com\/es\/producto\/motor-sincrono-de-iman-permanente-trifasico-serie-jpm-especialmente-disenado-para-compresor-de-aire\/\" \/>\n<meta property=\"og:locale\" content=\"es_ES\" \/>\n<meta property=\"og:type\" content=\"article\" \/>\n<meta property=\"og:title\" content=\"JPM Series Three Phase Permanent Magnet Synchronous Motor (Specially Designed For Air Compressor)\" \/>\n<meta property=\"og:description\" content=\"This series of motors is an energy-saving motor for the compressor. The motor can change the speed with the gas volume and maintain high efficiency under loading and unloading conditions. The actual margin of the motor is sufficient to ensure the reliable operation of the motor at full load with low temperature rise. Its efficient operation range is wide and the efficiency is more than 90% in the range of 25%~120%. The efficiency is higher than the lever 1 of GB30253-2013. It is perfectly matching with the air compressor, boosting air compressor overall efficiency far more than the national standard level 1 energy efficiency.\" \/>\n<meta property=\"og:url\" content=\"https:\/\/www.zjjiangtian.com\/es\/producto\/motor-sincrono-de-iman-permanente-trifasico-serie-jpm-especialmente-disenado-para-compresor-de-aire\/\" \/>\n<meta property=\"og:site_name\" content=\"Jiangtian Electric\" \/>\n<meta property=\"article:modified_time\" content=\"2024-06-09T05:44:45+00:00\" \/>\n<meta property=\"og:image\" content=\"https:\/\/www.zjjiangtian.com\/wp-content\/uploads\/2024\/03\/jpmxl-kyjzy-63187-big-1.jpg\" \/>\n\t<meta property=\"og:image:width\" content=\"600\" \/>\n\t<meta property=\"og:image:height\" content=\"475\" \/>\n\t<meta property=\"og:image:type\" content=\"image\/jpeg\" \/>\n<meta name=\"twitter:card\" content=\"summary_large_image\" \/>\n<script type=\"application\/ld+json\" class=\"yoast-schema-graph\">{\"@context\":\"https:\/\/schema.org\",\"@graph\":[{\"@type\":\"WebPage\",\"@id\":\"https:\/\/www.zjjiangtian.com\/product\/jpm-series-three-phase-permanent-magnet-synchronous-motor-specially-designed-for-air-compressor\/\",\"url\":\"https:\/\/www.zjjiangtian.com\/product\/jpm-series-three-phase-permanent-magnet-synchronous-motor-specially-designed-for-air-compressor\/\",\"name\":\"JPM Series Three Phase Permanent Magnet Synchronous Motor (Specially Designed For Air Compressor) - Jiangtian Electric\",\"isPartOf\":{\"@id\":\"https:\/\/www.zjjiangtian.com\/#website\"},\"primaryImageOfPage\":{\"@id\":\"https:\/\/www.zjjiangtian.com\/product\/jpm-series-three-phase-permanent-magnet-synchronous-motor-specially-designed-for-air-compressor\/#primaryimage\"},\"image\":{\"@id\":\"https:\/\/www.zjjiangtian.com\/product\/jpm-series-three-phase-permanent-magnet-synchronous-motor-specially-designed-for-air-compressor\/#primaryimage\"},\"thumbnailUrl\":\"https:\/\/www.zjjiangtian.com\/wp-content\/uploads\/2024\/03\/jpmxl-kyjzy-63187-big-1.jpg\",\"datePublished\":\"2024-03-23T15:05:15+00:00\",\"dateModified\":\"2024-06-09T05:44:45+00:00\",\"breadcrumb\":{\"@id\":\"https:\/\/www.zjjiangtian.com\/product\/jpm-series-three-phase-permanent-magnet-synchronous-motor-specially-designed-for-air-compressor\/#breadcrumb\"},\"inLanguage\":\"es\",\"potentialAction\":[{\"@type\":\"ReadAction\",\"target\":[\"https:\/\/www.zjjiangtian.com\/product\/jpm-series-three-phase-permanent-magnet-synchronous-motor-specially-designed-for-air-compressor\/\"]}]},{\"@type\":\"ImageObject\",\"inLanguage\":\"es\",\"@id\":\"https:\/\/www.zjjiangtian.com\/product\/jpm-series-three-phase-permanent-magnet-synchronous-motor-specially-designed-for-air-compressor\/#primaryimage\",\"url\":\"https:\/\/www.zjjiangtian.com\/wp-content\/uploads\/2024\/03\/jpmxl-kyjzy-63187-big-1.jpg\",\"contentUrl\":\"https:\/\/www.zjjiangtian.com\/wp-content\/uploads\/2024\/03\/jpmxl-kyjzy-63187-big-1.jpg\",\"width\":600,\"height\":475},{\"@type\":\"BreadcrumbList\",\"@id\":\"https:\/\/www.zjjiangtian.com\/product\/jpm-series-three-phase-permanent-magnet-synchronous-motor-specially-designed-for-air-compressor\/#breadcrumb\",\"itemListElement\":[{\"@type\":\"ListItem\",\"position\":1,\"name\":\"Home\",\"item\":\"https:\/\/www.zjjiangtian.com\/\"},{\"@type\":\"ListItem\",\"position\":2,\"name\":\"Products\",\"item\":\"https:\/\/www.zjjiangtian.com\/shop\/\"},{\"@type\":\"ListItem\",\"position\":3,\"name\":\"JPM Series Three Phase Permanent Magnet Synchronous Motor (Specially Designed For Air Compressor)\"}]},{\"@type\":\"WebSite\",\"@id\":\"https:\/\/www.zjjiangtian.com\/#website\",\"url\":\"https:\/\/www.zjjiangtian.com\/\",\"name\":\"Jiangtian Electric\",\"description\":\"\",\"publisher\":{\"@id\":\"https:\/\/www.zjjiangtian.com\/#organization\"},\"potentialAction\":[{\"@type\":\"SearchAction\",\"target\":{\"@type\":\"EntryPoint\",\"urlTemplate\":\"https:\/\/www.zjjiangtian.com\/?s={search_term_string}\"},\"query-input\":\"required name=search_term_string\"}],\"inLanguage\":\"es\"},{\"@type\":\"Organization\",\"@id\":\"https:\/\/www.zjjiangtian.com\/#organization\",\"name\":\"Jiangtian Electric\",\"url\":\"https:\/\/www.zjjiangtian.com\/\",\"logo\":{\"@type\":\"ImageObject\",\"inLanguage\":\"es\",\"@id\":\"https:\/\/www.zjjiangtian.com\/#\/schema\/logo\/image\/\",\"url\":\"https:\/\/www.zjjiangtian.com\/wp-content\/uploads\/2023\/10\/logo.webp\",\"contentUrl\":\"https:\/\/www.zjjiangtian.com\/wp-content\/uploads\/2023\/10\/logo.webp\",\"width\":269,\"height\":50,\"caption\":\"Jiangtian Electric\"},\"image\":{\"@id\":\"https:\/\/www.zjjiangtian.com\/#\/schema\/logo\/image\/\"}}]}<\/script>\n<!-- \/ Yoast SEO Premium plugin. -->","yoast_head_json":{"title":"JPM Series Three Phase Permanent Magnet Synchronous Motor (Specially Designed For Air Compressor) - Jiangtian Electric","robots":{"index":"index","follow":"follow","max-snippet":"max-snippet:-1","max-image-preview":"max-image-preview:large","max-video-preview":"max-video-preview:-1"},"canonical":"https:\/\/www.zjjiangtian.com\/es\/producto\/motor-sincrono-de-iman-permanente-trifasico-serie-jpm-especialmente-disenado-para-compresor-de-aire\/","og_locale":"es_ES","og_type":"article","og_title":"JPM Series Three Phase Permanent Magnet Synchronous Motor (Specially Designed For Air Compressor)","og_description":"This series of motors is an energy-saving motor for the compressor. The motor can change the speed with the gas volume and maintain high efficiency under loading and unloading conditions. The actual margin of the motor is sufficient to ensure the reliable operation of the motor at full load with low temperature rise. Its efficient operation range is wide and the efficiency is more than 90% in the range of 25%~120%. The efficiency is higher than the lever 1 of GB30253-2013. It is perfectly matching with the air compressor, boosting air compressor overall efficiency far more than the national standard level 1 energy efficiency.","og_url":"https:\/\/www.zjjiangtian.com\/es\/producto\/motor-sincrono-de-iman-permanente-trifasico-serie-jpm-especialmente-disenado-para-compresor-de-aire\/","og_site_name":"Jiangtian Electric","article_modified_time":"2024-06-09T05:44:45+00:00","og_image":[{"width":600,"height":475,"url":"https:\/\/www.zjjiangtian.com\/wp-content\/uploads\/2024\/03\/jpmxl-kyjzy-63187-big-1.jpg","type":"image\/jpeg"}],"twitter_card":"summary_large_image","schema":{"@context":"https:\/\/schema.org","@graph":[{"@type":"WebPage","@id":"https:\/\/www.zjjiangtian.com\/product\/jpm-series-three-phase-permanent-magnet-synchronous-motor-specially-designed-for-air-compressor\/","url":"https:\/\/www.zjjiangtian.com\/product\/jpm-series-three-phase-permanent-magnet-synchronous-motor-specially-designed-for-air-compressor\/","name":"JPM Series Three Phase Permanent Magnet Synchronous Motor (Specially Designed For Air Compressor) - Jiangtian Electric","isPartOf":{"@id":"https:\/\/www.zjjiangtian.com\/#website"},"primaryImageOfPage":{"@id":"https:\/\/www.zjjiangtian.com\/product\/jpm-series-three-phase-permanent-magnet-synchronous-motor-specially-designed-for-air-compressor\/#primaryimage"},"image":{"@id":"https:\/\/www.zjjiangtian.com\/product\/jpm-series-three-phase-permanent-magnet-synchronous-motor-specially-designed-for-air-compressor\/#primaryimage"},"thumbnailUrl":"https:\/\/www.zjjiangtian.com\/wp-content\/uploads\/2024\/03\/jpmxl-kyjzy-63187-big-1.jpg","datePublished":"2024-03-23T15:05:15+00:00","dateModified":"2024-06-09T05:44:45+00:00","breadcrumb":{"@id":"https:\/\/www.zjjiangtian.com\/product\/jpm-series-three-phase-permanent-magnet-synchronous-motor-specially-designed-for-air-compressor\/#breadcrumb"},"inLanguage":"es","potentialAction":[{"@type":"ReadAction","target":["https:\/\/www.zjjiangtian.com\/product\/jpm-series-three-phase-permanent-magnet-synchronous-motor-specially-designed-for-air-compressor\/"]}]},{"@type":"ImageObject","inLanguage":"es","@id":"https:\/\/www.zjjiangtian.com\/product\/jpm-series-three-phase-permanent-magnet-synchronous-motor-specially-designed-for-air-compressor\/#primaryimage","url":"https:\/\/www.zjjiangtian.com\/wp-content\/uploads\/2024\/03\/jpmxl-kyjzy-63187-big-1.jpg","contentUrl":"https:\/\/www.zjjiangtian.com\/wp-content\/uploads\/2024\/03\/jpmxl-kyjzy-63187-big-1.jpg","width":600,"height":475},{"@type":"BreadcrumbList","@id":"https:\/\/www.zjjiangtian.com\/product\/jpm-series-three-phase-permanent-magnet-synchronous-motor-specially-designed-for-air-compressor\/#breadcrumb","itemListElement":[{"@type":"ListItem","position":1,"name":"Home","item":"https:\/\/www.zjjiangtian.com\/"},{"@type":"ListItem","position":2,"name":"Products","item":"https:\/\/www.zjjiangtian.com\/shop\/"},{"@type":"ListItem","position":3,"name":"JPM Series Three Phase Permanent Magnet Synchronous Motor (Specially Designed For Air Compressor)"}]},{"@type":"WebSite","@id":"https:\/\/www.zjjiangtian.com\/#website","url":"https:\/\/www.zjjiangtian.com\/","name":"Jiangtian Electric","description":"","publisher":{"@id":"https:\/\/www.zjjiangtian.com\/#organization"},"potentialAction":[{"@type":"SearchAction","target":{"@type":"EntryPoint","urlTemplate":"https:\/\/www.zjjiangtian.com\/?s={search_term_string}"},"query-input":"required name=search_term_string"}],"inLanguage":"es"},{"@type":"Organization","@id":"https:\/\/www.zjjiangtian.com\/#organization","name":"Jiangtian Electric","url":"https:\/\/www.zjjiangtian.com\/","logo":{"@type":"ImageObject","inLanguage":"es","@id":"https:\/\/www.zjjiangtian.com\/#\/schema\/logo\/image\/","url":"https:\/\/www.zjjiangtian.com\/wp-content\/uploads\/2023\/10\/logo.webp","contentUrl":"https:\/\/www.zjjiangtian.com\/wp-content\/uploads\/2023\/10\/logo.webp","width":269,"height":50,"caption":"Jiangtian Electric"},"image":{"@id":"https:\/\/www.zjjiangtian.com\/#\/schema\/logo\/image\/"}}]}},"_links":{"self":[{"href":"https:\/\/www.zjjiangtian.com\/es\/wp-json\/wp\/v2\/product\/1398"}],"collection":[{"href":"https:\/\/www.zjjiangtian.com\/es\/wp-json\/wp\/v2\/product"}],"about":[{"href":"https:\/\/www.zjjiangtian.com\/es\/wp-json\/wp\/v2\/types\/product"}],"replies":[{"embeddable":true,"href":"https:\/\/www.zjjiangtian.com\/es\/wp-json\/wp\/v2\/comments?post=1398"}],"wp:featuredmedia":[{"embeddable":true,"href":"https:\/\/www.zjjiangtian.com\/es\/wp-json\/wp\/v2\/media\/1397"}],"wp:attachment":[{"href":"https:\/\/www.zjjiangtian.com\/es\/wp-json\/wp\/v2\/media?parent=1398"}],"wp:term":[{"taxonomy":"product_cat","embeddable":true,"href":"https:\/\/www.zjjiangtian.com\/es\/wp-json\/wp\/v2\/product_cat?post=1398"},{"taxonomy":"product_tag","embeddable":true,"href":"https:\/\/www.zjjiangtian.com\/es\/wp-json\/wp\/v2\/product_tag?post=1398"}],"curies":[{"name":"wp","href":"https:\/\/api.w.org\/{rel}","templated":true}]}}