{"id":1404,"date":"2024-03-23T15:05:17","date_gmt":"2024-03-23T15:05:17","guid":{"rendered":"https:\/\/www.zjjiangtian.com\/product\/ybt-series-flameproof-three-phase-asynchronous-motor\/"},"modified":"2024-09-19T01:06:16","modified_gmt":"2024-09-19T01:06:16","slug":"ybx3-series-flameproof-three-phase-asynchronous-motor","status":"publish","type":"product","link":"https:\/\/www.zjjiangtian.com\/es\/producto\/motor-asincrono-trifasico-ignifugo-serie-ybt\/","title":{"rendered":"Motor as\u00edncrono trif\u00e1sico a prueba de llamas serie YBX3"},"content":{"rendered":"<p>Motor as\u00edncrono trif\u00e1sico ign\u00edfugo de la serie YBX3: Este motor de la serie es un motor ign\u00edfugo especialmente dise\u00f1ado por nuestra empresa para entornos con gases explosivos. Tambi\u00e9n cumple con el nivel 3 de l\u00edmite de eficiencia energ\u00e9tica de la norma GB18613-2020.<\/p>","protected":false},"excerpt":{"rendered":"<ul>\n<li>Un tipo ign\u00edfugo especialmente dise\u00f1ado para ambientes con gases explosivos.<\/li>\n<li>Temperatura de trabajo: -15 ~ 40\u00b0C, altitud: por debajo de 1000M.<\/li>\n<li>Puede cumplir con el nivel de l\u00edmite de eficiencia energ\u00e9tica 3 del est\u00e1ndar GB18613-2020.<\/li>\n<li>Tiene dos tipos de ExdbIIAT4Gb\u3001ExdbIIBT4Gb.<\/li>\n<\/ul>","protected":false},"featured_media":1403,"comment_status":"open","ping_status":"closed","template":"","meta":{"_acf_changed":false,"_mi_skip_tracking":false,"_monsterinsights_sitenote_active":false,"_monsterinsights_sitenote_note":"","_monsterinsights_sitenote_category":0},"product_cat":[27],"product_tag":[],"acf":[],"yoast_head":"<!-- This site is optimized with the Yoast SEO Premium plugin v21.6 (Yoast SEO v22.2) - https:\/\/yoast.com\/wordpress\/plugins\/seo\/ -->\n<title>YBX3 Series Flameproof Three Phase Asynchronous Motor - Jiangtian Electric<\/title>\n<meta name=\"robots\" content=\"index, follow, max-snippet:-1, max-image-preview:large, max-video-preview:-1\" \/>\n<link rel=\"canonical\" href=\"https:\/\/www.zjjiangtian.com\/es\/producto\/motor-asincrono-trifasico-ignifugo-serie-ybt\/\" \/>\n<meta property=\"og:locale\" content=\"es_ES\" \/>\n<meta property=\"og:type\" content=\"article\" \/>\n<meta property=\"og:title\" content=\"YBX3 Series Flameproof Three Phase Asynchronous Motor\" \/>\n<meta property=\"og:description\" content=\"A flameproof type specially designed for explosive gas environment.  Working temperature:-15~40\u00b0C,altitude:below 1000M.  It can meet energy efficiency limit level 3 of GB18613-2020 standard.  It has two kinds of ExdbIIAT4Gb\u3001ExdbIIBT4Gb.\" \/>\n<meta property=\"og:url\" content=\"https:\/\/www.zjjiangtian.com\/es\/producto\/motor-asincrono-trifasico-ignifugo-serie-ybt\/\" \/>\n<meta property=\"og:site_name\" content=\"Jiangtian Electric\" \/>\n<meta property=\"article:modified_time\" content=\"2024-09-19T01:06:16+00:00\" \/>\n<meta property=\"og:image\" content=\"https:\/\/www.zjjiangtian.com\/wp-content\/uploads\/2024\/03\/ybtxlth-63178-big-1.jpg\" \/>\n\t<meta property=\"og:image:width\" content=\"600\" \/>\n\t<meta property=\"og:image:height\" content=\"475\" \/>\n\t<meta property=\"og:image:type\" content=\"image\/jpeg\" \/>\n<meta name=\"twitter:card\" content=\"summary_large_image\" \/>\n<meta name=\"twitter:label1\" content=\"Tiempo de lectura\" \/>\n\t<meta name=\"twitter:data1\" content=\"1 minuto\" \/>\n<script type=\"application\/ld+json\" class=\"yoast-schema-graph\">{\"@context\":\"https:\/\/schema.org\",\"@graph\":[{\"@type\":\"WebPage\",\"@id\":\"https:\/\/www.zjjiangtian.com\/product\/ybx3-series-flameproof-three-phase-asynchronous-motor\/\",\"url\":\"https:\/\/www.zjjiangtian.com\/product\/ybx3-series-flameproof-three-phase-asynchronous-motor\/\",\"name\":\"YBX3 Series Flameproof Three Phase Asynchronous Motor - Jiangtian Electric\",\"isPartOf\":{\"@id\":\"https:\/\/www.zjjiangtian.com\/#website\"},\"primaryImageOfPage\":{\"@id\":\"https:\/\/www.zjjiangtian.com\/product\/ybx3-series-flameproof-three-phase-asynchronous-motor\/#primaryimage\"},\"image\":{\"@id\":\"https:\/\/www.zjjiangtian.com\/product\/ybx3-series-flameproof-three-phase-asynchronous-motor\/#primaryimage\"},\"thumbnailUrl\":\"https:\/\/www.zjjiangtian.com\/wp-content\/uploads\/2024\/03\/ybtxlth-63178-big-1.jpg\",\"datePublished\":\"2024-03-23T15:05:17+00:00\",\"dateModified\":\"2024-09-19T01:06:16+00:00\",\"breadcrumb\":{\"@id\":\"https:\/\/www.zjjiangtian.com\/product\/ybx3-series-flameproof-three-phase-asynchronous-motor\/#breadcrumb\"},\"inLanguage\":\"es\",\"potentialAction\":[{\"@type\":\"ReadAction\",\"target\":[\"https:\/\/www.zjjiangtian.com\/product\/ybx3-series-flameproof-three-phase-asynchronous-motor\/\"]}]},{\"@type\":\"ImageObject\",\"inLanguage\":\"es\",\"@id\":\"https:\/\/www.zjjiangtian.com\/product\/ybx3-series-flameproof-three-phase-asynchronous-motor\/#primaryimage\",\"url\":\"https:\/\/www.zjjiangtian.com\/wp-content\/uploads\/2024\/03\/ybtxlth-63178-big-1.jpg\",\"contentUrl\":\"https:\/\/www.zjjiangtian.com\/wp-content\/uploads\/2024\/03\/ybtxlth-63178-big-1.jpg\",\"width\":600,\"height\":475},{\"@type\":\"BreadcrumbList\",\"@id\":\"https:\/\/www.zjjiangtian.com\/product\/ybx3-series-flameproof-three-phase-asynchronous-motor\/#breadcrumb\",\"itemListElement\":[{\"@type\":\"ListItem\",\"position\":1,\"name\":\"Home\",\"item\":\"https:\/\/www.zjjiangtian.com\/\"},{\"@type\":\"ListItem\",\"position\":2,\"name\":\"Products\",\"item\":\"https:\/\/www.zjjiangtian.com\/shop\/\"},{\"@type\":\"ListItem\",\"position\":3,\"name\":\"YBX3 Series Flameproof Three Phase Asynchronous Motor\"}]},{\"@type\":\"WebSite\",\"@id\":\"https:\/\/www.zjjiangtian.com\/#website\",\"url\":\"https:\/\/www.zjjiangtian.com\/\",\"name\":\"Jiangtian Electric\",\"description\":\"\",\"publisher\":{\"@id\":\"https:\/\/www.zjjiangtian.com\/#organization\"},\"potentialAction\":[{\"@type\":\"SearchAction\",\"target\":{\"@type\":\"EntryPoint\",\"urlTemplate\":\"https:\/\/www.zjjiangtian.com\/?s={search_term_string}\"},\"query-input\":\"required name=search_term_string\"}],\"inLanguage\":\"es\"},{\"@type\":\"Organization\",\"@id\":\"https:\/\/www.zjjiangtian.com\/#organization\",\"name\":\"Jiangtian Electric\",\"url\":\"https:\/\/www.zjjiangtian.com\/\",\"logo\":{\"@type\":\"ImageObject\",\"inLanguage\":\"es\",\"@id\":\"https:\/\/www.zjjiangtian.com\/#\/schema\/logo\/image\/\",\"url\":\"https:\/\/www.zjjiangtian.com\/wp-content\/uploads\/2023\/10\/logo.webp\",\"contentUrl\":\"https:\/\/www.zjjiangtian.com\/wp-content\/uploads\/2023\/10\/logo.webp\",\"width\":269,\"height\":50,\"caption\":\"Jiangtian Electric\"},\"image\":{\"@id\":\"https:\/\/www.zjjiangtian.com\/#\/schema\/logo\/image\/\"}}]}<\/script>\n<!-- \/ Yoast SEO Premium plugin. -->","yoast_head_json":{"title":"YBX3 Series Flameproof Three Phase Asynchronous Motor - Jiangtian Electric","robots":{"index":"index","follow":"follow","max-snippet":"max-snippet:-1","max-image-preview":"max-image-preview:large","max-video-preview":"max-video-preview:-1"},"canonical":"https:\/\/www.zjjiangtian.com\/es\/producto\/motor-asincrono-trifasico-ignifugo-serie-ybt\/","og_locale":"es_ES","og_type":"article","og_title":"YBX3 Series Flameproof Three Phase Asynchronous Motor","og_description":"A flameproof type specially designed for explosive gas environment.  Working temperature:-15~40\u00b0C,altitude:below 1000M.  It can meet energy efficiency limit level 3 of GB18613-2020 standard.  It has two kinds of ExdbIIAT4Gb\u3001ExdbIIBT4Gb.","og_url":"https:\/\/www.zjjiangtian.com\/es\/producto\/motor-asincrono-trifasico-ignifugo-serie-ybt\/","og_site_name":"Jiangtian Electric","article_modified_time":"2024-09-19T01:06:16+00:00","og_image":[{"width":600,"height":475,"url":"https:\/\/www.zjjiangtian.com\/wp-content\/uploads\/2024\/03\/ybtxlth-63178-big-1.jpg","type":"image\/jpeg"}],"twitter_card":"summary_large_image","twitter_misc":{"Tiempo de lectura":"1 minuto"},"schema":{"@context":"https:\/\/schema.org","@graph":[{"@type":"WebPage","@id":"https:\/\/www.zjjiangtian.com\/product\/ybx3-series-flameproof-three-phase-asynchronous-motor\/","url":"https:\/\/www.zjjiangtian.com\/product\/ybx3-series-flameproof-three-phase-asynchronous-motor\/","name":"YBX3 Series Flameproof Three Phase Asynchronous Motor - Jiangtian Electric","isPartOf":{"@id":"https:\/\/www.zjjiangtian.com\/#website"},"primaryImageOfPage":{"@id":"https:\/\/www.zjjiangtian.com\/product\/ybx3-series-flameproof-three-phase-asynchronous-motor\/#primaryimage"},"image":{"@id":"https:\/\/www.zjjiangtian.com\/product\/ybx3-series-flameproof-three-phase-asynchronous-motor\/#primaryimage"},"thumbnailUrl":"https:\/\/www.zjjiangtian.com\/wp-content\/uploads\/2024\/03\/ybtxlth-63178-big-1.jpg","datePublished":"2024-03-23T15:05:17+00:00","dateModified":"2024-09-19T01:06:16+00:00","breadcrumb":{"@id":"https:\/\/www.zjjiangtian.com\/product\/ybx3-series-flameproof-three-phase-asynchronous-motor\/#breadcrumb"},"inLanguage":"es","potentialAction":[{"@type":"ReadAction","target":["https:\/\/www.zjjiangtian.com\/product\/ybx3-series-flameproof-three-phase-asynchronous-motor\/"]}]},{"@type":"ImageObject","inLanguage":"es","@id":"https:\/\/www.zjjiangtian.com\/product\/ybx3-series-flameproof-three-phase-asynchronous-motor\/#primaryimage","url":"https:\/\/www.zjjiangtian.com\/wp-content\/uploads\/2024\/03\/ybtxlth-63178-big-1.jpg","contentUrl":"https:\/\/www.zjjiangtian.com\/wp-content\/uploads\/2024\/03\/ybtxlth-63178-big-1.jpg","width":600,"height":475},{"@type":"BreadcrumbList","@id":"https:\/\/www.zjjiangtian.com\/product\/ybx3-series-flameproof-three-phase-asynchronous-motor\/#breadcrumb","itemListElement":[{"@type":"ListItem","position":1,"name":"Home","item":"https:\/\/www.zjjiangtian.com\/"},{"@type":"ListItem","position":2,"name":"Products","item":"https:\/\/www.zjjiangtian.com\/shop\/"},{"@type":"ListItem","position":3,"name":"YBX3 Series Flameproof Three Phase Asynchronous Motor"}]},{"@type":"WebSite","@id":"https:\/\/www.zjjiangtian.com\/#website","url":"https:\/\/www.zjjiangtian.com\/","name":"Jiangtian Electric","description":"","publisher":{"@id":"https:\/\/www.zjjiangtian.com\/#organization"},"potentialAction":[{"@type":"SearchAction","target":{"@type":"EntryPoint","urlTemplate":"https:\/\/www.zjjiangtian.com\/?s={search_term_string}"},"query-input":"required name=search_term_string"}],"inLanguage":"es"},{"@type":"Organization","@id":"https:\/\/www.zjjiangtian.com\/#organization","name":"Jiangtian Electric","url":"https:\/\/www.zjjiangtian.com\/","logo":{"@type":"ImageObject","inLanguage":"es","@id":"https:\/\/www.zjjiangtian.com\/#\/schema\/logo\/image\/","url":"https:\/\/www.zjjiangtian.com\/wp-content\/uploads\/2023\/10\/logo.webp","contentUrl":"https:\/\/www.zjjiangtian.com\/wp-content\/uploads\/2023\/10\/logo.webp","width":269,"height":50,"caption":"Jiangtian Electric"},"image":{"@id":"https:\/\/www.zjjiangtian.com\/#\/schema\/logo\/image\/"}}]}},"_links":{"self":[{"href":"https:\/\/www.zjjiangtian.com\/es\/wp-json\/wp\/v2\/product\/1404"}],"collection":[{"href":"https:\/\/www.zjjiangtian.com\/es\/wp-json\/wp\/v2\/product"}],"about":[{"href":"https:\/\/www.zjjiangtian.com\/es\/wp-json\/wp\/v2\/types\/product"}],"replies":[{"embeddable":true,"href":"https:\/\/www.zjjiangtian.com\/es\/wp-json\/wp\/v2\/comments?post=1404"}],"wp:featuredmedia":[{"embeddable":true,"href":"https:\/\/www.zjjiangtian.com\/es\/wp-json\/wp\/v2\/media\/1403"}],"wp:attachment":[{"href":"https:\/\/www.zjjiangtian.com\/es\/wp-json\/wp\/v2\/media?parent=1404"}],"wp:term":[{"taxonomy":"product_cat","embeddable":true,"href":"https:\/\/www.zjjiangtian.com\/es\/wp-json\/wp\/v2\/product_cat?post=1404"},{"taxonomy":"product_tag","embeddable":true,"href":"https:\/\/www.zjjiangtian.com\/es\/wp-json\/wp\/v2\/product_tag?post=1404"}],"curies":[{"name":"wp","href":"https:\/\/api.w.org\/{rel}","templated":true}]}}