{"id":1412,"date":"2024-03-23T15:05:20","date_gmt":"2024-03-23T15:05:20","guid":{"rendered":"https:\/\/www.zjjiangtian.com\/product\/ye3-series-three-phase-asynchronous-motor-specially-designed-for-air-compressor\/"},"modified":"2024-06-09T05:43:40","modified_gmt":"2024-06-09T05:43:40","slug":"ye3-series-three-phase-asynchronous-motor-specially-designed-for-air-compressor","status":"publish","type":"product","link":"https:\/\/www.zjjiangtian.com\/es\/producto\/motor-asincrono-trifasico-serie-ye3-especialmente-disenado-para-compresor-de-aire\/","title":{"rendered":"Motor as\u00edncrono trif\u00e1sico serie YE3 (especialmente dise\u00f1ado para compresores de aire)"},"content":{"rendered":"<p>Motor as\u00edncrono trif\u00e1sico serie YE3 (especialmente dise\u00f1ado para compresores de aire): esta serie est\u00e1 dise\u00f1ada y desarrollada sobre la base de los motores de la serie YE3 para aplicaciones en condiciones especiales de trabajo de compresores de aire. El cableado principal se puede personalizar con protecci\u00f3n de funda de cable, con roscas de tubo en ambos extremos. Tambi\u00e9n cumple con el l\u00edmite de eficiencia energ\u00e9tica nivel 3 del est\u00e1ndar GB18613-2020.<\/p>","protected":false},"excerpt":{"rendered":"<ul>\n<li>Dise\u00f1ado y desarrollado para la aplicaci\u00f3n en condiciones especiales de trabajo de compresores de aire.<\/li>\n<li>Factor de servicio: SF1.15-SF1.3.<\/li>\n<li>Puede cumplir con el nivel 3 del l\u00edmite de eficiencia energ\u00e9tica del est\u00e1ndar GB18613-2020.<\/li>\n<li>El cableado principal se puede personalizar con protecci\u00f3n de funda de cable, con roscas de tubo en ambos extremos. <\/li>\n<\/ul>","protected":false},"featured_media":1411,"comment_status":"open","ping_status":"closed","template":"","meta":{"_acf_changed":false,"_mi_skip_tracking":false,"_monsterinsights_sitenote_active":false,"_monsterinsights_sitenote_note":"","_monsterinsights_sitenote_category":0},"product_cat":[28],"product_tag":[],"acf":[],"yoast_head":"<!-- This site is optimized with the Yoast SEO Premium plugin v21.6 (Yoast SEO v22.2) - https:\/\/yoast.com\/wordpress\/plugins\/seo\/ -->\n<title>YE3 Series Three Phase Asynchronous Motor (Specially Designed For Air Compressor) - Jiangtian Electric<\/title>\n<meta name=\"robots\" content=\"index, follow, max-snippet:-1, max-image-preview:large, max-video-preview:-1\" \/>\n<link rel=\"canonical\" href=\"https:\/\/www.zjjiangtian.com\/es\/producto\/motor-asincrono-trifasico-serie-ye3-especialmente-disenado-para-compresor-de-aire\/\" \/>\n<meta property=\"og:locale\" content=\"es_ES\" \/>\n<meta property=\"og:type\" content=\"article\" \/>\n<meta property=\"og:title\" content=\"YE3 Series Three Phase Asynchronous Motor (Specially Designed For Air Compressor)\" \/>\n<meta property=\"og:description\" content=\"Designed and developed for the application in special working condition of air compressor. Service factor:SF1.15-SF1.3. It can meet energy efficiency limit level 3 of GB18613-2020 standard. The leading wiring can be customized with cable sheath protection, with pipe threads at both ends.\" \/>\n<meta property=\"og:url\" content=\"https:\/\/www.zjjiangtian.com\/es\/producto\/motor-asincrono-trifasico-serie-ye3-especialmente-disenado-para-compresor-de-aire\/\" \/>\n<meta property=\"og:site_name\" content=\"Jiangtian Electric\" \/>\n<meta property=\"article:modified_time\" content=\"2024-06-09T05:43:40+00:00\" \/>\n<meta property=\"og:image\" content=\"https:\/\/www.zjjiangtian.com\/wp-content\/uploads\/2024\/03\/ye3xlkyjzydjth-63151-big-1.jpg\" \/>\n\t<meta property=\"og:image:width\" content=\"600\" \/>\n\t<meta property=\"og:image:height\" content=\"475\" \/>\n\t<meta property=\"og:image:type\" content=\"image\/jpeg\" \/>\n<meta name=\"twitter:card\" content=\"summary_large_image\" \/>\n<script type=\"application\/ld+json\" class=\"yoast-schema-graph\">{\"@context\":\"https:\/\/schema.org\",\"@graph\":[{\"@type\":\"WebPage\",\"@id\":\"https:\/\/www.zjjiangtian.com\/product\/ye3-series-three-phase-asynchronous-motor-specially-designed-for-air-compressor\/\",\"url\":\"https:\/\/www.zjjiangtian.com\/product\/ye3-series-three-phase-asynchronous-motor-specially-designed-for-air-compressor\/\",\"name\":\"YE3 Series Three Phase Asynchronous Motor (Specially Designed For Air Compressor) - Jiangtian Electric\",\"isPartOf\":{\"@id\":\"https:\/\/www.zjjiangtian.com\/#website\"},\"primaryImageOfPage\":{\"@id\":\"https:\/\/www.zjjiangtian.com\/product\/ye3-series-three-phase-asynchronous-motor-specially-designed-for-air-compressor\/#primaryimage\"},\"image\":{\"@id\":\"https:\/\/www.zjjiangtian.com\/product\/ye3-series-three-phase-asynchronous-motor-specially-designed-for-air-compressor\/#primaryimage\"},\"thumbnailUrl\":\"https:\/\/www.zjjiangtian.com\/wp-content\/uploads\/2024\/03\/ye3xlkyjzydjth-63151-big-1.jpg\",\"datePublished\":\"2024-03-23T15:05:20+00:00\",\"dateModified\":\"2024-06-09T05:43:40+00:00\",\"breadcrumb\":{\"@id\":\"https:\/\/www.zjjiangtian.com\/product\/ye3-series-three-phase-asynchronous-motor-specially-designed-for-air-compressor\/#breadcrumb\"},\"inLanguage\":\"es\",\"potentialAction\":[{\"@type\":\"ReadAction\",\"target\":[\"https:\/\/www.zjjiangtian.com\/product\/ye3-series-three-phase-asynchronous-motor-specially-designed-for-air-compressor\/\"]}]},{\"@type\":\"ImageObject\",\"inLanguage\":\"es\",\"@id\":\"https:\/\/www.zjjiangtian.com\/product\/ye3-series-three-phase-asynchronous-motor-specially-designed-for-air-compressor\/#primaryimage\",\"url\":\"https:\/\/www.zjjiangtian.com\/wp-content\/uploads\/2024\/03\/ye3xlkyjzydjth-63151-big-1.jpg\",\"contentUrl\":\"https:\/\/www.zjjiangtian.com\/wp-content\/uploads\/2024\/03\/ye3xlkyjzydjth-63151-big-1.jpg\",\"width\":600,\"height\":475},{\"@type\":\"BreadcrumbList\",\"@id\":\"https:\/\/www.zjjiangtian.com\/product\/ye3-series-three-phase-asynchronous-motor-specially-designed-for-air-compressor\/#breadcrumb\",\"itemListElement\":[{\"@type\":\"ListItem\",\"position\":1,\"name\":\"Home\",\"item\":\"https:\/\/www.zjjiangtian.com\/\"},{\"@type\":\"ListItem\",\"position\":2,\"name\":\"Products\",\"item\":\"https:\/\/www.zjjiangtian.com\/shop\/\"},{\"@type\":\"ListItem\",\"position\":3,\"name\":\"YE3 Series Three Phase Asynchronous Motor (Specially Designed For Air Compressor)\"}]},{\"@type\":\"WebSite\",\"@id\":\"https:\/\/www.zjjiangtian.com\/#website\",\"url\":\"https:\/\/www.zjjiangtian.com\/\",\"name\":\"Jiangtian Electric\",\"description\":\"\",\"publisher\":{\"@id\":\"https:\/\/www.zjjiangtian.com\/#organization\"},\"potentialAction\":[{\"@type\":\"SearchAction\",\"target\":{\"@type\":\"EntryPoint\",\"urlTemplate\":\"https:\/\/www.zjjiangtian.com\/?s={search_term_string}\"},\"query-input\":\"required name=search_term_string\"}],\"inLanguage\":\"es\"},{\"@type\":\"Organization\",\"@id\":\"https:\/\/www.zjjiangtian.com\/#organization\",\"name\":\"Jiangtian Electric\",\"url\":\"https:\/\/www.zjjiangtian.com\/\",\"logo\":{\"@type\":\"ImageObject\",\"inLanguage\":\"es\",\"@id\":\"https:\/\/www.zjjiangtian.com\/#\/schema\/logo\/image\/\",\"url\":\"https:\/\/www.zjjiangtian.com\/wp-content\/uploads\/2023\/10\/logo.webp\",\"contentUrl\":\"https:\/\/www.zjjiangtian.com\/wp-content\/uploads\/2023\/10\/logo.webp\",\"width\":269,\"height\":50,\"caption\":\"Jiangtian Electric\"},\"image\":{\"@id\":\"https:\/\/www.zjjiangtian.com\/#\/schema\/logo\/image\/\"}}]}<\/script>\n<!-- \/ Yoast SEO Premium plugin. -->","yoast_head_json":{"title":"YE3 Series Three Phase Asynchronous Motor (Specially Designed For Air Compressor) - Jiangtian Electric","robots":{"index":"index","follow":"follow","max-snippet":"max-snippet:-1","max-image-preview":"max-image-preview:large","max-video-preview":"max-video-preview:-1"},"canonical":"https:\/\/www.zjjiangtian.com\/es\/producto\/motor-asincrono-trifasico-serie-ye3-especialmente-disenado-para-compresor-de-aire\/","og_locale":"es_ES","og_type":"article","og_title":"YE3 Series Three Phase Asynchronous Motor (Specially Designed For Air Compressor)","og_description":"Designed and developed for the application in special working condition of air compressor. Service factor:SF1.15-SF1.3. It can meet energy efficiency limit level 3 of GB18613-2020 standard. The leading wiring can be customized with cable sheath protection, with pipe threads at both ends.","og_url":"https:\/\/www.zjjiangtian.com\/es\/producto\/motor-asincrono-trifasico-serie-ye3-especialmente-disenado-para-compresor-de-aire\/","og_site_name":"Jiangtian Electric","article_modified_time":"2024-06-09T05:43:40+00:00","og_image":[{"width":600,"height":475,"url":"https:\/\/www.zjjiangtian.com\/wp-content\/uploads\/2024\/03\/ye3xlkyjzydjth-63151-big-1.jpg","type":"image\/jpeg"}],"twitter_card":"summary_large_image","schema":{"@context":"https:\/\/schema.org","@graph":[{"@type":"WebPage","@id":"https:\/\/www.zjjiangtian.com\/product\/ye3-series-three-phase-asynchronous-motor-specially-designed-for-air-compressor\/","url":"https:\/\/www.zjjiangtian.com\/product\/ye3-series-three-phase-asynchronous-motor-specially-designed-for-air-compressor\/","name":"YE3 Series Three Phase Asynchronous Motor (Specially Designed For Air Compressor) - Jiangtian Electric","isPartOf":{"@id":"https:\/\/www.zjjiangtian.com\/#website"},"primaryImageOfPage":{"@id":"https:\/\/www.zjjiangtian.com\/product\/ye3-series-three-phase-asynchronous-motor-specially-designed-for-air-compressor\/#primaryimage"},"image":{"@id":"https:\/\/www.zjjiangtian.com\/product\/ye3-series-three-phase-asynchronous-motor-specially-designed-for-air-compressor\/#primaryimage"},"thumbnailUrl":"https:\/\/www.zjjiangtian.com\/wp-content\/uploads\/2024\/03\/ye3xlkyjzydjth-63151-big-1.jpg","datePublished":"2024-03-23T15:05:20+00:00","dateModified":"2024-06-09T05:43:40+00:00","breadcrumb":{"@id":"https:\/\/www.zjjiangtian.com\/product\/ye3-series-three-phase-asynchronous-motor-specially-designed-for-air-compressor\/#breadcrumb"},"inLanguage":"es","potentialAction":[{"@type":"ReadAction","target":["https:\/\/www.zjjiangtian.com\/product\/ye3-series-three-phase-asynchronous-motor-specially-designed-for-air-compressor\/"]}]},{"@type":"ImageObject","inLanguage":"es","@id":"https:\/\/www.zjjiangtian.com\/product\/ye3-series-three-phase-asynchronous-motor-specially-designed-for-air-compressor\/#primaryimage","url":"https:\/\/www.zjjiangtian.com\/wp-content\/uploads\/2024\/03\/ye3xlkyjzydjth-63151-big-1.jpg","contentUrl":"https:\/\/www.zjjiangtian.com\/wp-content\/uploads\/2024\/03\/ye3xlkyjzydjth-63151-big-1.jpg","width":600,"height":475},{"@type":"BreadcrumbList","@id":"https:\/\/www.zjjiangtian.com\/product\/ye3-series-three-phase-asynchronous-motor-specially-designed-for-air-compressor\/#breadcrumb","itemListElement":[{"@type":"ListItem","position":1,"name":"Home","item":"https:\/\/www.zjjiangtian.com\/"},{"@type":"ListItem","position":2,"name":"Products","item":"https:\/\/www.zjjiangtian.com\/shop\/"},{"@type":"ListItem","position":3,"name":"YE3 Series Three Phase Asynchronous Motor (Specially Designed For Air Compressor)"}]},{"@type":"WebSite","@id":"https:\/\/www.zjjiangtian.com\/#website","url":"https:\/\/www.zjjiangtian.com\/","name":"Jiangtian Electric","description":"","publisher":{"@id":"https:\/\/www.zjjiangtian.com\/#organization"},"potentialAction":[{"@type":"SearchAction","target":{"@type":"EntryPoint","urlTemplate":"https:\/\/www.zjjiangtian.com\/?s={search_term_string}"},"query-input":"required name=search_term_string"}],"inLanguage":"es"},{"@type":"Organization","@id":"https:\/\/www.zjjiangtian.com\/#organization","name":"Jiangtian Electric","url":"https:\/\/www.zjjiangtian.com\/","logo":{"@type":"ImageObject","inLanguage":"es","@id":"https:\/\/www.zjjiangtian.com\/#\/schema\/logo\/image\/","url":"https:\/\/www.zjjiangtian.com\/wp-content\/uploads\/2023\/10\/logo.webp","contentUrl":"https:\/\/www.zjjiangtian.com\/wp-content\/uploads\/2023\/10\/logo.webp","width":269,"height":50,"caption":"Jiangtian Electric"},"image":{"@id":"https:\/\/www.zjjiangtian.com\/#\/schema\/logo\/image\/"}}]}},"_links":{"self":[{"href":"https:\/\/www.zjjiangtian.com\/es\/wp-json\/wp\/v2\/product\/1412"}],"collection":[{"href":"https:\/\/www.zjjiangtian.com\/es\/wp-json\/wp\/v2\/product"}],"about":[{"href":"https:\/\/www.zjjiangtian.com\/es\/wp-json\/wp\/v2\/types\/product"}],"replies":[{"embeddable":true,"href":"https:\/\/www.zjjiangtian.com\/es\/wp-json\/wp\/v2\/comments?post=1412"}],"wp:featuredmedia":[{"embeddable":true,"href":"https:\/\/www.zjjiangtian.com\/es\/wp-json\/wp\/v2\/media\/1411"}],"wp:attachment":[{"href":"https:\/\/www.zjjiangtian.com\/es\/wp-json\/wp\/v2\/media?parent=1412"}],"wp:term":[{"taxonomy":"product_cat","embeddable":true,"href":"https:\/\/www.zjjiangtian.com\/es\/wp-json\/wp\/v2\/product_cat?post=1412"},{"taxonomy":"product_tag","embeddable":true,"href":"https:\/\/www.zjjiangtian.com\/es\/wp-json\/wp\/v2\/product_tag?post=1412"}],"curies":[{"name":"wp","href":"https:\/\/api.w.org\/{rel}","templated":true}]}}