{"id":1386,"date":"2024-03-23T15:05:12","date_gmt":"2024-03-23T15:05:12","guid":{"rendered":"https:\/\/www.zjjiangtian.com\/product\/y-series-high-voltage-three-phase-asynchronous-motor%ef%bc%8810kv\/"},"modified":"2024-04-01T06:33:13","modified_gmt":"2024-04-01T06:33:13","slug":"y-series-high-voltage-three-phase-asynchronous-motor-10kv","status":"publish","type":"product","link":"https:\/\/www.zjjiangtian.com\/fr\/produit\/moteur-asynchrone-triphase-haute-tension-serie-y-10kv\/","title":{"rendered":"Moteur asynchrone triphas\u00e9 haute tension s\u00e9rie Y (10kv)"},"content":{"rendered":"<p>Moteur asynchrone triphas\u00e9 haute tension s\u00e9rie Y (10KV)\u00a0: Ce moteur de s\u00e9rie est un moteur asynchrone triphas\u00e9 haute tension \u00e0 cage d&#039;\u00e9cureuil. Le degr\u00e9 de protection du moteur est IP23 et la m\u00e9thode de refroidissement est IC01. Sa classe d&#039;isolation est F\/B et la tension nominale est de 10KV.<\/p>","protected":false},"excerpt":{"rendered":"<ul>\n<li>Moteur asynchrone triphas\u00e9 \u00e0 cage d&#039;\u00e9cureuil<\/li>\n<li>Il adopte une structure en caisson, l\u00e9g\u00e8re et bonne rigidit\u00e9.<\/li>\n<li>M\u00e9thode de refroidissement : IC01.<\/li>\n<li>Il est largement utilis\u00e9 dans les centrales \u00e9lectriques, les usines hydrauliques, la p\u00e9trochimie, la m\u00e9tallurgie, les mines et autres industries. <\/li>\n<\/ul>","protected":false},"featured_media":1385,"comment_status":"open","ping_status":"closed","template":"","meta":{"_acf_changed":false,"_mi_skip_tracking":false,"_monsterinsights_sitenote_active":false,"_monsterinsights_sitenote_note":"","_monsterinsights_sitenote_category":0},"product_cat":[25],"product_tag":[],"acf":[],"yoast_head":"<!-- This site is optimized with the Yoast SEO Premium plugin v21.6 (Yoast SEO v22.2) - https:\/\/yoast.com\/wordpress\/plugins\/seo\/ -->\n<title>Y Series High Voltage Three Phase Asynchronous Motor (10kv) - Jiangtian Electric<\/title>\n<meta name=\"robots\" content=\"index, follow, max-snippet:-1, max-image-preview:large, max-video-preview:-1\" \/>\n<link rel=\"canonical\" href=\"https:\/\/www.zjjiangtian.com\/fr\/produit\/moteur-asynchrone-triphase-haute-tension-serie-y-10kv\/\" \/>\n<meta property=\"og:locale\" content=\"fr_FR\" \/>\n<meta property=\"og:type\" content=\"article\" \/>\n<meta property=\"og:title\" content=\"Y Series High Voltage Three Phase Asynchronous Motor (10kv)\" \/>\n<meta property=\"og:description\" content=\"Squirrel cage three phase asynchronous motor It adopts box structure, with light weight and good rigidity. Cooling method: IC01. It is widely used in power station, water plant, petrochemical, metallurgy, mining and other industries.\" \/>\n<meta property=\"og:url\" content=\"https:\/\/www.zjjiangtian.com\/fr\/produit\/moteur-asynchrone-triphase-haute-tension-serie-y-10kv\/\" \/>\n<meta property=\"og:site_name\" content=\"Jiangtian Electric\" \/>\n<meta property=\"article:modified_time\" content=\"2024-04-01T06:33:13+00:00\" \/>\n<meta property=\"og:image\" content=\"https:\/\/www.zjjiangtian.com\/wp-content\/uploads\/2024\/03\/y-10kv-63199-big-1.jpg\" \/>\n\t<meta property=\"og:image:width\" content=\"600\" \/>\n\t<meta property=\"og:image:height\" content=\"475\" \/>\n\t<meta property=\"og:image:type\" content=\"image\/jpeg\" \/>\n<meta name=\"twitter:card\" content=\"summary_large_image\" \/>\n<script type=\"application\/ld+json\" class=\"yoast-schema-graph\">{\"@context\":\"https:\/\/schema.org\",\"@graph\":[{\"@type\":\"WebPage\",\"@id\":\"https:\/\/www.zjjiangtian.com\/product\/y-series-high-voltage-three-phase-asynchronous-motor-10kv\/\",\"url\":\"https:\/\/www.zjjiangtian.com\/product\/y-series-high-voltage-three-phase-asynchronous-motor-10kv\/\",\"name\":\"Y Series High Voltage Three Phase Asynchronous Motor (10kv) - Jiangtian Electric\",\"isPartOf\":{\"@id\":\"https:\/\/www.zjjiangtian.com\/#website\"},\"primaryImageOfPage\":{\"@id\":\"https:\/\/www.zjjiangtian.com\/product\/y-series-high-voltage-three-phase-asynchronous-motor-10kv\/#primaryimage\"},\"image\":{\"@id\":\"https:\/\/www.zjjiangtian.com\/product\/y-series-high-voltage-three-phase-asynchronous-motor-10kv\/#primaryimage\"},\"thumbnailUrl\":\"https:\/\/www.zjjiangtian.com\/wp-content\/uploads\/2024\/03\/y-10kv-63199-big-1.jpg\",\"datePublished\":\"2024-03-23T15:05:12+00:00\",\"dateModified\":\"2024-04-01T06:33:13+00:00\",\"breadcrumb\":{\"@id\":\"https:\/\/www.zjjiangtian.com\/product\/y-series-high-voltage-three-phase-asynchronous-motor-10kv\/#breadcrumb\"},\"inLanguage\":\"fr-FR\",\"potentialAction\":[{\"@type\":\"ReadAction\",\"target\":[\"https:\/\/www.zjjiangtian.com\/product\/y-series-high-voltage-three-phase-asynchronous-motor-10kv\/\"]}]},{\"@type\":\"ImageObject\",\"inLanguage\":\"fr-FR\",\"@id\":\"https:\/\/www.zjjiangtian.com\/product\/y-series-high-voltage-three-phase-asynchronous-motor-10kv\/#primaryimage\",\"url\":\"https:\/\/www.zjjiangtian.com\/wp-content\/uploads\/2024\/03\/y-10kv-63199-big-1.jpg\",\"contentUrl\":\"https:\/\/www.zjjiangtian.com\/wp-content\/uploads\/2024\/03\/y-10kv-63199-big-1.jpg\",\"width\":600,\"height\":475},{\"@type\":\"BreadcrumbList\",\"@id\":\"https:\/\/www.zjjiangtian.com\/product\/y-series-high-voltage-three-phase-asynchronous-motor-10kv\/#breadcrumb\",\"itemListElement\":[{\"@type\":\"ListItem\",\"position\":1,\"name\":\"Home\",\"item\":\"https:\/\/www.zjjiangtian.com\/\"},{\"@type\":\"ListItem\",\"position\":2,\"name\":\"Products\",\"item\":\"https:\/\/www.zjjiangtian.com\/shop\/\"},{\"@type\":\"ListItem\",\"position\":3,\"name\":\"Y Series High Voltage Three Phase Asynchronous Motor (10kv)\"}]},{\"@type\":\"WebSite\",\"@id\":\"https:\/\/www.zjjiangtian.com\/#website\",\"url\":\"https:\/\/www.zjjiangtian.com\/\",\"name\":\"Jiangtian Electric\",\"description\":\"\",\"publisher\":{\"@id\":\"https:\/\/www.zjjiangtian.com\/#organization\"},\"potentialAction\":[{\"@type\":\"SearchAction\",\"target\":{\"@type\":\"EntryPoint\",\"urlTemplate\":\"https:\/\/www.zjjiangtian.com\/?s={search_term_string}\"},\"query-input\":\"required name=search_term_string\"}],\"inLanguage\":\"fr-FR\"},{\"@type\":\"Organization\",\"@id\":\"https:\/\/www.zjjiangtian.com\/#organization\",\"name\":\"Jiangtian Electric\",\"url\":\"https:\/\/www.zjjiangtian.com\/\",\"logo\":{\"@type\":\"ImageObject\",\"inLanguage\":\"fr-FR\",\"@id\":\"https:\/\/www.zjjiangtian.com\/#\/schema\/logo\/image\/\",\"url\":\"https:\/\/www.zjjiangtian.com\/wp-content\/uploads\/2023\/10\/logo.webp\",\"contentUrl\":\"https:\/\/www.zjjiangtian.com\/wp-content\/uploads\/2023\/10\/logo.webp\",\"width\":269,\"height\":50,\"caption\":\"Jiangtian Electric\"},\"image\":{\"@id\":\"https:\/\/www.zjjiangtian.com\/#\/schema\/logo\/image\/\"}}]}<\/script>\n<!-- \/ Yoast SEO Premium plugin. -->","yoast_head_json":{"title":"Y Series High Voltage Three Phase Asynchronous Motor (10kv) - Jiangtian Electric","robots":{"index":"index","follow":"follow","max-snippet":"max-snippet:-1","max-image-preview":"max-image-preview:large","max-video-preview":"max-video-preview:-1"},"canonical":"https:\/\/www.zjjiangtian.com\/fr\/produit\/moteur-asynchrone-triphase-haute-tension-serie-y-10kv\/","og_locale":"fr_FR","og_type":"article","og_title":"Y Series High Voltage Three Phase Asynchronous Motor (10kv)","og_description":"Squirrel cage three phase asynchronous motor It adopts box structure, with light weight and good rigidity. Cooling method: IC01. It is widely used in power station, water plant, petrochemical, metallurgy, mining and other industries.","og_url":"https:\/\/www.zjjiangtian.com\/fr\/produit\/moteur-asynchrone-triphase-haute-tension-serie-y-10kv\/","og_site_name":"Jiangtian Electric","article_modified_time":"2024-04-01T06:33:13+00:00","og_image":[{"width":600,"height":475,"url":"https:\/\/www.zjjiangtian.com\/wp-content\/uploads\/2024\/03\/y-10kv-63199-big-1.jpg","type":"image\/jpeg"}],"twitter_card":"summary_large_image","schema":{"@context":"https:\/\/schema.org","@graph":[{"@type":"WebPage","@id":"https:\/\/www.zjjiangtian.com\/product\/y-series-high-voltage-three-phase-asynchronous-motor-10kv\/","url":"https:\/\/www.zjjiangtian.com\/product\/y-series-high-voltage-three-phase-asynchronous-motor-10kv\/","name":"Y Series High Voltage Three Phase Asynchronous Motor (10kv) - Jiangtian Electric","isPartOf":{"@id":"https:\/\/www.zjjiangtian.com\/#website"},"primaryImageOfPage":{"@id":"https:\/\/www.zjjiangtian.com\/product\/y-series-high-voltage-three-phase-asynchronous-motor-10kv\/#primaryimage"},"image":{"@id":"https:\/\/www.zjjiangtian.com\/product\/y-series-high-voltage-three-phase-asynchronous-motor-10kv\/#primaryimage"},"thumbnailUrl":"https:\/\/www.zjjiangtian.com\/wp-content\/uploads\/2024\/03\/y-10kv-63199-big-1.jpg","datePublished":"2024-03-23T15:05:12+00:00","dateModified":"2024-04-01T06:33:13+00:00","breadcrumb":{"@id":"https:\/\/www.zjjiangtian.com\/product\/y-series-high-voltage-three-phase-asynchronous-motor-10kv\/#breadcrumb"},"inLanguage":"fr-FR","potentialAction":[{"@type":"ReadAction","target":["https:\/\/www.zjjiangtian.com\/product\/y-series-high-voltage-three-phase-asynchronous-motor-10kv\/"]}]},{"@type":"ImageObject","inLanguage":"fr-FR","@id":"https:\/\/www.zjjiangtian.com\/product\/y-series-high-voltage-three-phase-asynchronous-motor-10kv\/#primaryimage","url":"https:\/\/www.zjjiangtian.com\/wp-content\/uploads\/2024\/03\/y-10kv-63199-big-1.jpg","contentUrl":"https:\/\/www.zjjiangtian.com\/wp-content\/uploads\/2024\/03\/y-10kv-63199-big-1.jpg","width":600,"height":475},{"@type":"BreadcrumbList","@id":"https:\/\/www.zjjiangtian.com\/product\/y-series-high-voltage-three-phase-asynchronous-motor-10kv\/#breadcrumb","itemListElement":[{"@type":"ListItem","position":1,"name":"Home","item":"https:\/\/www.zjjiangtian.com\/"},{"@type":"ListItem","position":2,"name":"Products","item":"https:\/\/www.zjjiangtian.com\/shop\/"},{"@type":"ListItem","position":3,"name":"Y Series High Voltage Three Phase Asynchronous Motor (10kv)"}]},{"@type":"WebSite","@id":"https:\/\/www.zjjiangtian.com\/#website","url":"https:\/\/www.zjjiangtian.com\/","name":"Jiangtian Electric","description":"","publisher":{"@id":"https:\/\/www.zjjiangtian.com\/#organization"},"potentialAction":[{"@type":"SearchAction","target":{"@type":"EntryPoint","urlTemplate":"https:\/\/www.zjjiangtian.com\/?s={search_term_string}"},"query-input":"required name=search_term_string"}],"inLanguage":"fr-FR"},{"@type":"Organization","@id":"https:\/\/www.zjjiangtian.com\/#organization","name":"Jiangtian Electric","url":"https:\/\/www.zjjiangtian.com\/","logo":{"@type":"ImageObject","inLanguage":"fr-FR","@id":"https:\/\/www.zjjiangtian.com\/#\/schema\/logo\/image\/","url":"https:\/\/www.zjjiangtian.com\/wp-content\/uploads\/2023\/10\/logo.webp","contentUrl":"https:\/\/www.zjjiangtian.com\/wp-content\/uploads\/2023\/10\/logo.webp","width":269,"height":50,"caption":"Jiangtian Electric"},"image":{"@id":"https:\/\/www.zjjiangtian.com\/#\/schema\/logo\/image\/"}}]}},"_links":{"self":[{"href":"https:\/\/www.zjjiangtian.com\/fr\/wp-json\/wp\/v2\/product\/1386"}],"collection":[{"href":"https:\/\/www.zjjiangtian.com\/fr\/wp-json\/wp\/v2\/product"}],"about":[{"href":"https:\/\/www.zjjiangtian.com\/fr\/wp-json\/wp\/v2\/types\/product"}],"replies":[{"embeddable":true,"href":"https:\/\/www.zjjiangtian.com\/fr\/wp-json\/wp\/v2\/comments?post=1386"}],"wp:featuredmedia":[{"embeddable":true,"href":"https:\/\/www.zjjiangtian.com\/fr\/wp-json\/wp\/v2\/media\/1385"}],"wp:attachment":[{"href":"https:\/\/www.zjjiangtian.com\/fr\/wp-json\/wp\/v2\/media?parent=1386"}],"wp:term":[{"taxonomy":"product_cat","embeddable":true,"href":"https:\/\/www.zjjiangtian.com\/fr\/wp-json\/wp\/v2\/product_cat?post=1386"},{"taxonomy":"product_tag","embeddable":true,"href":"https:\/\/www.zjjiangtian.com\/fr\/wp-json\/wp\/v2\/product_tag?post=1386"}],"curies":[{"name":"wp","href":"https:\/\/api.w.org\/{rel}","templated":true}]}}