{"id":1394,"date":"2024-03-23T15:05:14","date_gmt":"2024-03-23T15:05:14","guid":{"rendered":"https:\/\/www.zjjiangtian.com\/product\/ytpm-series-three-phase-permanent-magnet-synchronous-motor-integrated-type-specially-designed-for-air-compressor\/"},"modified":"2024-06-09T05:44:46","modified_gmt":"2024-06-09T05:44:46","slug":"ytpm-series-three-phase-permanent-magnet-synchronous-motor-integrated-type-specially-designed-for-air-compressor","status":"publish","type":"product","link":"https:\/\/www.zjjiangtian.com\/fr\/produit\/moteur-synchrone-a-aimant-permanent-triphase-serie-ytpm-type-integre-specialement-concu-pour-le-compresseur-dair\/","title":{"rendered":"Moteur synchrone \u00e0 aimant permanent triphas\u00e9 s\u00e9rie YTPM (type int\u00e9gr\u00e9 sp\u00e9cialement con\u00e7u pour le compresseur d&#039;air)"},"content":{"rendered":"<p>Moteur synchrone \u00e0 aimant permanent triphas\u00e9 de la s\u00e9rie YTPM (type int\u00e9gr\u00e9 sp\u00e9cialement con\u00e7u pour le compresseur d&#039;air)\u00a0: Cette s\u00e9rie est un moteur synchrone \u00e0 aimant permanent de type int\u00e9gr\u00e9 de conversion de fr\u00e9quence d\u00e9velopp\u00e9 ind\u00e9pendamment par notre soci\u00e9t\u00e9 pour le compresseur d&#039;air \u00e0 vis int\u00e9gr\u00e9 coaxial. Dans le cadre du rendement \u00e9lev\u00e9 et du facteur de puissance \u00e9lev\u00e9 du moteur \u00e0 aimant permanent, le rotor est directement connect\u00e9 \u00e0 la t\u00eate de la machine pour r\u00e9duire la perte de transmission et am\u00e9liorer l&#039;efficacit\u00e9 globale.<\/p>","protected":false},"excerpt":{"rendered":"<ul>\n<li>Fente de stator sp\u00e9ciale et structure de rotor, t\u00f4le d&#039;acier au silicium \u00e0 faible perte, mat\u00e9riau \u00e0 aimant permanent de haute marque, taux d&#039;utilisation \u00e9lev\u00e9 du champ magn\u00e9tique\u00a0; l&#039;efficacit\u00e9 du moteur est sup\u00e9rieure \u00e0 l&#039;exigence d&#039;efficacit\u00e9 \u00e9nerg\u00e9tique de premier niveau de la norme d&#039;efficacit\u00e9 \u00e9nerg\u00e9tique gb30253-2013, et de loin sup\u00e9rieur \u00e0 IE4.<\/li>\n<li>La marge r\u00e9elle du moteur est suffisante pour assurer le fonctionnement fiable du moteur \u00e0 pleine charge avec une faible \u00e9chauffement.<\/li>\n<li>Conception de performances d&#039;optimisation professionnelle, petite inertie du moteur, fr\u00e9quence de fonctionnement large, couple de fonctionnement \u00e0 basse vitesse en douceur, sans fluctuation.<\/li>\n<li>En changeant la bride excessive et le manchon d&#039;arbre, vous pouvez l&#039;adapter \u00e0 une vari\u00e9t\u00e9 de t\u00eates de machine (marque Hanbell et BSC, etc.)<\/li>\n<\/ul>","protected":false},"featured_media":1393,"comment_status":"open","ping_status":"closed","template":"","meta":{"_acf_changed":false,"_mi_skip_tracking":false,"_monsterinsights_sitenote_active":false,"_monsterinsights_sitenote_note":"","_monsterinsights_sitenote_category":0},"product_cat":[26],"product_tag":[],"acf":[],"yoast_head":"<!-- This site is optimized with the Yoast SEO Premium plugin v21.6 (Yoast SEO v22.2) - https:\/\/yoast.com\/wordpress\/plugins\/seo\/ -->\n<title>YTPM Series Three Phase Permanent Magnet Synchronous Motor (Integrated Type Specially Designed For Air Compressor) - Jiangtian Electric<\/title>\n<meta name=\"robots\" content=\"index, follow, max-snippet:-1, max-image-preview:large, max-video-preview:-1\" \/>\n<link rel=\"canonical\" href=\"https:\/\/www.zjjiangtian.com\/fr\/produit\/moteur-synchrone-a-aimant-permanent-triphase-serie-ytpm-type-integre-specialement-concu-pour-le-compresseur-dair\/\" \/>\n<meta property=\"og:locale\" content=\"fr_FR\" \/>\n<meta property=\"og:type\" content=\"article\" \/>\n<meta property=\"og:title\" content=\"YTPM Series Three Phase Permanent Magnet Synchronous Motor (Integrated Type Specially Designed For Air Compressor)\" \/>\n<meta property=\"og:description\" content=\"Special stator slot and rotor structure,low loss silicon steel sheet,high brand permanent magnet material, high utilization rate of magnetic field;The motor efficiency is higher than the first-level energy efficiency requirement of the energy efficiency standard gb30253-2013, and far higher than IE4. The actual margin of the motor is sufficient to ensure the reliable operation of the motor at full load with low temperature rise. Professional optimization performance design, small motor inertia, wide operating frequency, low speed running torque smooth no fluctuation. By changing the excessive flange and shaft sleeve can be adopted to a variety of machine head ( Hanbell and BSC brand, etc.)\" \/>\n<meta property=\"og:url\" content=\"https:\/\/www.zjjiangtian.com\/fr\/produit\/moteur-synchrone-a-aimant-permanent-triphase-serie-ytpm-type-integre-specialement-concu-pour-le-compresseur-dair\/\" \/>\n<meta property=\"og:site_name\" content=\"Jiangtian Electric\" \/>\n<meta property=\"article:modified_time\" content=\"2024-06-09T05:44:46+00:00\" \/>\n<meta property=\"og:image\" content=\"https:\/\/www.zjjiangtian.com\/wp-content\/uploads\/2024\/03\/ytpm-yt-63189-big-1.jpg\" \/>\n\t<meta property=\"og:image:width\" content=\"600\" \/>\n\t<meta property=\"og:image:height\" content=\"475\" \/>\n\t<meta property=\"og:image:type\" content=\"image\/jpeg\" \/>\n<meta name=\"twitter:card\" content=\"summary_large_image\" \/>\n<script type=\"application\/ld+json\" class=\"yoast-schema-graph\">{\"@context\":\"https:\/\/schema.org\",\"@graph\":[{\"@type\":\"WebPage\",\"@id\":\"https:\/\/www.zjjiangtian.com\/product\/ytpm-series-three-phase-permanent-magnet-synchronous-motor-integrated-type-specially-designed-for-air-compressor\/\",\"url\":\"https:\/\/www.zjjiangtian.com\/product\/ytpm-series-three-phase-permanent-magnet-synchronous-motor-integrated-type-specially-designed-for-air-compressor\/\",\"name\":\"YTPM Series Three Phase Permanent Magnet Synchronous Motor (Integrated Type Specially Designed For Air Compressor) - Jiangtian Electric\",\"isPartOf\":{\"@id\":\"https:\/\/www.zjjiangtian.com\/#website\"},\"primaryImageOfPage\":{\"@id\":\"https:\/\/www.zjjiangtian.com\/product\/ytpm-series-three-phase-permanent-magnet-synchronous-motor-integrated-type-specially-designed-for-air-compressor\/#primaryimage\"},\"image\":{\"@id\":\"https:\/\/www.zjjiangtian.com\/product\/ytpm-series-three-phase-permanent-magnet-synchronous-motor-integrated-type-specially-designed-for-air-compressor\/#primaryimage\"},\"thumbnailUrl\":\"https:\/\/www.zjjiangtian.com\/wp-content\/uploads\/2024\/03\/ytpm-yt-63189-big-1.jpg\",\"datePublished\":\"2024-03-23T15:05:14+00:00\",\"dateModified\":\"2024-06-09T05:44:46+00:00\",\"breadcrumb\":{\"@id\":\"https:\/\/www.zjjiangtian.com\/product\/ytpm-series-three-phase-permanent-magnet-synchronous-motor-integrated-type-specially-designed-for-air-compressor\/#breadcrumb\"},\"inLanguage\":\"fr-FR\",\"potentialAction\":[{\"@type\":\"ReadAction\",\"target\":[\"https:\/\/www.zjjiangtian.com\/product\/ytpm-series-three-phase-permanent-magnet-synchronous-motor-integrated-type-specially-designed-for-air-compressor\/\"]}]},{\"@type\":\"ImageObject\",\"inLanguage\":\"fr-FR\",\"@id\":\"https:\/\/www.zjjiangtian.com\/product\/ytpm-series-three-phase-permanent-magnet-synchronous-motor-integrated-type-specially-designed-for-air-compressor\/#primaryimage\",\"url\":\"https:\/\/www.zjjiangtian.com\/wp-content\/uploads\/2024\/03\/ytpm-yt-63189-big-1.jpg\",\"contentUrl\":\"https:\/\/www.zjjiangtian.com\/wp-content\/uploads\/2024\/03\/ytpm-yt-63189-big-1.jpg\",\"width\":600,\"height\":475},{\"@type\":\"BreadcrumbList\",\"@id\":\"https:\/\/www.zjjiangtian.com\/product\/ytpm-series-three-phase-permanent-magnet-synchronous-motor-integrated-type-specially-designed-for-air-compressor\/#breadcrumb\",\"itemListElement\":[{\"@type\":\"ListItem\",\"position\":1,\"name\":\"Home\",\"item\":\"https:\/\/www.zjjiangtian.com\/\"},{\"@type\":\"ListItem\",\"position\":2,\"name\":\"Products\",\"item\":\"https:\/\/www.zjjiangtian.com\/shop\/\"},{\"@type\":\"ListItem\",\"position\":3,\"name\":\"YTPM Series Three Phase Permanent Magnet Synchronous Motor (Integrated Type Specially Designed For Air Compressor)\"}]},{\"@type\":\"WebSite\",\"@id\":\"https:\/\/www.zjjiangtian.com\/#website\",\"url\":\"https:\/\/www.zjjiangtian.com\/\",\"name\":\"Jiangtian Electric\",\"description\":\"\",\"publisher\":{\"@id\":\"https:\/\/www.zjjiangtian.com\/#organization\"},\"potentialAction\":[{\"@type\":\"SearchAction\",\"target\":{\"@type\":\"EntryPoint\",\"urlTemplate\":\"https:\/\/www.zjjiangtian.com\/?s={search_term_string}\"},\"query-input\":\"required name=search_term_string\"}],\"inLanguage\":\"fr-FR\"},{\"@type\":\"Organization\",\"@id\":\"https:\/\/www.zjjiangtian.com\/#organization\",\"name\":\"Jiangtian Electric\",\"url\":\"https:\/\/www.zjjiangtian.com\/\",\"logo\":{\"@type\":\"ImageObject\",\"inLanguage\":\"fr-FR\",\"@id\":\"https:\/\/www.zjjiangtian.com\/#\/schema\/logo\/image\/\",\"url\":\"https:\/\/www.zjjiangtian.com\/wp-content\/uploads\/2023\/10\/logo.webp\",\"contentUrl\":\"https:\/\/www.zjjiangtian.com\/wp-content\/uploads\/2023\/10\/logo.webp\",\"width\":269,\"height\":50,\"caption\":\"Jiangtian Electric\"},\"image\":{\"@id\":\"https:\/\/www.zjjiangtian.com\/#\/schema\/logo\/image\/\"}}]}<\/script>\n<!-- \/ Yoast SEO Premium plugin. -->","yoast_head_json":{"title":"YTPM Series Three Phase Permanent Magnet Synchronous Motor (Integrated Type Specially Designed For Air Compressor) - Jiangtian Electric","robots":{"index":"index","follow":"follow","max-snippet":"max-snippet:-1","max-image-preview":"max-image-preview:large","max-video-preview":"max-video-preview:-1"},"canonical":"https:\/\/www.zjjiangtian.com\/fr\/produit\/moteur-synchrone-a-aimant-permanent-triphase-serie-ytpm-type-integre-specialement-concu-pour-le-compresseur-dair\/","og_locale":"fr_FR","og_type":"article","og_title":"YTPM Series Three Phase Permanent Magnet Synchronous Motor (Integrated Type Specially Designed For Air Compressor)","og_description":"Special stator slot and rotor structure,low loss silicon steel sheet,high brand permanent magnet material, high utilization rate of magnetic field;The motor efficiency is higher than the first-level energy efficiency requirement of the energy efficiency standard gb30253-2013, and far higher than IE4. The actual margin of the motor is sufficient to ensure the reliable operation of the motor at full load with low temperature rise. Professional optimization performance design, small motor inertia, wide operating frequency, low speed running torque smooth no fluctuation. By changing the excessive flange and shaft sleeve can be adopted to a variety of machine head ( Hanbell and BSC brand, etc.)","og_url":"https:\/\/www.zjjiangtian.com\/fr\/produit\/moteur-synchrone-a-aimant-permanent-triphase-serie-ytpm-type-integre-specialement-concu-pour-le-compresseur-dair\/","og_site_name":"Jiangtian Electric","article_modified_time":"2024-06-09T05:44:46+00:00","og_image":[{"width":600,"height":475,"url":"https:\/\/www.zjjiangtian.com\/wp-content\/uploads\/2024\/03\/ytpm-yt-63189-big-1.jpg","type":"image\/jpeg"}],"twitter_card":"summary_large_image","schema":{"@context":"https:\/\/schema.org","@graph":[{"@type":"WebPage","@id":"https:\/\/www.zjjiangtian.com\/product\/ytpm-series-three-phase-permanent-magnet-synchronous-motor-integrated-type-specially-designed-for-air-compressor\/","url":"https:\/\/www.zjjiangtian.com\/product\/ytpm-series-three-phase-permanent-magnet-synchronous-motor-integrated-type-specially-designed-for-air-compressor\/","name":"YTPM Series Three Phase Permanent Magnet Synchronous Motor (Integrated Type Specially Designed For Air Compressor) - Jiangtian Electric","isPartOf":{"@id":"https:\/\/www.zjjiangtian.com\/#website"},"primaryImageOfPage":{"@id":"https:\/\/www.zjjiangtian.com\/product\/ytpm-series-three-phase-permanent-magnet-synchronous-motor-integrated-type-specially-designed-for-air-compressor\/#primaryimage"},"image":{"@id":"https:\/\/www.zjjiangtian.com\/product\/ytpm-series-three-phase-permanent-magnet-synchronous-motor-integrated-type-specially-designed-for-air-compressor\/#primaryimage"},"thumbnailUrl":"https:\/\/www.zjjiangtian.com\/wp-content\/uploads\/2024\/03\/ytpm-yt-63189-big-1.jpg","datePublished":"2024-03-23T15:05:14+00:00","dateModified":"2024-06-09T05:44:46+00:00","breadcrumb":{"@id":"https:\/\/www.zjjiangtian.com\/product\/ytpm-series-three-phase-permanent-magnet-synchronous-motor-integrated-type-specially-designed-for-air-compressor\/#breadcrumb"},"inLanguage":"fr-FR","potentialAction":[{"@type":"ReadAction","target":["https:\/\/www.zjjiangtian.com\/product\/ytpm-series-three-phase-permanent-magnet-synchronous-motor-integrated-type-specially-designed-for-air-compressor\/"]}]},{"@type":"ImageObject","inLanguage":"fr-FR","@id":"https:\/\/www.zjjiangtian.com\/product\/ytpm-series-three-phase-permanent-magnet-synchronous-motor-integrated-type-specially-designed-for-air-compressor\/#primaryimage","url":"https:\/\/www.zjjiangtian.com\/wp-content\/uploads\/2024\/03\/ytpm-yt-63189-big-1.jpg","contentUrl":"https:\/\/www.zjjiangtian.com\/wp-content\/uploads\/2024\/03\/ytpm-yt-63189-big-1.jpg","width":600,"height":475},{"@type":"BreadcrumbList","@id":"https:\/\/www.zjjiangtian.com\/product\/ytpm-series-three-phase-permanent-magnet-synchronous-motor-integrated-type-specially-designed-for-air-compressor\/#breadcrumb","itemListElement":[{"@type":"ListItem","position":1,"name":"Home","item":"https:\/\/www.zjjiangtian.com\/"},{"@type":"ListItem","position":2,"name":"Products","item":"https:\/\/www.zjjiangtian.com\/shop\/"},{"@type":"ListItem","position":3,"name":"YTPM Series Three Phase Permanent Magnet Synchronous Motor (Integrated Type Specially Designed For Air Compressor)"}]},{"@type":"WebSite","@id":"https:\/\/www.zjjiangtian.com\/#website","url":"https:\/\/www.zjjiangtian.com\/","name":"Jiangtian Electric","description":"","publisher":{"@id":"https:\/\/www.zjjiangtian.com\/#organization"},"potentialAction":[{"@type":"SearchAction","target":{"@type":"EntryPoint","urlTemplate":"https:\/\/www.zjjiangtian.com\/?s={search_term_string}"},"query-input":"required name=search_term_string"}],"inLanguage":"fr-FR"},{"@type":"Organization","@id":"https:\/\/www.zjjiangtian.com\/#organization","name":"Jiangtian Electric","url":"https:\/\/www.zjjiangtian.com\/","logo":{"@type":"ImageObject","inLanguage":"fr-FR","@id":"https:\/\/www.zjjiangtian.com\/#\/schema\/logo\/image\/","url":"https:\/\/www.zjjiangtian.com\/wp-content\/uploads\/2023\/10\/logo.webp","contentUrl":"https:\/\/www.zjjiangtian.com\/wp-content\/uploads\/2023\/10\/logo.webp","width":269,"height":50,"caption":"Jiangtian Electric"},"image":{"@id":"https:\/\/www.zjjiangtian.com\/#\/schema\/logo\/image\/"}}]}},"_links":{"self":[{"href":"https:\/\/www.zjjiangtian.com\/fr\/wp-json\/wp\/v2\/product\/1394"}],"collection":[{"href":"https:\/\/www.zjjiangtian.com\/fr\/wp-json\/wp\/v2\/product"}],"about":[{"href":"https:\/\/www.zjjiangtian.com\/fr\/wp-json\/wp\/v2\/types\/product"}],"replies":[{"embeddable":true,"href":"https:\/\/www.zjjiangtian.com\/fr\/wp-json\/wp\/v2\/comments?post=1394"}],"wp:featuredmedia":[{"embeddable":true,"href":"https:\/\/www.zjjiangtian.com\/fr\/wp-json\/wp\/v2\/media\/1393"}],"wp:attachment":[{"href":"https:\/\/www.zjjiangtian.com\/fr\/wp-json\/wp\/v2\/media?parent=1394"}],"wp:term":[{"taxonomy":"product_cat","embeddable":true,"href":"https:\/\/www.zjjiangtian.com\/fr\/wp-json\/wp\/v2\/product_cat?post=1394"},{"taxonomy":"product_tag","embeddable":true,"href":"https:\/\/www.zjjiangtian.com\/fr\/wp-json\/wp\/v2\/product_tag?post=1394"}],"curies":[{"name":"wp","href":"https:\/\/api.w.org\/{rel}","templated":true}]}}