{"id":1396,"date":"2024-03-23T15:05:15","date_gmt":"2024-03-23T15:05:15","guid":{"rendered":"https:\/\/www.zjjiangtian.com\/product\/jpm-series-three-phase-permanent-magnet-synchronous-motor-applied-for-general-industry\/"},"modified":"2024-06-09T05:44:44","modified_gmt":"2024-06-09T05:44:44","slug":"jpm-series-three-phase-permanent-magnet-synchronous-motor-applied-for-general-industry","status":"publish","type":"product","link":"https:\/\/www.zjjiangtian.com\/fr\/produit\/moteur-synchrone-a-aimant-permanent-triphase-serie-jpm-applique-a-lindustrie-generale\/","title":{"rendered":"Moteur synchrone \u00e0 aimant permanent triphas\u00e9 s\u00e9rie JPM (appliqu\u00e9 \u00e0 l&#039;industrie g\u00e9n\u00e9rale)"},"content":{"rendered":"<p>Moteur synchrone \u00e0 aimant permanent triphas\u00e9 de la s\u00e9rie JPM (appliqu\u00e9 \u00e0 l&#039;industrie g\u00e9n\u00e9rale)\u00a0: Cette s\u00e9rie est enti\u00e8rement entour\u00e9e d&#039;un moteur synchrone \u00e0 aimant permanent aux terres rares, appliqu\u00e9 \u00e0 l&#039;industrie g\u00e9n\u00e9rale. Il pr\u00e9sente les avantages d&#039;une capacit\u00e9 de surcharge \u00e9lev\u00e9e, d&#039;un rendement \u00e9lev\u00e9, d&#039;un facteur de puissance \u00e9lev\u00e9, d&#039;un fonctionnement stable, d&#039;un entretien simple et d&#039;une forte interchangeabilit\u00e9. La m\u00e9thode de refroidissement est IC416\/IC411. Le devoir de travail est S1. Le type de montage est conforme aux normes CEI et DIN.<\/p>","protected":false},"excerpt":{"rendered":"<ul>\n<li>Il adopte une structure standard enti\u00e8rement ferm\u00e9e qui peut r\u00e9pondre \u00e0 un fonctionnement stable dans diverses conditions de travail difficiles.<\/li>\n<li>La marge r\u00e9elle du moteur est suffisante pour assurer le fonctionnement fiable du moteur \u00e0 pleine charge avec une faible \u00e9chauffement.<\/li>\n<li>Sa plage de fonctionnement efficace est large et son efficacit\u00e9 est sup\u00e9rieure \u00e0 90% dans la plage de 25%~120%. L&#039;efficacit\u00e9 est sup\u00e9rieure \u00e0 celle du levier 1 du GB30253-2013.<\/li>\n<li>Petit volume, puissance de sortie \u00e9lev\u00e9e et rendement \u00e9lev\u00e9.<\/li>\n<\/ul>","protected":false},"featured_media":1395,"comment_status":"open","ping_status":"closed","template":"","meta":{"_acf_changed":false,"_mi_skip_tracking":false,"_monsterinsights_sitenote_active":false,"_monsterinsights_sitenote_note":"","_monsterinsights_sitenote_category":0},"product_cat":[26],"product_tag":[],"acf":[],"yoast_head":"<!-- This site is optimized with the Yoast SEO Premium plugin v21.6 (Yoast SEO v22.2) - https:\/\/yoast.com\/wordpress\/plugins\/seo\/ -->\n<title>JPM Series Three Phase Permanent Magnet Synchronous Motor (Applied For General Industry) - Jiangtian Electric<\/title>\n<meta name=\"robots\" content=\"index, follow, max-snippet:-1, max-image-preview:large, max-video-preview:-1\" \/>\n<link rel=\"canonical\" href=\"https:\/\/www.zjjiangtian.com\/fr\/produit\/moteur-synchrone-a-aimant-permanent-triphase-serie-jpm-applique-a-lindustrie-generale\/\" \/>\n<meta property=\"og:locale\" content=\"fr_FR\" \/>\n<meta property=\"og:type\" content=\"article\" \/>\n<meta property=\"og:title\" content=\"JPM Series Three Phase Permanent Magnet Synchronous Motor (Applied For General Industry)\" \/>\n<meta property=\"og:description\" content=\"It adopts standard fully enclosed structure which can meet the stable operation under a variety of harsh working conditions. The actual margin of the motor is sufficient to ensure the reliable operation of the motor at full load with low temperature rise. Its efficient operation range is wide and the efficiency is more than 90% in the range of 25%~120%. The efficiency is higher than the lever 1 of GB30253-2013. Small volume, high output power and high efficiency.\" \/>\n<meta property=\"og:url\" content=\"https:\/\/www.zjjiangtian.com\/fr\/produit\/moteur-synchrone-a-aimant-permanent-triphase-serie-jpm-applique-a-lindustrie-generale\/\" \/>\n<meta property=\"og:site_name\" content=\"Jiangtian Electric\" \/>\n<meta property=\"article:modified_time\" content=\"2024-06-09T05:44:44+00:00\" \/>\n<meta property=\"og:image\" content=\"https:\/\/www.zjjiangtian.com\/wp-content\/uploads\/2024\/03\/jpmxl-ty-63188-big-1.jpg\" \/>\n\t<meta property=\"og:image:width\" content=\"600\" \/>\n\t<meta property=\"og:image:height\" content=\"475\" \/>\n\t<meta property=\"og:image:type\" content=\"image\/jpeg\" \/>\n<meta name=\"twitter:card\" content=\"summary_large_image\" \/>\n<script type=\"application\/ld+json\" class=\"yoast-schema-graph\">{\"@context\":\"https:\/\/schema.org\",\"@graph\":[{\"@type\":\"WebPage\",\"@id\":\"https:\/\/www.zjjiangtian.com\/product\/jpm-series-three-phase-permanent-magnet-synchronous-motor-applied-for-general-industry\/\",\"url\":\"https:\/\/www.zjjiangtian.com\/product\/jpm-series-three-phase-permanent-magnet-synchronous-motor-applied-for-general-industry\/\",\"name\":\"JPM Series Three Phase Permanent Magnet Synchronous Motor (Applied For General Industry) - Jiangtian Electric\",\"isPartOf\":{\"@id\":\"https:\/\/www.zjjiangtian.com\/#website\"},\"primaryImageOfPage\":{\"@id\":\"https:\/\/www.zjjiangtian.com\/product\/jpm-series-three-phase-permanent-magnet-synchronous-motor-applied-for-general-industry\/#primaryimage\"},\"image\":{\"@id\":\"https:\/\/www.zjjiangtian.com\/product\/jpm-series-three-phase-permanent-magnet-synchronous-motor-applied-for-general-industry\/#primaryimage\"},\"thumbnailUrl\":\"https:\/\/www.zjjiangtian.com\/wp-content\/uploads\/2024\/03\/jpmxl-ty-63188-big-1.jpg\",\"datePublished\":\"2024-03-23T15:05:15+00:00\",\"dateModified\":\"2024-06-09T05:44:44+00:00\",\"breadcrumb\":{\"@id\":\"https:\/\/www.zjjiangtian.com\/product\/jpm-series-three-phase-permanent-magnet-synchronous-motor-applied-for-general-industry\/#breadcrumb\"},\"inLanguage\":\"fr-FR\",\"potentialAction\":[{\"@type\":\"ReadAction\",\"target\":[\"https:\/\/www.zjjiangtian.com\/product\/jpm-series-three-phase-permanent-magnet-synchronous-motor-applied-for-general-industry\/\"]}]},{\"@type\":\"ImageObject\",\"inLanguage\":\"fr-FR\",\"@id\":\"https:\/\/www.zjjiangtian.com\/product\/jpm-series-three-phase-permanent-magnet-synchronous-motor-applied-for-general-industry\/#primaryimage\",\"url\":\"https:\/\/www.zjjiangtian.com\/wp-content\/uploads\/2024\/03\/jpmxl-ty-63188-big-1.jpg\",\"contentUrl\":\"https:\/\/www.zjjiangtian.com\/wp-content\/uploads\/2024\/03\/jpmxl-ty-63188-big-1.jpg\",\"width\":600,\"height\":475},{\"@type\":\"BreadcrumbList\",\"@id\":\"https:\/\/www.zjjiangtian.com\/product\/jpm-series-three-phase-permanent-magnet-synchronous-motor-applied-for-general-industry\/#breadcrumb\",\"itemListElement\":[{\"@type\":\"ListItem\",\"position\":1,\"name\":\"Home\",\"item\":\"https:\/\/www.zjjiangtian.com\/\"},{\"@type\":\"ListItem\",\"position\":2,\"name\":\"Products\",\"item\":\"https:\/\/www.zjjiangtian.com\/shop\/\"},{\"@type\":\"ListItem\",\"position\":3,\"name\":\"JPM Series Three Phase Permanent Magnet Synchronous Motor (Applied For General Industry)\"}]},{\"@type\":\"WebSite\",\"@id\":\"https:\/\/www.zjjiangtian.com\/#website\",\"url\":\"https:\/\/www.zjjiangtian.com\/\",\"name\":\"Jiangtian Electric\",\"description\":\"\",\"publisher\":{\"@id\":\"https:\/\/www.zjjiangtian.com\/#organization\"},\"potentialAction\":[{\"@type\":\"SearchAction\",\"target\":{\"@type\":\"EntryPoint\",\"urlTemplate\":\"https:\/\/www.zjjiangtian.com\/?s={search_term_string}\"},\"query-input\":\"required name=search_term_string\"}],\"inLanguage\":\"fr-FR\"},{\"@type\":\"Organization\",\"@id\":\"https:\/\/www.zjjiangtian.com\/#organization\",\"name\":\"Jiangtian Electric\",\"url\":\"https:\/\/www.zjjiangtian.com\/\",\"logo\":{\"@type\":\"ImageObject\",\"inLanguage\":\"fr-FR\",\"@id\":\"https:\/\/www.zjjiangtian.com\/#\/schema\/logo\/image\/\",\"url\":\"https:\/\/www.zjjiangtian.com\/wp-content\/uploads\/2023\/10\/logo.webp\",\"contentUrl\":\"https:\/\/www.zjjiangtian.com\/wp-content\/uploads\/2023\/10\/logo.webp\",\"width\":269,\"height\":50,\"caption\":\"Jiangtian Electric\"},\"image\":{\"@id\":\"https:\/\/www.zjjiangtian.com\/#\/schema\/logo\/image\/\"}}]}<\/script>\n<!-- \/ Yoast SEO Premium plugin. -->","yoast_head_json":{"title":"JPM Series Three Phase Permanent Magnet Synchronous Motor (Applied For General Industry) - Jiangtian Electric","robots":{"index":"index","follow":"follow","max-snippet":"max-snippet:-1","max-image-preview":"max-image-preview:large","max-video-preview":"max-video-preview:-1"},"canonical":"https:\/\/www.zjjiangtian.com\/fr\/produit\/moteur-synchrone-a-aimant-permanent-triphase-serie-jpm-applique-a-lindustrie-generale\/","og_locale":"fr_FR","og_type":"article","og_title":"JPM Series Three Phase Permanent Magnet Synchronous Motor (Applied For General Industry)","og_description":"It adopts standard fully enclosed structure which can meet the stable operation under a variety of harsh working conditions. The actual margin of the motor is sufficient to ensure the reliable operation of the motor at full load with low temperature rise. Its efficient operation range is wide and the efficiency is more than 90% in the range of 25%~120%. The efficiency is higher than the lever 1 of GB30253-2013. Small volume, high output power and high efficiency.","og_url":"https:\/\/www.zjjiangtian.com\/fr\/produit\/moteur-synchrone-a-aimant-permanent-triphase-serie-jpm-applique-a-lindustrie-generale\/","og_site_name":"Jiangtian Electric","article_modified_time":"2024-06-09T05:44:44+00:00","og_image":[{"width":600,"height":475,"url":"https:\/\/www.zjjiangtian.com\/wp-content\/uploads\/2024\/03\/jpmxl-ty-63188-big-1.jpg","type":"image\/jpeg"}],"twitter_card":"summary_large_image","schema":{"@context":"https:\/\/schema.org","@graph":[{"@type":"WebPage","@id":"https:\/\/www.zjjiangtian.com\/product\/jpm-series-three-phase-permanent-magnet-synchronous-motor-applied-for-general-industry\/","url":"https:\/\/www.zjjiangtian.com\/product\/jpm-series-three-phase-permanent-magnet-synchronous-motor-applied-for-general-industry\/","name":"JPM Series Three Phase Permanent Magnet Synchronous Motor (Applied For General Industry) - Jiangtian Electric","isPartOf":{"@id":"https:\/\/www.zjjiangtian.com\/#website"},"primaryImageOfPage":{"@id":"https:\/\/www.zjjiangtian.com\/product\/jpm-series-three-phase-permanent-magnet-synchronous-motor-applied-for-general-industry\/#primaryimage"},"image":{"@id":"https:\/\/www.zjjiangtian.com\/product\/jpm-series-three-phase-permanent-magnet-synchronous-motor-applied-for-general-industry\/#primaryimage"},"thumbnailUrl":"https:\/\/www.zjjiangtian.com\/wp-content\/uploads\/2024\/03\/jpmxl-ty-63188-big-1.jpg","datePublished":"2024-03-23T15:05:15+00:00","dateModified":"2024-06-09T05:44:44+00:00","breadcrumb":{"@id":"https:\/\/www.zjjiangtian.com\/product\/jpm-series-three-phase-permanent-magnet-synchronous-motor-applied-for-general-industry\/#breadcrumb"},"inLanguage":"fr-FR","potentialAction":[{"@type":"ReadAction","target":["https:\/\/www.zjjiangtian.com\/product\/jpm-series-three-phase-permanent-magnet-synchronous-motor-applied-for-general-industry\/"]}]},{"@type":"ImageObject","inLanguage":"fr-FR","@id":"https:\/\/www.zjjiangtian.com\/product\/jpm-series-three-phase-permanent-magnet-synchronous-motor-applied-for-general-industry\/#primaryimage","url":"https:\/\/www.zjjiangtian.com\/wp-content\/uploads\/2024\/03\/jpmxl-ty-63188-big-1.jpg","contentUrl":"https:\/\/www.zjjiangtian.com\/wp-content\/uploads\/2024\/03\/jpmxl-ty-63188-big-1.jpg","width":600,"height":475},{"@type":"BreadcrumbList","@id":"https:\/\/www.zjjiangtian.com\/product\/jpm-series-three-phase-permanent-magnet-synchronous-motor-applied-for-general-industry\/#breadcrumb","itemListElement":[{"@type":"ListItem","position":1,"name":"Home","item":"https:\/\/www.zjjiangtian.com\/"},{"@type":"ListItem","position":2,"name":"Products","item":"https:\/\/www.zjjiangtian.com\/shop\/"},{"@type":"ListItem","position":3,"name":"JPM Series Three Phase Permanent Magnet Synchronous Motor (Applied For General Industry)"}]},{"@type":"WebSite","@id":"https:\/\/www.zjjiangtian.com\/#website","url":"https:\/\/www.zjjiangtian.com\/","name":"Jiangtian Electric","description":"","publisher":{"@id":"https:\/\/www.zjjiangtian.com\/#organization"},"potentialAction":[{"@type":"SearchAction","target":{"@type":"EntryPoint","urlTemplate":"https:\/\/www.zjjiangtian.com\/?s={search_term_string}"},"query-input":"required name=search_term_string"}],"inLanguage":"fr-FR"},{"@type":"Organization","@id":"https:\/\/www.zjjiangtian.com\/#organization","name":"Jiangtian Electric","url":"https:\/\/www.zjjiangtian.com\/","logo":{"@type":"ImageObject","inLanguage":"fr-FR","@id":"https:\/\/www.zjjiangtian.com\/#\/schema\/logo\/image\/","url":"https:\/\/www.zjjiangtian.com\/wp-content\/uploads\/2023\/10\/logo.webp","contentUrl":"https:\/\/www.zjjiangtian.com\/wp-content\/uploads\/2023\/10\/logo.webp","width":269,"height":50,"caption":"Jiangtian Electric"},"image":{"@id":"https:\/\/www.zjjiangtian.com\/#\/schema\/logo\/image\/"}}]}},"_links":{"self":[{"href":"https:\/\/www.zjjiangtian.com\/fr\/wp-json\/wp\/v2\/product\/1396"}],"collection":[{"href":"https:\/\/www.zjjiangtian.com\/fr\/wp-json\/wp\/v2\/product"}],"about":[{"href":"https:\/\/www.zjjiangtian.com\/fr\/wp-json\/wp\/v2\/types\/product"}],"replies":[{"embeddable":true,"href":"https:\/\/www.zjjiangtian.com\/fr\/wp-json\/wp\/v2\/comments?post=1396"}],"wp:featuredmedia":[{"embeddable":true,"href":"https:\/\/www.zjjiangtian.com\/fr\/wp-json\/wp\/v2\/media\/1395"}],"wp:attachment":[{"href":"https:\/\/www.zjjiangtian.com\/fr\/wp-json\/wp\/v2\/media?parent=1396"}],"wp:term":[{"taxonomy":"product_cat","embeddable":true,"href":"https:\/\/www.zjjiangtian.com\/fr\/wp-json\/wp\/v2\/product_cat?post=1396"},{"taxonomy":"product_tag","embeddable":true,"href":"https:\/\/www.zjjiangtian.com\/fr\/wp-json\/wp\/v2\/product_tag?post=1396"}],"curies":[{"name":"wp","href":"https:\/\/api.w.org\/{rel}","templated":true}]}}