{"id":1398,"date":"2024-03-23T15:05:15","date_gmt":"2024-03-23T15:05:15","guid":{"rendered":"https:\/\/www.zjjiangtian.com\/product\/jpm-series-three-phase-permanent-magnet-synchronous-motor-specially-designed-for-air-compressor\/"},"modified":"2024-06-09T05:44:45","modified_gmt":"2024-06-09T05:44:45","slug":"jpm-series-three-phase-permanent-magnet-synchronous-motor-specially-designed-for-air-compressor","status":"publish","type":"product","link":"https:\/\/www.zjjiangtian.com\/fr\/produit\/moteur-synchrone-a-aimant-permanent-triphase-serie-jpm-specialement-concu-pour-le-compresseur-dair\/","title":{"rendered":"Moteur synchrone \u00e0 aimant permanent triphas\u00e9 s\u00e9rie JPM (sp\u00e9cialement con\u00e7u pour le compresseur d&#039;air)"},"content":{"rendered":"<p>Moteur synchrone \u00e0 aimant permanent triphas\u00e9 de la s\u00e9rie JPM (sp\u00e9cialement con\u00e7u pour le compresseur d&#039;air)\u00a0: Cette s\u00e9rie est enti\u00e8rement entour\u00e9e d&#039;un moteur synchrone \u00e0 aimant permanent aux terres rares, sp\u00e9cialement con\u00e7u pour les compresseurs d&#039;air. Il pr\u00e9sente les avantages d&#039;une capacit\u00e9 de surcharge \u00e9lev\u00e9e, d&#039;un rendement \u00e9lev\u00e9, d&#039;un facteur de puissance \u00e9lev\u00e9, d&#039;un fonctionnement stable, d&#039;un entretien simple et d&#039;une forte interchangeabilit\u00e9. La m\u00e9thode de refroidissement est IC416\/IC411. Le devoir de travail est S1. Le type de montage est conforme aux normes CEI et DIN.<\/p>","protected":false},"excerpt":{"rendered":"<ul>\n<li>Cette s\u00e9rie de moteurs est un moteur \u00e9conome en \u00e9nergie pour le compresseur. Le moteur peut modifier la vitesse en fonction du volume de gaz et maintenir un rendement \u00e9lev\u00e9 dans des conditions de chargement et de d\u00e9chargement.<\/li>\n<li>La marge r\u00e9elle du moteur est suffisante pour assurer le fonctionnement fiable du moteur \u00e0 pleine charge avec une faible \u00e9chauffement.<\/li>\n<li>Sa plage de fonctionnement efficace est large et son efficacit\u00e9 est sup\u00e9rieure \u00e0 90% dans la plage de 25%~120%. L&#039;efficacit\u00e9 est sup\u00e9rieure \u00e0 celle du levier 1 du GB30253-2013.<\/li>\n<li>Il s&#039;adapte parfaitement au compresseur d&#039;air, augmentant ainsi l&#039;efficacit\u00e9 globale du compresseur d&#039;air bien plus que l&#039;efficacit\u00e9 \u00e9nerg\u00e9tique de niveau 1 de la norme nationale.<\/li>\n<\/ul>","protected":false},"featured_media":1397,"comment_status":"open","ping_status":"closed","template":"","meta":{"_acf_changed":false,"_mi_skip_tracking":false,"_monsterinsights_sitenote_active":false,"_monsterinsights_sitenote_note":"","_monsterinsights_sitenote_category":0},"product_cat":[26],"product_tag":[],"acf":[],"yoast_head":"<!-- This site is optimized with the Yoast SEO Premium plugin v21.6 (Yoast SEO v22.2) - https:\/\/yoast.com\/wordpress\/plugins\/seo\/ -->\n<title>JPM Series Three Phase Permanent Magnet Synchronous Motor (Specially Designed For Air Compressor) - Jiangtian Electric<\/title>\n<meta name=\"robots\" content=\"index, follow, max-snippet:-1, max-image-preview:large, max-video-preview:-1\" \/>\n<link rel=\"canonical\" href=\"https:\/\/www.zjjiangtian.com\/fr\/produit\/moteur-synchrone-a-aimant-permanent-triphase-serie-jpm-specialement-concu-pour-le-compresseur-dair\/\" \/>\n<meta property=\"og:locale\" content=\"fr_FR\" \/>\n<meta property=\"og:type\" content=\"article\" \/>\n<meta property=\"og:title\" content=\"JPM Series Three Phase Permanent Magnet Synchronous Motor (Specially Designed For Air Compressor)\" \/>\n<meta property=\"og:description\" content=\"This series of motors is an energy-saving motor for the compressor. The motor can change the speed with the gas volume and maintain high efficiency under loading and unloading conditions. The actual margin of the motor is sufficient to ensure the reliable operation of the motor at full load with low temperature rise. Its efficient operation range is wide and the efficiency is more than 90% in the range of 25%~120%. The efficiency is higher than the lever 1 of GB30253-2013. It is perfectly matching with the air compressor, boosting air compressor overall efficiency far more than the national standard level 1 energy efficiency.\" \/>\n<meta property=\"og:url\" content=\"https:\/\/www.zjjiangtian.com\/fr\/produit\/moteur-synchrone-a-aimant-permanent-triphase-serie-jpm-specialement-concu-pour-le-compresseur-dair\/\" \/>\n<meta property=\"og:site_name\" content=\"Jiangtian Electric\" \/>\n<meta property=\"article:modified_time\" content=\"2024-06-09T05:44:45+00:00\" \/>\n<meta property=\"og:image\" content=\"https:\/\/www.zjjiangtian.com\/wp-content\/uploads\/2024\/03\/jpmxl-kyjzy-63187-big-1.jpg\" \/>\n\t<meta property=\"og:image:width\" content=\"600\" \/>\n\t<meta property=\"og:image:height\" content=\"475\" \/>\n\t<meta property=\"og:image:type\" content=\"image\/jpeg\" \/>\n<meta name=\"twitter:card\" content=\"summary_large_image\" \/>\n<script type=\"application\/ld+json\" class=\"yoast-schema-graph\">{\"@context\":\"https:\/\/schema.org\",\"@graph\":[{\"@type\":\"WebPage\",\"@id\":\"https:\/\/www.zjjiangtian.com\/product\/jpm-series-three-phase-permanent-magnet-synchronous-motor-specially-designed-for-air-compressor\/\",\"url\":\"https:\/\/www.zjjiangtian.com\/product\/jpm-series-three-phase-permanent-magnet-synchronous-motor-specially-designed-for-air-compressor\/\",\"name\":\"JPM Series Three Phase Permanent Magnet Synchronous Motor (Specially Designed For Air Compressor) - Jiangtian Electric\",\"isPartOf\":{\"@id\":\"https:\/\/www.zjjiangtian.com\/#website\"},\"primaryImageOfPage\":{\"@id\":\"https:\/\/www.zjjiangtian.com\/product\/jpm-series-three-phase-permanent-magnet-synchronous-motor-specially-designed-for-air-compressor\/#primaryimage\"},\"image\":{\"@id\":\"https:\/\/www.zjjiangtian.com\/product\/jpm-series-three-phase-permanent-magnet-synchronous-motor-specially-designed-for-air-compressor\/#primaryimage\"},\"thumbnailUrl\":\"https:\/\/www.zjjiangtian.com\/wp-content\/uploads\/2024\/03\/jpmxl-kyjzy-63187-big-1.jpg\",\"datePublished\":\"2024-03-23T15:05:15+00:00\",\"dateModified\":\"2024-06-09T05:44:45+00:00\",\"breadcrumb\":{\"@id\":\"https:\/\/www.zjjiangtian.com\/product\/jpm-series-three-phase-permanent-magnet-synchronous-motor-specially-designed-for-air-compressor\/#breadcrumb\"},\"inLanguage\":\"fr-FR\",\"potentialAction\":[{\"@type\":\"ReadAction\",\"target\":[\"https:\/\/www.zjjiangtian.com\/product\/jpm-series-three-phase-permanent-magnet-synchronous-motor-specially-designed-for-air-compressor\/\"]}]},{\"@type\":\"ImageObject\",\"inLanguage\":\"fr-FR\",\"@id\":\"https:\/\/www.zjjiangtian.com\/product\/jpm-series-three-phase-permanent-magnet-synchronous-motor-specially-designed-for-air-compressor\/#primaryimage\",\"url\":\"https:\/\/www.zjjiangtian.com\/wp-content\/uploads\/2024\/03\/jpmxl-kyjzy-63187-big-1.jpg\",\"contentUrl\":\"https:\/\/www.zjjiangtian.com\/wp-content\/uploads\/2024\/03\/jpmxl-kyjzy-63187-big-1.jpg\",\"width\":600,\"height\":475},{\"@type\":\"BreadcrumbList\",\"@id\":\"https:\/\/www.zjjiangtian.com\/product\/jpm-series-three-phase-permanent-magnet-synchronous-motor-specially-designed-for-air-compressor\/#breadcrumb\",\"itemListElement\":[{\"@type\":\"ListItem\",\"position\":1,\"name\":\"Home\",\"item\":\"https:\/\/www.zjjiangtian.com\/\"},{\"@type\":\"ListItem\",\"position\":2,\"name\":\"Products\",\"item\":\"https:\/\/www.zjjiangtian.com\/shop\/\"},{\"@type\":\"ListItem\",\"position\":3,\"name\":\"JPM Series Three Phase Permanent Magnet Synchronous Motor (Specially Designed For Air Compressor)\"}]},{\"@type\":\"WebSite\",\"@id\":\"https:\/\/www.zjjiangtian.com\/#website\",\"url\":\"https:\/\/www.zjjiangtian.com\/\",\"name\":\"Jiangtian Electric\",\"description\":\"\",\"publisher\":{\"@id\":\"https:\/\/www.zjjiangtian.com\/#organization\"},\"potentialAction\":[{\"@type\":\"SearchAction\",\"target\":{\"@type\":\"EntryPoint\",\"urlTemplate\":\"https:\/\/www.zjjiangtian.com\/?s={search_term_string}\"},\"query-input\":\"required name=search_term_string\"}],\"inLanguage\":\"fr-FR\"},{\"@type\":\"Organization\",\"@id\":\"https:\/\/www.zjjiangtian.com\/#organization\",\"name\":\"Jiangtian Electric\",\"url\":\"https:\/\/www.zjjiangtian.com\/\",\"logo\":{\"@type\":\"ImageObject\",\"inLanguage\":\"fr-FR\",\"@id\":\"https:\/\/www.zjjiangtian.com\/#\/schema\/logo\/image\/\",\"url\":\"https:\/\/www.zjjiangtian.com\/wp-content\/uploads\/2023\/10\/logo.webp\",\"contentUrl\":\"https:\/\/www.zjjiangtian.com\/wp-content\/uploads\/2023\/10\/logo.webp\",\"width\":269,\"height\":50,\"caption\":\"Jiangtian Electric\"},\"image\":{\"@id\":\"https:\/\/www.zjjiangtian.com\/#\/schema\/logo\/image\/\"}}]}<\/script>\n<!-- \/ Yoast SEO Premium plugin. -->","yoast_head_json":{"title":"JPM Series Three Phase Permanent Magnet Synchronous Motor (Specially Designed For Air Compressor) - Jiangtian Electric","robots":{"index":"index","follow":"follow","max-snippet":"max-snippet:-1","max-image-preview":"max-image-preview:large","max-video-preview":"max-video-preview:-1"},"canonical":"https:\/\/www.zjjiangtian.com\/fr\/produit\/moteur-synchrone-a-aimant-permanent-triphase-serie-jpm-specialement-concu-pour-le-compresseur-dair\/","og_locale":"fr_FR","og_type":"article","og_title":"JPM Series Three Phase Permanent Magnet Synchronous Motor (Specially Designed For Air Compressor)","og_description":"This series of motors is an energy-saving motor for the compressor. The motor can change the speed with the gas volume and maintain high efficiency under loading and unloading conditions. The actual margin of the motor is sufficient to ensure the reliable operation of the motor at full load with low temperature rise. Its efficient operation range is wide and the efficiency is more than 90% in the range of 25%~120%. The efficiency is higher than the lever 1 of GB30253-2013. It is perfectly matching with the air compressor, boosting air compressor overall efficiency far more than the national standard level 1 energy efficiency.","og_url":"https:\/\/www.zjjiangtian.com\/fr\/produit\/moteur-synchrone-a-aimant-permanent-triphase-serie-jpm-specialement-concu-pour-le-compresseur-dair\/","og_site_name":"Jiangtian Electric","article_modified_time":"2024-06-09T05:44:45+00:00","og_image":[{"width":600,"height":475,"url":"https:\/\/www.zjjiangtian.com\/wp-content\/uploads\/2024\/03\/jpmxl-kyjzy-63187-big-1.jpg","type":"image\/jpeg"}],"twitter_card":"summary_large_image","schema":{"@context":"https:\/\/schema.org","@graph":[{"@type":"WebPage","@id":"https:\/\/www.zjjiangtian.com\/product\/jpm-series-three-phase-permanent-magnet-synchronous-motor-specially-designed-for-air-compressor\/","url":"https:\/\/www.zjjiangtian.com\/product\/jpm-series-three-phase-permanent-magnet-synchronous-motor-specially-designed-for-air-compressor\/","name":"JPM Series Three Phase Permanent Magnet Synchronous Motor (Specially Designed For Air Compressor) - Jiangtian Electric","isPartOf":{"@id":"https:\/\/www.zjjiangtian.com\/#website"},"primaryImageOfPage":{"@id":"https:\/\/www.zjjiangtian.com\/product\/jpm-series-three-phase-permanent-magnet-synchronous-motor-specially-designed-for-air-compressor\/#primaryimage"},"image":{"@id":"https:\/\/www.zjjiangtian.com\/product\/jpm-series-three-phase-permanent-magnet-synchronous-motor-specially-designed-for-air-compressor\/#primaryimage"},"thumbnailUrl":"https:\/\/www.zjjiangtian.com\/wp-content\/uploads\/2024\/03\/jpmxl-kyjzy-63187-big-1.jpg","datePublished":"2024-03-23T15:05:15+00:00","dateModified":"2024-06-09T05:44:45+00:00","breadcrumb":{"@id":"https:\/\/www.zjjiangtian.com\/product\/jpm-series-three-phase-permanent-magnet-synchronous-motor-specially-designed-for-air-compressor\/#breadcrumb"},"inLanguage":"fr-FR","potentialAction":[{"@type":"ReadAction","target":["https:\/\/www.zjjiangtian.com\/product\/jpm-series-three-phase-permanent-magnet-synchronous-motor-specially-designed-for-air-compressor\/"]}]},{"@type":"ImageObject","inLanguage":"fr-FR","@id":"https:\/\/www.zjjiangtian.com\/product\/jpm-series-three-phase-permanent-magnet-synchronous-motor-specially-designed-for-air-compressor\/#primaryimage","url":"https:\/\/www.zjjiangtian.com\/wp-content\/uploads\/2024\/03\/jpmxl-kyjzy-63187-big-1.jpg","contentUrl":"https:\/\/www.zjjiangtian.com\/wp-content\/uploads\/2024\/03\/jpmxl-kyjzy-63187-big-1.jpg","width":600,"height":475},{"@type":"BreadcrumbList","@id":"https:\/\/www.zjjiangtian.com\/product\/jpm-series-three-phase-permanent-magnet-synchronous-motor-specially-designed-for-air-compressor\/#breadcrumb","itemListElement":[{"@type":"ListItem","position":1,"name":"Home","item":"https:\/\/www.zjjiangtian.com\/"},{"@type":"ListItem","position":2,"name":"Products","item":"https:\/\/www.zjjiangtian.com\/shop\/"},{"@type":"ListItem","position":3,"name":"JPM Series Three Phase Permanent Magnet Synchronous Motor (Specially Designed For Air Compressor)"}]},{"@type":"WebSite","@id":"https:\/\/www.zjjiangtian.com\/#website","url":"https:\/\/www.zjjiangtian.com\/","name":"Jiangtian Electric","description":"","publisher":{"@id":"https:\/\/www.zjjiangtian.com\/#organization"},"potentialAction":[{"@type":"SearchAction","target":{"@type":"EntryPoint","urlTemplate":"https:\/\/www.zjjiangtian.com\/?s={search_term_string}"},"query-input":"required name=search_term_string"}],"inLanguage":"fr-FR"},{"@type":"Organization","@id":"https:\/\/www.zjjiangtian.com\/#organization","name":"Jiangtian Electric","url":"https:\/\/www.zjjiangtian.com\/","logo":{"@type":"ImageObject","inLanguage":"fr-FR","@id":"https:\/\/www.zjjiangtian.com\/#\/schema\/logo\/image\/","url":"https:\/\/www.zjjiangtian.com\/wp-content\/uploads\/2023\/10\/logo.webp","contentUrl":"https:\/\/www.zjjiangtian.com\/wp-content\/uploads\/2023\/10\/logo.webp","width":269,"height":50,"caption":"Jiangtian Electric"},"image":{"@id":"https:\/\/www.zjjiangtian.com\/#\/schema\/logo\/image\/"}}]}},"_links":{"self":[{"href":"https:\/\/www.zjjiangtian.com\/fr\/wp-json\/wp\/v2\/product\/1398"}],"collection":[{"href":"https:\/\/www.zjjiangtian.com\/fr\/wp-json\/wp\/v2\/product"}],"about":[{"href":"https:\/\/www.zjjiangtian.com\/fr\/wp-json\/wp\/v2\/types\/product"}],"replies":[{"embeddable":true,"href":"https:\/\/www.zjjiangtian.com\/fr\/wp-json\/wp\/v2\/comments?post=1398"}],"wp:featuredmedia":[{"embeddable":true,"href":"https:\/\/www.zjjiangtian.com\/fr\/wp-json\/wp\/v2\/media\/1397"}],"wp:attachment":[{"href":"https:\/\/www.zjjiangtian.com\/fr\/wp-json\/wp\/v2\/media?parent=1398"}],"wp:term":[{"taxonomy":"product_cat","embeddable":true,"href":"https:\/\/www.zjjiangtian.com\/fr\/wp-json\/wp\/v2\/product_cat?post=1398"},{"taxonomy":"product_tag","embeddable":true,"href":"https:\/\/www.zjjiangtian.com\/fr\/wp-json\/wp\/v2\/product_tag?post=1398"}],"curies":[{"name":"wp","href":"https:\/\/api.w.org\/{rel}","templated":true}]}}