{"id":1420,"date":"2024-03-23T15:05:22","date_gmt":"2024-03-23T15:05:22","guid":{"rendered":"https:\/\/www.zjjiangtian.com\/product\/ye3-series-three-phase-asynchronous-motor-applied-for-general-industry\/"},"modified":"2024-06-09T05:43:38","modified_gmt":"2024-06-09T05:43:38","slug":"ye3-series-three-phase-asynchronous-motor-applied-for-general-industry","status":"publish","type":"product","link":"https:\/\/www.zjjiangtian.com\/fr\/produit\/moteur-asynchrone-triphase-serie-ye3-applique-a-lindustrie-generale\/","title":{"rendered":"Moteur asynchrone triphas\u00e9 s\u00e9rie YE3 (appliqu\u00e9 \u00e0 l&#039;industrie g\u00e9n\u00e9rale)"},"content":{"rendered":"<p>Moteur asynchrone triphas\u00e9 s\u00e9rie YE3 (appliqu\u00e9 \u00e0 l&#039;industrie g\u00e9n\u00e9rale)\u00a0: Cette s\u00e9rie est un moteur asynchrone triphas\u00e9 enti\u00e8rement ferm\u00e9, \u00e0 refroidissement automatique par air et \u00e0 cage d&#039;\u00e9cureuil. Il est appliqu\u00e9 \u00e0 l&#039;industrie g\u00e9n\u00e9rale, qui convient \u00e0 la conduite de toutes sortes d&#039;\u00e9quipements m\u00e9caniques sans exigences particuli\u00e8res. Il r\u00e9pond \u00e9galement au niveau limite d&#039;efficacit\u00e9 \u00e9nerg\u00e9tique 3 de la norme GB18613-2020.<\/p>","protected":false},"excerpt":{"rendered":"<ul>\n<li>Moteur asynchrone triphas\u00e9 \u00e0 cage d&#039;\u00e9cureuil et auto-refroidissement par air enti\u00e8rement ferm\u00e9.<\/li>\n<li>Il peut r\u00e9pondre au niveau limite d&#039;efficacit\u00e9 \u00e9nerg\u00e9tique 3 de la norme GB 18613-2020. <\/li>\n<li>Temp\u00e9rature de fonctionnement : -15 ~ 40 \u00b0C, altitude : inf\u00e9rieure \u00e0 1000 M.<\/li>\n<li>Il s&#039;applique \u00e0 l&#039;industrie g\u00e9n\u00e9rale.<\/li>\n<\/ul>","protected":false},"featured_media":1419,"comment_status":"open","ping_status":"closed","template":"","meta":{"_acf_changed":false,"_mi_skip_tracking":false,"_monsterinsights_sitenote_active":false,"_monsterinsights_sitenote_note":"","_monsterinsights_sitenote_category":0},"product_cat":[28],"product_tag":[],"acf":[],"yoast_head":"<!-- This site is optimized with the Yoast SEO Premium plugin v21.6 (Yoast SEO v22.2) - https:\/\/yoast.com\/wordpress\/plugins\/seo\/ -->\n<title>YE3 Series Three Phase Asynchronous Motor (Applied For General Industry) - Jiangtian Electric<\/title>\n<meta name=\"robots\" content=\"index, follow, max-snippet:-1, max-image-preview:large, max-video-preview:-1\" \/>\n<link rel=\"canonical\" href=\"https:\/\/www.zjjiangtian.com\/fr\/produit\/moteur-asynchrone-triphase-serie-ye3-applique-a-lindustrie-generale\/\" \/>\n<meta property=\"og:locale\" content=\"fr_FR\" \/>\n<meta property=\"og:type\" content=\"article\" \/>\n<meta property=\"og:title\" content=\"YE3 Series Three Phase Asynchronous Motor (Applied For General Industry)\" \/>\n<meta property=\"og:description\" content=\"Fully enclosed\u3001air self-cooling and squirrel cage three phase asynchronous motor. It can meet energy efficiency limit level 3 of GB 18613-2020 standard. Working temperature:-15~40\u00b0C,altitude:below 1000M It is applied to general industry.\" \/>\n<meta property=\"og:url\" content=\"https:\/\/www.zjjiangtian.com\/fr\/produit\/moteur-asynchrone-triphase-serie-ye3-applique-a-lindustrie-generale\/\" \/>\n<meta property=\"og:site_name\" content=\"Jiangtian Electric\" \/>\n<meta property=\"article:modified_time\" content=\"2024-06-09T05:43:38+00:00\" \/>\n<meta property=\"og:image\" content=\"https:\/\/www.zjjiangtian.com\/wp-content\/uploads\/2024\/03\/ye3-63125-big-1.jpg\" \/>\n\t<meta property=\"og:image:width\" content=\"600\" \/>\n\t<meta property=\"og:image:height\" content=\"475\" \/>\n\t<meta property=\"og:image:type\" content=\"image\/jpeg\" \/>\n<meta name=\"twitter:card\" content=\"summary_large_image\" \/>\n<script type=\"application\/ld+json\" class=\"yoast-schema-graph\">{\"@context\":\"https:\/\/schema.org\",\"@graph\":[{\"@type\":\"WebPage\",\"@id\":\"https:\/\/www.zjjiangtian.com\/product\/ye3-series-three-phase-asynchronous-motor-applied-for-general-industry\/\",\"url\":\"https:\/\/www.zjjiangtian.com\/product\/ye3-series-three-phase-asynchronous-motor-applied-for-general-industry\/\",\"name\":\"YE3 Series Three Phase Asynchronous Motor (Applied For General Industry) - Jiangtian Electric\",\"isPartOf\":{\"@id\":\"https:\/\/www.zjjiangtian.com\/#website\"},\"primaryImageOfPage\":{\"@id\":\"https:\/\/www.zjjiangtian.com\/product\/ye3-series-three-phase-asynchronous-motor-applied-for-general-industry\/#primaryimage\"},\"image\":{\"@id\":\"https:\/\/www.zjjiangtian.com\/product\/ye3-series-three-phase-asynchronous-motor-applied-for-general-industry\/#primaryimage\"},\"thumbnailUrl\":\"https:\/\/www.zjjiangtian.com\/wp-content\/uploads\/2024\/03\/ye3-63125-big-1.jpg\",\"datePublished\":\"2024-03-23T15:05:22+00:00\",\"dateModified\":\"2024-06-09T05:43:38+00:00\",\"breadcrumb\":{\"@id\":\"https:\/\/www.zjjiangtian.com\/product\/ye3-series-three-phase-asynchronous-motor-applied-for-general-industry\/#breadcrumb\"},\"inLanguage\":\"fr-FR\",\"potentialAction\":[{\"@type\":\"ReadAction\",\"target\":[\"https:\/\/www.zjjiangtian.com\/product\/ye3-series-three-phase-asynchronous-motor-applied-for-general-industry\/\"]}]},{\"@type\":\"ImageObject\",\"inLanguage\":\"fr-FR\",\"@id\":\"https:\/\/www.zjjiangtian.com\/product\/ye3-series-three-phase-asynchronous-motor-applied-for-general-industry\/#primaryimage\",\"url\":\"https:\/\/www.zjjiangtian.com\/wp-content\/uploads\/2024\/03\/ye3-63125-big-1.jpg\",\"contentUrl\":\"https:\/\/www.zjjiangtian.com\/wp-content\/uploads\/2024\/03\/ye3-63125-big-1.jpg\",\"width\":600,\"height\":475},{\"@type\":\"BreadcrumbList\",\"@id\":\"https:\/\/www.zjjiangtian.com\/product\/ye3-series-three-phase-asynchronous-motor-applied-for-general-industry\/#breadcrumb\",\"itemListElement\":[{\"@type\":\"ListItem\",\"position\":1,\"name\":\"Home\",\"item\":\"https:\/\/www.zjjiangtian.com\/\"},{\"@type\":\"ListItem\",\"position\":2,\"name\":\"Products\",\"item\":\"https:\/\/www.zjjiangtian.com\/shop\/\"},{\"@type\":\"ListItem\",\"position\":3,\"name\":\"YE3 Series Three Phase Asynchronous Motor (Applied For General Industry)\"}]},{\"@type\":\"WebSite\",\"@id\":\"https:\/\/www.zjjiangtian.com\/#website\",\"url\":\"https:\/\/www.zjjiangtian.com\/\",\"name\":\"Jiangtian Electric\",\"description\":\"\",\"publisher\":{\"@id\":\"https:\/\/www.zjjiangtian.com\/#organization\"},\"potentialAction\":[{\"@type\":\"SearchAction\",\"target\":{\"@type\":\"EntryPoint\",\"urlTemplate\":\"https:\/\/www.zjjiangtian.com\/?s={search_term_string}\"},\"query-input\":\"required name=search_term_string\"}],\"inLanguage\":\"fr-FR\"},{\"@type\":\"Organization\",\"@id\":\"https:\/\/www.zjjiangtian.com\/#organization\",\"name\":\"Jiangtian Electric\",\"url\":\"https:\/\/www.zjjiangtian.com\/\",\"logo\":{\"@type\":\"ImageObject\",\"inLanguage\":\"fr-FR\",\"@id\":\"https:\/\/www.zjjiangtian.com\/#\/schema\/logo\/image\/\",\"url\":\"https:\/\/www.zjjiangtian.com\/wp-content\/uploads\/2023\/10\/logo.webp\",\"contentUrl\":\"https:\/\/www.zjjiangtian.com\/wp-content\/uploads\/2023\/10\/logo.webp\",\"width\":269,\"height\":50,\"caption\":\"Jiangtian Electric\"},\"image\":{\"@id\":\"https:\/\/www.zjjiangtian.com\/#\/schema\/logo\/image\/\"}}]}<\/script>\n<!-- \/ Yoast SEO Premium plugin. -->","yoast_head_json":{"title":"YE3 Series Three Phase Asynchronous Motor (Applied For General Industry) - Jiangtian Electric","robots":{"index":"index","follow":"follow","max-snippet":"max-snippet:-1","max-image-preview":"max-image-preview:large","max-video-preview":"max-video-preview:-1"},"canonical":"https:\/\/www.zjjiangtian.com\/fr\/produit\/moteur-asynchrone-triphase-serie-ye3-applique-a-lindustrie-generale\/","og_locale":"fr_FR","og_type":"article","og_title":"YE3 Series Three Phase Asynchronous Motor (Applied For General Industry)","og_description":"Fully enclosed\u3001air self-cooling and squirrel cage three phase asynchronous motor. It can meet energy efficiency limit level 3 of GB 18613-2020 standard. Working temperature:-15~40\u00b0C,altitude:below 1000M It is applied to general industry.","og_url":"https:\/\/www.zjjiangtian.com\/fr\/produit\/moteur-asynchrone-triphase-serie-ye3-applique-a-lindustrie-generale\/","og_site_name":"Jiangtian Electric","article_modified_time":"2024-06-09T05:43:38+00:00","og_image":[{"width":600,"height":475,"url":"https:\/\/www.zjjiangtian.com\/wp-content\/uploads\/2024\/03\/ye3-63125-big-1.jpg","type":"image\/jpeg"}],"twitter_card":"summary_large_image","schema":{"@context":"https:\/\/schema.org","@graph":[{"@type":"WebPage","@id":"https:\/\/www.zjjiangtian.com\/product\/ye3-series-three-phase-asynchronous-motor-applied-for-general-industry\/","url":"https:\/\/www.zjjiangtian.com\/product\/ye3-series-three-phase-asynchronous-motor-applied-for-general-industry\/","name":"YE3 Series Three Phase Asynchronous Motor (Applied For General Industry) - Jiangtian Electric","isPartOf":{"@id":"https:\/\/www.zjjiangtian.com\/#website"},"primaryImageOfPage":{"@id":"https:\/\/www.zjjiangtian.com\/product\/ye3-series-three-phase-asynchronous-motor-applied-for-general-industry\/#primaryimage"},"image":{"@id":"https:\/\/www.zjjiangtian.com\/product\/ye3-series-three-phase-asynchronous-motor-applied-for-general-industry\/#primaryimage"},"thumbnailUrl":"https:\/\/www.zjjiangtian.com\/wp-content\/uploads\/2024\/03\/ye3-63125-big-1.jpg","datePublished":"2024-03-23T15:05:22+00:00","dateModified":"2024-06-09T05:43:38+00:00","breadcrumb":{"@id":"https:\/\/www.zjjiangtian.com\/product\/ye3-series-three-phase-asynchronous-motor-applied-for-general-industry\/#breadcrumb"},"inLanguage":"fr-FR","potentialAction":[{"@type":"ReadAction","target":["https:\/\/www.zjjiangtian.com\/product\/ye3-series-three-phase-asynchronous-motor-applied-for-general-industry\/"]}]},{"@type":"ImageObject","inLanguage":"fr-FR","@id":"https:\/\/www.zjjiangtian.com\/product\/ye3-series-three-phase-asynchronous-motor-applied-for-general-industry\/#primaryimage","url":"https:\/\/www.zjjiangtian.com\/wp-content\/uploads\/2024\/03\/ye3-63125-big-1.jpg","contentUrl":"https:\/\/www.zjjiangtian.com\/wp-content\/uploads\/2024\/03\/ye3-63125-big-1.jpg","width":600,"height":475},{"@type":"BreadcrumbList","@id":"https:\/\/www.zjjiangtian.com\/product\/ye3-series-three-phase-asynchronous-motor-applied-for-general-industry\/#breadcrumb","itemListElement":[{"@type":"ListItem","position":1,"name":"Home","item":"https:\/\/www.zjjiangtian.com\/"},{"@type":"ListItem","position":2,"name":"Products","item":"https:\/\/www.zjjiangtian.com\/shop\/"},{"@type":"ListItem","position":3,"name":"YE3 Series Three Phase Asynchronous Motor (Applied For General Industry)"}]},{"@type":"WebSite","@id":"https:\/\/www.zjjiangtian.com\/#website","url":"https:\/\/www.zjjiangtian.com\/","name":"Jiangtian Electric","description":"","publisher":{"@id":"https:\/\/www.zjjiangtian.com\/#organization"},"potentialAction":[{"@type":"SearchAction","target":{"@type":"EntryPoint","urlTemplate":"https:\/\/www.zjjiangtian.com\/?s={search_term_string}"},"query-input":"required name=search_term_string"}],"inLanguage":"fr-FR"},{"@type":"Organization","@id":"https:\/\/www.zjjiangtian.com\/#organization","name":"Jiangtian Electric","url":"https:\/\/www.zjjiangtian.com\/","logo":{"@type":"ImageObject","inLanguage":"fr-FR","@id":"https:\/\/www.zjjiangtian.com\/#\/schema\/logo\/image\/","url":"https:\/\/www.zjjiangtian.com\/wp-content\/uploads\/2023\/10\/logo.webp","contentUrl":"https:\/\/www.zjjiangtian.com\/wp-content\/uploads\/2023\/10\/logo.webp","width":269,"height":50,"caption":"Jiangtian Electric"},"image":{"@id":"https:\/\/www.zjjiangtian.com\/#\/schema\/logo\/image\/"}}]}},"_links":{"self":[{"href":"https:\/\/www.zjjiangtian.com\/fr\/wp-json\/wp\/v2\/product\/1420"}],"collection":[{"href":"https:\/\/www.zjjiangtian.com\/fr\/wp-json\/wp\/v2\/product"}],"about":[{"href":"https:\/\/www.zjjiangtian.com\/fr\/wp-json\/wp\/v2\/types\/product"}],"replies":[{"embeddable":true,"href":"https:\/\/www.zjjiangtian.com\/fr\/wp-json\/wp\/v2\/comments?post=1420"}],"wp:featuredmedia":[{"embeddable":true,"href":"https:\/\/www.zjjiangtian.com\/fr\/wp-json\/wp\/v2\/media\/1419"}],"wp:attachment":[{"href":"https:\/\/www.zjjiangtian.com\/fr\/wp-json\/wp\/v2\/media?parent=1420"}],"wp:term":[{"taxonomy":"product_cat","embeddable":true,"href":"https:\/\/www.zjjiangtian.com\/fr\/wp-json\/wp\/v2\/product_cat?post=1420"},{"taxonomy":"product_tag","embeddable":true,"href":"https:\/\/www.zjjiangtian.com\/fr\/wp-json\/wp\/v2\/product_tag?post=1420"}],"curies":[{"name":"wp","href":"https:\/\/api.w.org\/{rel}","templated":true}]}}