{"id":2300,"date":"2024-10-15T06:09:17","date_gmt":"2024-10-15T06:09:17","guid":{"rendered":"https:\/\/www.zjjiangtian.com\/?page_id=2300"},"modified":"2024-10-15T06:11:05","modified_gmt":"2024-10-15T06:11:05","slug":"privacy-policy","status":"publish","type":"page","link":"https:\/\/www.zjjiangtian.com\/pt\/politica-de-privacidade\/","title":{"rendered":"pol\u00edtica de Privacidade"},"content":{"rendered":"<div data-elementor-type=\"wp-page\" data-elementor-id=\"2300\" class=\"elementor elementor-2300\" data-elementor-post-type=\"page\">\n\t\t\t\t<div data-particle_enable=\"false\" data-particle-mobile-disabled=\"false\" class=\"elementor-element elementor-element-2439b8fd e-con-full e-flex e-con e-parent\" data-id=\"2439b8fd\" data-element_type=\"container\" data-settings=\"{&quot;content_width&quot;:&quot;full&quot;}\" data-core-v316-plus=\"true\">\n\t\t\t\t<div class=\"elementor-element elementor-element-ebfa92a elementor-widget elementor-widget-heading\" data-id=\"ebfa92a\" data-element_type=\"widget\" data-widget_type=\"heading.default\">\n\t\t\t\t<div class=\"elementor-widget-container\">\n\t\t\t<style>\/*! elementor - v3.19.0 - 28-02-2024 *\/\n.elementor-heading-title{padding:0;margin:0;line-height:1}.elementor-widget-heading .elementor-heading-title[class*=elementor-size-]>a{color:inherit;font-size:inherit;line-height:inherit}.elementor-widget-heading .elementor-heading-title.elementor-size-small{font-size:15px}.elementor-widget-heading .elementor-heading-title.elementor-size-medium{font-size:19px}.elementor-widget-heading .elementor-heading-title.elementor-size-large{font-size:29px}.elementor-widget-heading .elementor-heading-title.elementor-size-xl{font-size:39px}.elementor-widget-heading .elementor-heading-title.elementor-size-xxl{font-size:59px}<\/style><h3 class=\"elementor-heading-title elementor-size-default\">pol\u00edtica de Privacidade<\/h3>\t\t<\/div>\n\t\t\t\t<\/div>\n\t\t\t\t<div class=\"elementor-element elementor-element-31fc734d elementor-widget elementor-widget-text-editor\" data-id=\"31fc734d\" data-element_type=\"widget\" data-widget_type=\"text-editor.default\">\n\t\t\t\t<div class=\"elementor-widget-container\">\n\t\t\t<style>\/*! elementor - v3.19.0 - 28-02-2024 *\/\n.elementor-widget-text-editor.elementor-drop-cap-view-stacked .elementor-drop-cap{background-color:#69727d;color:#fff}.elementor-widget-text-editor.elementor-drop-cap-view-framed .elementor-drop-cap{color:#69727d;border:3px solid;background-color:transparent}.elementor-widget-text-editor:not(.elementor-drop-cap-view-default) .elementor-drop-cap{margin-top:8px}.elementor-widget-text-editor:not(.elementor-drop-cap-view-default) .elementor-drop-cap-letter{width:1em;height:1em}.elementor-widget-text-editor .elementor-drop-cap{float:left;text-align:center;line-height:1;font-size:50px}.elementor-widget-text-editor .elementor-drop-cap-letter{display:inline-block}<\/style>\t\t\t\t<!-- wp:heading {\"level\":1} -->\n<h1 class=\"wp-block-heading\" id=\"h-\"><\/h1>\n<!-- \/wp:heading -->\n\n<!-- wp:paragraph -->\n<p><em>Esta declara\u00e7\u00e3o de privacidade foi alterada pela \u00faltima vez em 30 de abril de 2024, verificada pela \u00faltima vez em 30 de abril de 2024 e se aplica a cidad\u00e3os e residentes permanentes legais dos Estados Unidos.<\/em><br><\/p>\n<!-- \/wp:paragraph -->\n\n<!-- wp:paragraph -->\n<p>Nesta declara\u00e7\u00e3o de privacidade, explicamos o que fazemos com os dados que obtemos sobre voc\u00ea por meio de&nbsp;<a href=\"https:\/\/www.zjjiangtian.com\/pt\/\">https:\/\/www.zjjiangtian.com<\/a>. Recomendamos que voc\u00ea leia atentamente esta declara\u00e7\u00e3o. Em nosso processamento, cumprimos os requisitos da legisla\u00e7\u00e3o de privacidade. Isso significa, entre outras coisas, que:<\/p>\n<!-- \/wp:paragraph -->\n\n<!-- wp:list -->\n<ul><!-- wp:list-item -->\n<li>declaramos claramente os prop\u00f3sitos para os quais processamos dados pessoais. Fazemos isso por meio desta declara\u00e7\u00e3o de privacidade;<\/li>\n<!-- \/wp:list-item -->\n\n<!-- wp:list-item -->\n<li>pretendemos limitar a nossa recolha de dados pessoais apenas aos dados pessoais necess\u00e1rios para fins leg\u00edtimos;<\/li>\n<!-- \/wp:list-item -->\n\n<!-- wp:list-item -->\n<li>primeiro solicitamos seu consentimento expl\u00edcito para processar seus dados pessoais nos casos que exijam seu consentimento;<\/li>\n<!-- \/wp:list-item -->\n\n<!-- wp:list-item -->\n<li>tomamos medidas de seguran\u00e7a apropriadas para proteger seus dados pessoais e tamb\u00e9m exigimos isso de terceiros que processam dados pessoais em nosso nome;<\/li>\n<!-- \/wp:list-item -->\n\n<!-- wp:list-item -->\n<li>respeitamos seu direito de acessar seus dados pessoais ou de corrigi-los ou exclu\u00ed-los, a seu pedido.<\/li>\n<!-- \/wp:list-item --><\/ul>\n<!-- \/wp:list -->\n\n<!-- wp:paragraph -->\n<p>Se voc\u00ea tiver alguma d\u00favida ou quiser saber exatamente quais dados mantemos sobre voc\u00ea, entre em contato conosco.<\/p>\n<!-- \/wp:paragraph -->\n\n<!-- wp:heading -->\n<h2 class=\"wp-block-heading\" id=\"h-1-purpose-and-categories-of-data\">1. Finalidade e categorias de dados<\/h2>\n<!-- \/wp:heading -->\n\n<!-- wp:paragraph -->\n<p>Podemos coletar ou receber informa\u00e7\u00f5es pessoais para uma s\u00e9rie de prop\u00f3sitos relacionados \u00e0s nossas opera\u00e7\u00f5es comerciais, que podem incluir o seguinte: (clique para expandir)<\/p>\n<!-- \/wp:paragraph -->\n\n<!-- wp:heading {\"level\":3} -->\n<h3 class=\"wp-block-heading\" id=\"h-1-1-compiling-and-analyzing-statistics-for-website-improvement\">1.1 Compilar e analisar estat\u00edsticas para melhoria do site.<\/h3>\n<!-- \/wp:heading -->\n\n<!-- wp:paragraph -->\n<p>As seguintes categorias de dados s\u00e3o coletadas<\/p>\n<!-- \/wp:paragraph -->\n\n<!-- wp:list -->\n<ul><!-- wp:list-item -->\n<li>Um primeiro e \u00faltimo nome<\/li>\n<!-- \/wp:list-item -->\n\n<!-- wp:list-item -->\n<li>Um endere\u00e7o de e-mail<\/li>\n<!-- \/wp:list-item -->\n\n<!-- wp:list-item -->\n<li>Endere\u00e7o IP<\/li>\n<!-- \/wp:list-item --><\/ul>\n<!-- \/wp:list -->\n\n<!-- wp:paragraph -->\n<p>Per\u00edodo de reten\u00e7\u00e3o<\/p>\n<!-- \/wp:paragraph -->\n\n<!-- wp:paragraph -->\n<p>Reteremos esses dados at\u00e9 que o servi\u00e7o seja encerrado.<\/p>\n<!-- \/wp:paragraph -->\n\n<!-- wp:heading -->\n<h2 class=\"wp-block-heading\" id=\"h-2-disclosure-practices\">2. Pr\u00e1ticas de divulga\u00e7\u00e3o<\/h2>\n<!-- \/wp:heading -->\n\n<!-- wp:paragraph -->\n<p>Divulgamos informa\u00e7\u00f5es pessoais se formos obrigados por lei ou por uma ordem judicial, em resposta a uma ag\u00eancia de seguran\u00e7a p\u00fablica, na medida permitida por outras disposi\u00e7\u00f5es legais, para fornecer informa\u00e7\u00f5es ou para uma investiga\u00e7\u00e3o sobre um assunto relacionado \u00e0 seguran\u00e7a p\u00fablica.<\/p>\n<!-- \/wp:paragraph -->\n\n<!-- wp:paragraph -->\n<p>Se nosso site ou organiza\u00e7\u00e3o for adquirido, vendido ou envolvido em uma fus\u00e3o ou aquisi\u00e7\u00e3o, seus dados poder\u00e3o ser divulgados aos nossos consultores e a quaisquer poss\u00edveis compradores e ser\u00e3o repassados aos novos propriet\u00e1rios.<\/p>\n<!-- \/wp:paragraph -->\n\n<!-- wp:heading -->\n<h2 class=\"wp-block-heading\" id=\"h-3-how-we-respond-to-do-not-track-signals-amp-global-privacy-control\">3. Como respondemos aos sinais de N\u00e3o Rastrear e ao Controle Global de Privacidade<\/h2>\n<!-- \/wp:heading -->\n\n<!-- wp:paragraph -->\n<p>Nosso site n\u00e3o responde e n\u00e3o suporta o campo de solicita\u00e7\u00e3o de cabe\u00e7alho N\u00e3o Rastrear (DNT).<\/p>\n<!-- \/wp:paragraph -->\n\n<!-- wp:heading -->\n<h2 class=\"wp-block-heading\" id=\"h-4-cookies\">4. Biscoitos<\/h2>\n<!-- \/wp:heading -->\n\n<!-- wp:paragraph -->\n<p>Nosso site usa cookies. Para obter mais informa\u00e7\u00f5es sobre cookies, consulte nossa Pol\u00edtica de Cookies em nosso&nbsp;<a href=\"https:\/\/www.zjjiangtian.com\/pt\/preferencias-de-opt-out\/\">Prefer\u00eancias de opt-out<\/a>&nbsp;p\u00e1gina da Internet.&nbsp;<\/p>\n<!-- \/wp:paragraph -->\n\n<!-- wp:paragraph -->\n<p>Conclu\u00edmos um acordo de processamento de dados com o Google.<\/p>\n<!-- \/wp:paragraph -->\n\n<!-- wp:paragraph -->\n<p>A inclus\u00e3o de endere\u00e7os IP completos \u00e9 bloqueada por n\u00f3s.<\/p>\n<!-- \/wp:paragraph -->\n\n<!-- wp:heading -->\n<h2 class=\"wp-block-heading\" id=\"h-5-security\">5. Seguran\u00e7a<\/h2>\n<!-- \/wp:heading -->\n\n<!-- wp:paragraph -->\n<p>Estamos comprometidos com a seguran\u00e7a de dados pessoais. Tomamos medidas de seguran\u00e7a apropriadas para limitar o abuso e o acesso n\u00e3o autorizado a dados pessoais. Isso garante que apenas as pessoas necess\u00e1rias tenham acesso aos seus dados, que o acesso aos dados seja protegido e que nossas medidas de seguran\u00e7a sejam revisadas regularmente.<\/p>\n<!-- \/wp:paragraph -->\n\n<!-- wp:heading -->\n<h2 class=\"wp-block-heading\" id=\"h-6-third-party-websites\">6. Sites de terceiros<\/h2>\n<!-- \/wp:heading -->\n\n<!-- wp:paragraph -->\n<p>Esta declara\u00e7\u00e3o de privacidade n\u00e3o se aplica a sites de terceiros conectados por links em nosso site. N\u00e3o podemos garantir que esses terceiros manipulem seus dados pessoais de forma confi\u00e1vel ou segura. Recomendamos que voc\u00ea leia as declara\u00e7\u00f5es de privacidade desses sites antes de fazer uso deles.<\/p>\n<!-- \/wp:paragraph -->\n\n<!-- wp:heading -->\n<h2 class=\"wp-block-heading\" id=\"h-7-amendments-to-this-privacy-statement\">7. Altera\u00e7\u00f5es a esta declara\u00e7\u00e3o de privacidade<\/h2>\n<!-- \/wp:heading -->\n\n<!-- wp:paragraph -->\n<p>Reservamo-nos o direito de fazer altera\u00e7\u00f5es a esta declara\u00e7\u00e3o de privacidade. \u00c9 recomend\u00e1vel que voc\u00ea consulte esta declara\u00e7\u00e3o de privacidade regularmente para estar ciente de quaisquer altera\u00e7\u00f5es. Al\u00e9m disso, informaremos voc\u00ea ativamente sempre que poss\u00edvel.<\/p>\n<!-- \/wp:paragraph -->\n\n<!-- wp:heading -->\n<h2 class=\"wp-block-heading\" id=\"h-8-accessing-and-modifying-your-data\">8. Acessando e modificando seus dados<\/h2>\n<!-- \/wp:heading -->\n\n<!-- wp:paragraph -->\n<p>Se voc\u00ea tiver alguma d\u00favida ou quiser saber quais dados pessoais temos sobre voc\u00ea, entre em contato conosco. Certifique-se de sempre declarar claramente quem voc\u00ea \u00e9, para que possamos ter certeza de que n\u00e3o modificaremos ou excluiremos nenhum dado da pessoa errada. Forneceremos as informa\u00e7\u00f5es solicitadas somente ap\u00f3s o recebimento de uma solicita\u00e7\u00e3o verific\u00e1vel do consumidor. Voc\u00ea pode entrar em contato conosco usando as informa\u00e7\u00f5es abaixo. Voc\u00ea tem os seguintes direitos:<\/p>\n<!-- \/wp:paragraph -->\n\n<!-- wp:paragraph -->\n<p>8.1 Voc\u00ea tem os seguintes direitos com rela\u00e7\u00e3o aos seus dados pessoais<\/p>\n<!-- \/wp:paragraph -->\n\n<!-- wp:list {\"ordered\":true} -->\n<ol><!-- wp:list-item -->\n<li>Voc\u00ea pode enviar uma solicita\u00e7\u00e3o de acesso aos dados que processamos sobre voc\u00ea.<\/li>\n<!-- \/wp:list-item -->\n\n<!-- wp:list-item -->\n<li>Voc\u00ea pode se opor ao processamento.<\/li>\n<!-- \/wp:list-item -->\n\n<!-- wp:list-item -->\n<li>Voc\u00ea pode solicitar uma vis\u00e3o geral, em um formato comumente usado, dos dados que processamos sobre voc\u00ea.<\/li>\n<!-- \/wp:list-item -->\n\n<!-- wp:list-item -->\n<li>Voc\u00ea pode solicitar a corre\u00e7\u00e3o ou exclus\u00e3o dos dados caso eles estejam incorretos ou n\u00e3o sejam mais relevantes, ou solicitar a restri\u00e7\u00e3o do processamento dos dados.<\/li>\n<!-- \/wp:list-item --><\/ol>\n<!-- \/wp:list -->\n\n<!-- wp:heading -->\n<h2 class=\"wp-block-heading\" id=\"h-9-children\">9. Crian\u00e7as<\/h2>\n<!-- \/wp:heading -->\n\n<!-- wp:paragraph -->\n<p>Nosso site n\u00e3o foi criado para atrair crian\u00e7as e n\u00e3o \u00e9 nossa inten\u00e7\u00e3o coletar dados pessoais de crian\u00e7as menores de idade de consentimento em seu pa\u00eds de resid\u00eancia. Portanto, solicitamos que crian\u00e7as menores de idade de consentimento n\u00e3o enviem nenhum dado pessoal para n\u00f3s.<\/p>\n<!-- \/wp:paragraph -->\n\n<!-- wp:heading -->\n<h2 class=\"wp-block-heading\" id=\"h-10-contact-details\">10. Detalhes de contato<\/h2>\n<!-- \/wp:heading -->\n\n<!-- wp:paragraph -->\n<p>Jiangtian M\u00e1quina El\u00e9trica Co., LTD<br>Cidade de Yangbu, distrito de Wucheng, cidade de Jinha, prov\u00edncia de Zhejiang<br>China<br>Site:&nbsp;<a href=\"https:\/\/www.zjjiangtian.com\/pt\/\">https:\/\/www.zjjiangtian.com<\/a><br>E-mail: sales@zjjiangtian.com<\/p>\n<!-- \/wp:paragraph -->\t\t\t\t\t\t<\/div>\n\t\t\t\t<\/div>\n\t\t\t\t<\/div>\n\t\t\t\t<\/div>","protected":false},"excerpt":{"rendered":"<p>Pol\u00edtica de Privacidade Esta declara\u00e7\u00e3o de privacidade foi alterada pela \u00faltima vez em 30 de abril de 2024, verificada pela \u00faltima vez em 30 de abril de 2024 e se aplica a cidad\u00e3os e residentes permanentes legais dos Estados Unidos. Nesta declara\u00e7\u00e3o de privacidade, explicamos o que fazemos com os dados que obtemos sobre voc\u00ea por meio de https:\/\/www.zjjiangtian.com. Recomendamos que voc\u00ea leia esta declara\u00e7\u00e3o com aten\u00e7\u00e3o. Em [\u2026]<\/p>","protected":false},"author":1,"featured_media":0,"parent":0,"menu_order":0,"comment_status":"closed","ping_status":"closed","template":"elementor_header_footer","meta":{"_acf_changed":false,"_mi_skip_tracking":false,"_monsterinsights_sitenote_active":false,"_monsterinsights_sitenote_note":"","_monsterinsights_sitenote_category":0,"footnotes":""},"acf":[],"yoast_head":"<!-- This site is optimized with the Yoast SEO Premium plugin v21.6 (Yoast SEO v22.2) - https:\/\/yoast.com\/wordpress\/plugins\/seo\/ -->\n<title>Privacy Policy - Jiangtian Electric<\/title>\n<meta name=\"robots\" content=\"index, follow, max-snippet:-1, max-image-preview:large, max-video-preview:-1\" \/>\n<link rel=\"canonical\" href=\"https:\/\/www.zjjiangtian.com\/pt\/politica-de-privacidade\/\" \/>\n<meta property=\"og:locale\" content=\"pt_PT\" \/>\n<meta property=\"og:type\" content=\"article\" \/>\n<meta property=\"og:title\" content=\"Privacy Policy\" \/>\n<meta property=\"og:description\" content=\"Privacy Policy This privacy statement was last changed on April 30, 2024, last checked on April 30, 2024, and applies to citizens and legal permanent residents of the United States. In this privacy statement, we explain what we do with the data we obtain about you via&nbsp;https:\/\/www.zjjiangtian.com. We recommend you carefully read this statement. In [&hellip;]\" \/>\n<meta property=\"og:url\" content=\"https:\/\/www.zjjiangtian.com\/pt\/politica-de-privacidade\/\" \/>\n<meta property=\"og:site_name\" content=\"Jiangtian Electric\" \/>\n<meta property=\"article:modified_time\" content=\"2024-10-15T06:11:05+00:00\" \/>\n<meta name=\"twitter:card\" content=\"summary_large_image\" \/>\n<meta name=\"twitter:label1\" content=\"Tempo estimado de leitura\" \/>\n\t<meta name=\"twitter:data1\" content=\"5 minutos\" \/>\n<script type=\"application\/ld+json\" class=\"yoast-schema-graph\">{\"@context\":\"https:\/\/schema.org\",\"@graph\":[{\"@type\":\"WebPage\",\"@id\":\"https:\/\/www.zjjiangtian.com\/privacy-policy\/\",\"url\":\"https:\/\/www.zjjiangtian.com\/privacy-policy\/\",\"name\":\"Privacy Policy - Jiangtian Electric\",\"isPartOf\":{\"@id\":\"https:\/\/www.zjjiangtian.com\/#website\"},\"datePublished\":\"2024-10-15T06:09:17+00:00\",\"dateModified\":\"2024-10-15T06:11:05+00:00\",\"breadcrumb\":{\"@id\":\"https:\/\/www.zjjiangtian.com\/privacy-policy\/#breadcrumb\"},\"inLanguage\":\"pt-PT\",\"potentialAction\":[{\"@type\":\"ReadAction\",\"target\":[\"https:\/\/www.zjjiangtian.com\/privacy-policy\/\"]}]},{\"@type\":\"BreadcrumbList\",\"@id\":\"https:\/\/www.zjjiangtian.com\/privacy-policy\/#breadcrumb\",\"itemListElement\":[{\"@type\":\"ListItem\",\"position\":1,\"name\":\"Home\",\"item\":\"https:\/\/www.zjjiangtian.com\/\"},{\"@type\":\"ListItem\",\"position\":2,\"name\":\"Privacy Policy\"}]},{\"@type\":\"WebSite\",\"@id\":\"https:\/\/www.zjjiangtian.com\/#website\",\"url\":\"https:\/\/www.zjjiangtian.com\/\",\"name\":\"Jiangtian Electric\",\"description\":\"\",\"publisher\":{\"@id\":\"https:\/\/www.zjjiangtian.com\/#organization\"},\"potentialAction\":[{\"@type\":\"SearchAction\",\"target\":{\"@type\":\"EntryPoint\",\"urlTemplate\":\"https:\/\/www.zjjiangtian.com\/?s={search_term_string}\"},\"query-input\":\"required name=search_term_string\"}],\"inLanguage\":\"pt-PT\"},{\"@type\":\"Organization\",\"@id\":\"https:\/\/www.zjjiangtian.com\/#organization\",\"name\":\"Jiangtian Electric\",\"url\":\"https:\/\/www.zjjiangtian.com\/\",\"logo\":{\"@type\":\"ImageObject\",\"inLanguage\":\"pt-PT\",\"@id\":\"https:\/\/www.zjjiangtian.com\/#\/schema\/logo\/image\/\",\"url\":\"https:\/\/www.zjjiangtian.com\/wp-content\/uploads\/2023\/10\/logo.webp\",\"contentUrl\":\"https:\/\/www.zjjiangtian.com\/wp-content\/uploads\/2023\/10\/logo.webp\",\"width\":269,\"height\":50,\"caption\":\"Jiangtian Electric\"},\"image\":{\"@id\":\"https:\/\/www.zjjiangtian.com\/#\/schema\/logo\/image\/\"}}]}<\/script>\n<!-- \/ Yoast SEO Premium plugin. -->","yoast_head_json":{"title":"Privacy Policy - Jiangtian Electric","robots":{"index":"index","follow":"follow","max-snippet":"max-snippet:-1","max-image-preview":"max-image-preview:large","max-video-preview":"max-video-preview:-1"},"canonical":"https:\/\/www.zjjiangtian.com\/pt\/politica-de-privacidade\/","og_locale":"pt_PT","og_type":"article","og_title":"Privacy Policy","og_description":"Privacy Policy This privacy statement was last changed on April 30, 2024, last checked on April 30, 2024, and applies to citizens and legal permanent residents of the United States. In this privacy statement, we explain what we do with the data we obtain about you via&nbsp;https:\/\/www.zjjiangtian.com. We recommend you carefully read this statement. In [&hellip;]","og_url":"https:\/\/www.zjjiangtian.com\/pt\/politica-de-privacidade\/","og_site_name":"Jiangtian Electric","article_modified_time":"2024-10-15T06:11:05+00:00","twitter_card":"summary_large_image","twitter_misc":{"Tempo estimado de leitura":"5 minutos"},"schema":{"@context":"https:\/\/schema.org","@graph":[{"@type":"WebPage","@id":"https:\/\/www.zjjiangtian.com\/privacy-policy\/","url":"https:\/\/www.zjjiangtian.com\/privacy-policy\/","name":"Privacy Policy - Jiangtian Electric","isPartOf":{"@id":"https:\/\/www.zjjiangtian.com\/#website"},"datePublished":"2024-10-15T06:09:17+00:00","dateModified":"2024-10-15T06:11:05+00:00","breadcrumb":{"@id":"https:\/\/www.zjjiangtian.com\/privacy-policy\/#breadcrumb"},"inLanguage":"pt-PT","potentialAction":[{"@type":"ReadAction","target":["https:\/\/www.zjjiangtian.com\/privacy-policy\/"]}]},{"@type":"BreadcrumbList","@id":"https:\/\/www.zjjiangtian.com\/privacy-policy\/#breadcrumb","itemListElement":[{"@type":"ListItem","position":1,"name":"Home","item":"https:\/\/www.zjjiangtian.com\/"},{"@type":"ListItem","position":2,"name":"Privacy Policy"}]},{"@type":"WebSite","@id":"https:\/\/www.zjjiangtian.com\/#website","url":"https:\/\/www.zjjiangtian.com\/","name":"Jiangtian Electric","description":"","publisher":{"@id":"https:\/\/www.zjjiangtian.com\/#organization"},"potentialAction":[{"@type":"SearchAction","target":{"@type":"EntryPoint","urlTemplate":"https:\/\/www.zjjiangtian.com\/?s={search_term_string}"},"query-input":"required name=search_term_string"}],"inLanguage":"pt-PT"},{"@type":"Organization","@id":"https:\/\/www.zjjiangtian.com\/#organization","name":"Jiangtian Electric","url":"https:\/\/www.zjjiangtian.com\/","logo":{"@type":"ImageObject","inLanguage":"pt-PT","@id":"https:\/\/www.zjjiangtian.com\/#\/schema\/logo\/image\/","url":"https:\/\/www.zjjiangtian.com\/wp-content\/uploads\/2023\/10\/logo.webp","contentUrl":"https:\/\/www.zjjiangtian.com\/wp-content\/uploads\/2023\/10\/logo.webp","width":269,"height":50,"caption":"Jiangtian Electric"},"image":{"@id":"https:\/\/www.zjjiangtian.com\/#\/schema\/logo\/image\/"}}]}},"_links":{"self":[{"href":"https:\/\/www.zjjiangtian.com\/pt\/wp-json\/wp\/v2\/pages\/2300"}],"collection":[{"href":"https:\/\/www.zjjiangtian.com\/pt\/wp-json\/wp\/v2\/pages"}],"about":[{"href":"https:\/\/www.zjjiangtian.com\/pt\/wp-json\/wp\/v2\/types\/page"}],"author":[{"embeddable":true,"href":"https:\/\/www.zjjiangtian.com\/pt\/wp-json\/wp\/v2\/users\/1"}],"replies":[{"embeddable":true,"href":"https:\/\/www.zjjiangtian.com\/pt\/wp-json\/wp\/v2\/comments?post=2300"}],"version-history":[{"count":5,"href":"https:\/\/www.zjjiangtian.com\/pt\/wp-json\/wp\/v2\/pages\/2300\/revisions"}],"predecessor-version":[{"id":2310,"href":"https:\/\/www.zjjiangtian.com\/pt\/wp-json\/wp\/v2\/pages\/2300\/revisions\/2310"}],"wp:attachment":[{"href":"https:\/\/www.zjjiangtian.com\/pt\/wp-json\/wp\/v2\/media?parent=2300"}],"curies":[{"name":"wp","href":"https:\/\/api.w.org\/{rel}","templated":true}]}}