{"id":877,"date":"2024-03-19T07:37:34","date_gmt":"2024-03-19T07:37:34","guid":{"rendered":"https:\/\/www.zjjiangtian.com\/?page_id=877"},"modified":"2024-03-28T01:15:49","modified_gmt":"2024-03-28T01:15:49","slug":"certifications","status":"publish","type":"page","link":"https:\/\/www.zjjiangtian.com\/pt\/certificacoes\/","title":{"rendered":"Certifica\u00e7\u00f5es"},"content":{"rendered":"<div data-elementor-type=\"wp-page\" data-elementor-id=\"877\" class=\"elementor elementor-877\" data-elementor-post-type=\"page\">\n\t\t\t\t<div data-particle_enable=\"false\" data-particle-mobile-disabled=\"false\" class=\"elementor-element elementor-element-4cf4511 e-con-full e-flex e-con e-parent\" data-id=\"4cf4511\" data-element_type=\"container\" data-settings=\"{&quot;content_width&quot;:&quot;full&quot;,&quot;background_background&quot;:&quot;classic&quot;}\" data-core-v316-plus=\"true\">\n\t\t<div data-particle_enable=\"false\" data-particle-mobile-disabled=\"false\" class=\"elementor-element elementor-element-d8833e1 e-con-full e-flex e-con e-child\" data-id=\"d8833e1\" data-element_type=\"container\" data-settings=\"{&quot;content_width&quot;:&quot;full&quot;}\">\n\t\t\t\t<div class=\"elementor-element elementor-element-148a32c elementor-icon-list--layout-traditional elementor-list-item-link-full_width elementor-widget elementor-widget-icon-list\" data-id=\"148a32c\" data-element_type=\"widget\" data-widget_type=\"icon-list.default\">\n\t\t\t\t<div class=\"elementor-widget-container\">\n\t\t\t<link rel=\"stylesheet\" href=\"https:\/\/www.zjjiangtian.com\/wp-content\/plugins\/elementor\/assets\/css\/widget-icon-list.min.css\">\t\t<ul class=\"elementor-icon-list-items\">\n\t\t\t\t\t\t\t<li class=\"elementor-icon-list-item\">\n\t\t\t\t\t\t\t\t\t\t\t<a href=\"\/pt\/\">\n\n\t\t\t\t\t\t\t\t\t\t\t\t<span class=\"elementor-icon-list-icon\">\n\t\t\t\t\t\t\t<i aria-hidden=\"true\" class=\"fas fa-home\"><\/i>\t\t\t\t\t\t<\/span>\n\t\t\t\t\t\t\t\t\t\t<span class=\"elementor-icon-list-text\">Lar<\/span>\n\t\t\t\t\t\t\t\t\t\t\t<\/a>\n\t\t\t\t\t\t\t\t\t<\/li>\n\t\t\t\t\t\t<\/ul>\n\t\t\t\t<\/div>\n\t\t\t\t<\/div>\n\t\t\t\t<div class=\"elementor-element elementor-element-ac06ef1 elementor-widget elementor-widget-heading\" data-id=\"ac06ef1\" data-element_type=\"widget\" data-widget_type=\"heading.default\">\n\t\t\t\t<div class=\"elementor-widget-container\">\n\t\t\t<style>\/*! elementor - v3.19.0 - 28-02-2024 *\/\n.elementor-heading-title{padding:0;margin:0;line-height:1}.elementor-widget-heading .elementor-heading-title[class*=elementor-size-]>a{color:inherit;font-size:inherit;line-height:inherit}.elementor-widget-heading .elementor-heading-title.elementor-size-small{font-size:15px}.elementor-widget-heading .elementor-heading-title.elementor-size-medium{font-size:19px}.elementor-widget-heading .elementor-heading-title.elementor-size-large{font-size:29px}.elementor-widget-heading .elementor-heading-title.elementor-size-xl{font-size:39px}.elementor-widget-heading .elementor-heading-title.elementor-size-xxl{font-size:59px}<\/style><span class=\"elementor-heading-title elementor-size-default\">><\/span>\t\t<\/div>\n\t\t\t\t<\/div>\n\t\t\t\t<div class=\"elementor-element elementor-element-11c651f elementor-widget elementor-widget-heading\" data-id=\"11c651f\" data-element_type=\"widget\" data-widget_type=\"heading.default\">\n\t\t\t\t<div class=\"elementor-widget-container\">\n\t\t\t<span class=\"elementor-heading-title elementor-size-default\"><a href=\"\/pt\/menu\/about.html\/\">Sobre<\/a><\/span>\t\t<\/div>\n\t\t\t\t<\/div>\n\t\t\t\t<div class=\"elementor-element elementor-element-2571b54 elementor-widget elementor-widget-heading\" data-id=\"2571b54\" data-element_type=\"widget\" data-widget_type=\"heading.default\">\n\t\t\t\t<div class=\"elementor-widget-container\">\n\t\t\t<span class=\"elementor-heading-title elementor-size-default\">><\/span>\t\t<\/div>\n\t\t\t\t<\/div>\n\t\t\t\t<div class=\"elementor-element elementor-element-3482d24 elementor-widget elementor-widget-heading\" data-id=\"3482d24\" data-element_type=\"widget\" data-widget_type=\"heading.default\">\n\t\t\t\t<div class=\"elementor-widget-container\">\n\t\t\t<span class=\"elementor-heading-title elementor-size-default\"><a href=\"https:\/\/www.zjjiangtian.com\/pt\/certificacoes\/\">Certifica\u00e7\u00f5es<\/a><\/span>\t\t<\/div>\n\t\t\t\t<\/div>\n\t\t\t\t<\/div>\n\t\t\t\t<\/div>\n\t\t<div data-particle_enable=\"false\" data-particle-mobile-disabled=\"false\" class=\"elementor-element elementor-element-5bc6aa7 e-con-full e-flex e-con e-parent\" data-id=\"5bc6aa7\" data-element_type=\"container\" data-settings=\"{&quot;content_width&quot;:&quot;full&quot;}\" data-core-v316-plus=\"true\">\n\t\t\t\t<div class=\"elementor-element elementor-element-9044ca1 text-linec elementor-widget elementor-widget-heading\" data-id=\"9044ca1\" data-element_type=\"widget\" data-widget_type=\"heading.default\">\n\t\t\t\t<div class=\"elementor-widget-container\">\n\t\t\t<h2 class=\"elementor-heading-title elementor-size-default\"><span class=\"fcred\">Qualidade <\/span>Certifica\u00e7\u00f5es<\/h2>\t\t<\/div>\n\t\t\t\t<\/div>\n\t\t\t\t<div class=\"elementor-element elementor-element-9e31361 elementor-widget__width-inherit elementor-widget elementor-widget-ucaddon_cover_flow_carousel\" data-id=\"9e31361\" data-element_type=\"widget\" data-widget_type=\"ucaddon_cover_flow_carousel.default\">\n\t\t\t\t<div class=\"elementor-widget-container\">\n\t\t\t<!-- start Coverflow Carousel -->\n\t\t<link id='uc_ac_assets_file_jquery_flipster_css_16350-css' href='https:\/\/www.zjjiangtian.com\/wp-content\/uploads\/ac_assets\/cover_flow_carousel\/jquery.flipster.css' type='text\/css' rel='stylesheet' >\n\n\t\t\t<style type=\"text\/css\">\/* widget: Coverflow Carousel *\/\n\n#uc_cover_flow_carousel_elementor_9e31361{\ndisplay: none;\n}\n#uc_cover_flow_carousel_elementor_9e31361 .flipster__item img\n{\n  \n  display:block;\n  width:100%;\n}\n#uc_cover_flow_carousel_elementor_9e31361 .flipster__item__content\n{\n  overflow:hidden;\n  position:relative;  \n  }\n\n#uc_cover_flow_carousel_elementor_9e31361 .flipster__nav__item a\n{\n  z-index:1;\n}\n\n.ue-flip-item-title\n{\n  font-size:21px;\n}\n\n#uc_cover_flow_carousel_elementor_9e31361 .ue-item-btn a\n{\n  text-decoration:none;\n  text-align:center;\n  transition:0.3s;\n}\n\n\n\n\n#uc_cover_flow_carousel_elementor_9e31361 .flipster__button\n{\n  line-height:1em;\n  margin:0;\n}\n\n#uc_cover_flow_carousel_elementor_9e31361 .ue-flip-item-icon\n{\n  line-height:1em;\n  display:inline-flex;\n  justify-content:center;\n  align-items:center;\n  \n}\n\n#uc_cover_flow_carousel_elementor_9e31361 .ue-flip-item-icon svg\n{\n  height:1em;\n  width:1em;\n}\n\n#uc_cover_flow_carousel_elementor_9e31361 .flipster__container, #uc_cover_flow_carousel_elementor_9e31361 .flipster__item, #uc_cover_flow_carousel_elementor_9e31361 .flipster__item__content\n{\n  transition:500ms;\n}\n\n#uc_cover_flow_carousel_elementor_9e31361 .flipster__nav__link::after\n{\n  background-color:#141414;\n}\n\n#uc_cover_flow_carousel_elementor_9e31361 .flipster__nav__item a\n{\n  color:#141414;\n}\n\n#uc_cover_flow_carousel_elementor_9e31361 .flipster__nav__item--current>.flipster__nav__link\n{\n  color:#ffffff;\n}\n\n<\/style>\n\n\t\t\t<div class=\"ue-coverflow\" id=\"uc_cover_flow_carousel_elementor_9e31361\"  >\n        <ul class=\"flip-items uc-items-wrapper\">\n            <li class=\"ue-coverflow-item\" data-flip-title=\"TUV NORD Certification\">\n\n  \n  \n  \n     <div class=\"ue-item-image\">\n   <a href=\"#\" >       \n          <img fetchpriority=\"high\" decoding=\"async\" src=\"https:\/\/www.zjjiangtian.com\/wp-content\/uploads\/2024\/03\/96979.webp\" class=\"elementor-repeater-item-5477f7c ue-coverflow-image\"  alt=\"96979\" width=\"860\" height=\"1200\"> \n      \t   \n   <\/a>    <\/div>\n     \n     <div class=\"ue-flip-item-content elementor-repeater-item-5477f7c-item-content\">\n     <div class=\"ue-flip-item-content-inside\">\n              <div class=\"ue-flip-item-title\">Certifica\u00e7\u00e3o T\u00dcV NORD<\/div>                     <div class=\"ue-item-template\"><\/div>\n     <\/div>\n  <\/div>\n  <\/li>\n<li class=\"ue-coverflow-item\" data-flip-title=\"CQC Certification\">\n\n  \n  \n  \n     <div class=\"ue-item-image\">\n   <a href=\"#\" >       \n          <img decoding=\"async\" src=\"https:\/\/www.zjjiangtian.com\/wp-content\/uploads\/2024\/03\/96980.webp\" class=\"elementor-repeater-item-58aedfb ue-coverflow-image\"  alt=\"96980\" width=\"860\" height=\"1200\"> \n      \t   \n   <\/a>    <\/div>\n     \n     <div class=\"ue-flip-item-content elementor-repeater-item-58aedfb-item-content\">\n     <div class=\"ue-flip-item-content-inside\">\n              <div class=\"ue-flip-item-title\">Certifica\u00e7\u00e3o CQC<\/div>                     <div class=\"ue-item-template\"><\/div>\n     <\/div>\n  <\/div>\n  <\/li>\n<li class=\"ue-coverflow-item\" data-flip-title=\"ISO9000 Certification\">\n\n  \n  \n  \n     <div class=\"ue-item-image\">\n   <a href=\"#\" >       \n          <img decoding=\"async\" src=\"https:\/\/www.zjjiangtian.com\/wp-content\/uploads\/2024\/03\/96981.webp\" class=\"elementor-repeater-item-de336fc ue-coverflow-image\"  alt=\"96981\" width=\"860\" height=\"1200\"> \n      \t   \n   <\/a>    <\/div>\n     \n     <div class=\"ue-flip-item-content elementor-repeater-item-de336fc-item-content\">\n     <div class=\"ue-flip-item-content-inside\">\n              <div class=\"ue-flip-item-title\">Certifica\u00e7\u00e3o ISO9000<\/div>                     <div class=\"ue-item-template\"><\/div>\n     <\/div>\n  <\/div>\n  <\/li>\n<li class=\"ue-coverflow-item\" data-flip-title=\"CE Certification\">\n\n  \n  \n  \n     <div class=\"ue-item-image\">\n   <a href=\"#\" >       \n          <img loading=\"lazy\" decoding=\"async\" src=\"https:\/\/www.zjjiangtian.com\/wp-content\/uploads\/2024\/03\/96982.webp\" class=\"elementor-repeater-item-fbcc312 ue-coverflow-image\"  alt=\"96982\" width=\"860\" height=\"1200\"> \n      \t   \n   <\/a>    <\/div>\n     \n     <div class=\"ue-flip-item-content elementor-repeater-item-fbcc312-item-content\">\n     <div class=\"ue-flip-item-content-inside\">\n              <div class=\"ue-flip-item-title\">Certifica\u00e7\u00e3o CE<\/div>                     <div class=\"ue-item-template\"><\/div>\n     <\/div>\n  <\/div>\n  <\/li>\n<li class=\"ue-coverflow-item\" data-flip-title=\"ISO45001 Certification\">\n\n  \n  \n  \n     <div class=\"ue-item-image\">\n   <a href=\"#\" >       \n          <img loading=\"lazy\" decoding=\"async\" src=\"https:\/\/www.zjjiangtian.com\/wp-content\/uploads\/2024\/03\/96983.webp\" class=\"elementor-repeater-item-c0705b6 ue-coverflow-image\"  alt=\"96983\" width=\"860\" height=\"1200\"> \n      \t   \n   <\/a>    <\/div>\n     \n     <div class=\"ue-flip-item-content elementor-repeater-item-c0705b6-item-content\">\n     <div class=\"ue-flip-item-content-inside\">\n              <div class=\"ue-flip-item-title\">Certifica\u00e7\u00e3o ISO45001<\/div>                     <div class=\"ue-item-template\"><\/div>\n     <\/div>\n  <\/div>\n  <\/li>\n<li class=\"ue-coverflow-item\" data-flip-title=\"ISO14000 Certification\">\n\n  \n  \n  \n     <div class=\"ue-item-image\">\n   <a href=\"#\" >       \n          <img loading=\"lazy\" decoding=\"async\" src=\"https:\/\/www.zjjiangtian.com\/wp-content\/uploads\/2024\/03\/96984.webp\" class=\"elementor-repeater-item-23498a7 ue-coverflow-image\"  alt=\"96984\" width=\"860\" height=\"1200\"> \n      \t   \n   <\/a>    <\/div>\n     \n     <div class=\"ue-flip-item-content elementor-repeater-item-23498a7-item-content\">\n     <div class=\"ue-flip-item-content-inside\">\n              <div class=\"ue-flip-item-title\">Certifica\u00e7\u00e3o ISO14000<\/div>                     <div class=\"ue-item-template\"><\/div>\n     <\/div>\n  <\/div>\n  <\/li>\n\n        <\/ul>\n<\/div>\n\t\t\t<!-- end Coverflow Carousel -->\t\t<\/div>\n\t\t\t\t<\/div>\n\t\t\t\t<\/div>\n\t\t<div data-particle_enable=\"false\" data-particle-mobile-disabled=\"false\" class=\"elementor-element elementor-element-0b3865b e-con-full e-flex e-con e-parent\" data-id=\"0b3865b\" data-element_type=\"container\" data-settings=\"{&quot;content_width&quot;:&quot;full&quot;}\" data-core-v316-plus=\"true\">\n\t\t<div data-particle_enable=\"false\" data-particle-mobile-disabled=\"false\" class=\"elementor-element elementor-element-f641f2e e-con-full e-flex e-con e-child\" data-id=\"f641f2e\" data-element_type=\"container\" data-settings=\"{&quot;content_width&quot;:&quot;full&quot;}\">\n\t\t\t\t<div class=\"elementor-element elementor-element-af3557e elementor-widget elementor-widget-image\" data-id=\"af3557e\" data-element_type=\"widget\" data-widget_type=\"image.default\">\n\t\t\t\t<div class=\"elementor-widget-container\">\n\t\t\t<style>\/*! elementor - v3.19.0 - 28-02-2024 *\/\n.elementor-widget-image{text-align:center}.elementor-widget-image a{display:inline-block}.elementor-widget-image a img[src$=\".svg\"]{width:48px}.elementor-widget-image img{vertical-align:middle;display:inline-block}<\/style>\t\t\t\t\t\t\t\t\t\t<img loading=\"lazy\" decoding=\"async\" width=\"451\" height=\"321\" src=\"https:\/\/www.zjjiangtian.com\/wp-content\/uploads\/2024\/03\/96985.webp\" class=\"attachment-full size-full wp-image-937\" alt=\"\" \/>\t\t\t\t\t\t\t\t\t\t\t\t\t<\/div>\n\t\t\t\t<\/div>\n\t\t\t\t<div class=\"elementor-element elementor-element-c1a2bda elementor-widget elementor-widget-heading\" data-id=\"c1a2bda\" data-element_type=\"widget\" data-widget_type=\"heading.default\">\n\t\t\t\t<div class=\"elementor-widget-container\">\n\t\t\t<p class=\"elementor-heading-title elementor-size-default\">Empresa Nacional de Alta Tecnologia<\/p>\t\t<\/div>\n\t\t\t\t<\/div>\n\t\t\t\t<\/div>\n\t\t<div data-particle_enable=\"false\" data-particle-mobile-disabled=\"false\" class=\"elementor-element elementor-element-e9c7e1a e-con-full e-flex e-con e-child\" data-id=\"e9c7e1a\" data-element_type=\"container\" data-settings=\"{&quot;content_width&quot;:&quot;full&quot;}\">\n\t\t\t\t<div class=\"elementor-element elementor-element-4ffd1b6 elementor-widget elementor-widget-image\" data-id=\"4ffd1b6\" data-element_type=\"widget\" data-widget_type=\"image.default\">\n\t\t\t\t<div class=\"elementor-widget-container\">\n\t\t\t\t\t\t\t\t\t\t\t\t\t<img loading=\"lazy\" decoding=\"async\" width=\"451\" height=\"321\" src=\"https:\/\/www.zjjiangtian.com\/wp-content\/uploads\/2024\/03\/96986.webp\" class=\"attachment-full size-full wp-image-936\" alt=\"\" \/>\t\t\t\t\t\t\t\t\t\t\t\t\t<\/div>\n\t\t\t\t<\/div>\n\t\t\t\t<div class=\"elementor-element elementor-element-3fea7f3 elementor-widget elementor-widget-heading\" data-id=\"3fea7f3\" data-element_type=\"widget\" data-widget_type=\"heading.default\">\n\t\t\t\t<div class=\"elementor-widget-container\">\n\t\t\t<p class=\"elementor-heading-title elementor-size-default\">Centro de Pesquisa e Desenvolvimento Empresarial de Alta Tecnologia de Zhejiang<\/p>\t\t<\/div>\n\t\t\t\t<\/div>\n\t\t\t\t<\/div>\n\t\t<div data-particle_enable=\"false\" data-particle-mobile-disabled=\"false\" class=\"elementor-element elementor-element-878d71c e-con-full e-flex e-con e-child\" data-id=\"878d71c\" data-element_type=\"container\" data-settings=\"{&quot;content_width&quot;:&quot;full&quot;}\">\n\t\t\t\t<div class=\"elementor-element elementor-element-526ef63 elementor-widget elementor-widget-image\" data-id=\"526ef63\" data-element_type=\"widget\" data-widget_type=\"image.default\">\n\t\t\t\t<div class=\"elementor-widget-container\">\n\t\t\t\t\t\t\t\t\t\t\t\t\t<img loading=\"lazy\" decoding=\"async\" width=\"451\" height=\"321\" src=\"https:\/\/www.zjjiangtian.com\/wp-content\/uploads\/2024\/03\/96987.webp\" class=\"attachment-full size-full wp-image-935\" alt=\"\" \/>\t\t\t\t\t\t\t\t\t\t\t\t\t<\/div>\n\t\t\t\t<\/div>\n\t\t\t\t<div class=\"elementor-element elementor-element-c7ffb62 elementor-widget elementor-widget-heading\" data-id=\"c7ffb62\" data-element_type=\"widget\" data-widget_type=\"heading.default\">\n\t\t\t\t<div class=\"elementor-widget-container\">\n\t\t\t<p class=\"elementor-heading-title elementor-size-default\">Empresa Nacional de Alta Tecnologia<\/p>\t\t<\/div>\n\t\t\t\t<\/div>\n\t\t\t\t<\/div>\n\t\t<div data-particle_enable=\"false\" data-particle-mobile-disabled=\"false\" class=\"elementor-element elementor-element-8e9603b e-con-full e-flex e-con e-child\" data-id=\"8e9603b\" data-element_type=\"container\" data-settings=\"{&quot;content_width&quot;:&quot;full&quot;}\">\n\t\t\t\t<div class=\"elementor-element elementor-element-da6476e elementor-widget elementor-widget-image\" data-id=\"da6476e\" data-element_type=\"widget\" data-widget_type=\"image.default\">\n\t\t\t\t<div class=\"elementor-widget-container\">\n\t\t\t\t\t\t\t\t\t\t\t\t\t<img loading=\"lazy\" decoding=\"async\" width=\"451\" height=\"321\" src=\"https:\/\/www.zjjiangtian.com\/wp-content\/uploads\/2024\/03\/96988.webp\" class=\"attachment-full size-full wp-image-934\" alt=\"\" \/>\t\t\t\t\t\t\t\t\t\t\t\t\t<\/div>\n\t\t\t\t<\/div>\n\t\t\t\t<div class=\"elementor-element elementor-element-6855287 elementor-widget elementor-widget-heading\" data-id=\"6855287\" data-element_type=\"widget\" data-widget_type=\"heading.default\">\n\t\t\t\t<div class=\"elementor-widget-container\">\n\t\t\t<p class=\"elementor-heading-title elementor-size-default\">Certificado Empresarial de Alta e Nova Tecnologia<\/p>\t\t<\/div>\n\t\t\t\t<\/div>\n\t\t\t\t<\/div>\n\t\t\t\t<\/div>\n\t\t\t\t<\/div>","protected":false},"excerpt":{"rendered":"<p>In\u00edcio &gt; Sobre &gt; Certifica\u00e7\u00f5es de Qualidade Certifica\u00e7\u00e3o TUV NORD Certifica\u00e7\u00e3o CQC Certifica\u00e7\u00e3o ISO9000 Certifica\u00e7\u00e3o CE Certifica\u00e7\u00e3o ISO45001 Certifica\u00e7\u00e3o ISO14000 Empresa Nacional de Alta Tecnologia Empresa de Alta Tecnologia de Zhejiang Centro de Pesquisa e Desenvolvimento Empresa Nacional de Alta Tecnologia Certificado de Empresa de Alta e Nova Tecnologia<\/p>","protected":false},"author":1,"featured_media":0,"parent":0,"menu_order":0,"comment_status":"closed","ping_status":"closed","template":"elementor_header_footer","meta":{"_acf_changed":false,"_mi_skip_tracking":false,"_monsterinsights_sitenote_active":false,"_monsterinsights_sitenote_note":"","_monsterinsights_sitenote_category":0,"footnotes":""},"acf":[],"yoast_head":"<!-- This site is optimized with the Yoast SEO Premium plugin v21.6 (Yoast SEO v22.2) - https:\/\/yoast.com\/wordpress\/plugins\/seo\/ -->\n<title>Quality and Compliance Certifications | Jiangtian Electric<\/title>\n<meta name=\"description\" content=\"Our company is certified to ISO 9001, 45001, 24001, 3C, and CE. We are a national high-tech enterprise and a provincial science and technology enterprise.\" \/>\n<meta name=\"robots\" content=\"index, follow, max-snippet:-1, max-image-preview:large, max-video-preview:-1\" \/>\n<link rel=\"canonical\" href=\"https:\/\/www.zjjiangtian.com\/pt\/menu\/certificates.html\/\" \/>\n<meta property=\"og:locale\" content=\"pt_PT\" \/>\n<meta property=\"og:type\" content=\"article\" \/>\n<meta property=\"og:title\" content=\"Certifications\" \/>\n<meta property=\"og:description\" content=\"Our company is certified to ISO 9001, 45001, 24001, 3C, and CE. We are a national high-tech enterprise and a provincial science and technology enterprise.\" \/>\n<meta property=\"og:url\" content=\"https:\/\/www.zjjiangtian.com\/pt\/menu\/certificates.html\/\" \/>\n<meta property=\"og:site_name\" content=\"Jiangtian Electric\" \/>\n<meta property=\"article:modified_time\" content=\"2024-03-28T01:15:49+00:00\" \/>\n<meta property=\"og:image\" content=\"https:\/\/www.zjjiangtian.com\/wp-content\/uploads\/2024\/03\/96979.webp\" \/>\n<meta name=\"twitter:card\" content=\"summary_large_image\" \/>\n<meta name=\"twitter:label1\" content=\"Tempo estimado de leitura\" \/>\n\t<meta name=\"twitter:data1\" content=\"3 minutos\" \/>\n<script type=\"application\/ld+json\" class=\"yoast-schema-graph\">{\"@context\":\"https:\/\/schema.org\",\"@graph\":[{\"@type\":\"WebPage\",\"@id\":\"https:\/\/www.zjjiangtian.com\/menu\/certificates.html\",\"url\":\"https:\/\/www.zjjiangtian.com\/menu\/certificates.html\",\"name\":\"Quality and Compliance Certifications | Jiangtian Electric\",\"isPartOf\":{\"@id\":\"https:\/\/www.zjjiangtian.com\/#website\"},\"primaryImageOfPage\":{\"@id\":\"https:\/\/www.zjjiangtian.com\/menu\/certificates.html#primaryimage\"},\"image\":{\"@id\":\"https:\/\/www.zjjiangtian.com\/menu\/certificates.html#primaryimage\"},\"thumbnailUrl\":\"https:\/\/www.zjjiangtian.com\/wp-content\/uploads\/2024\/03\/96979.webp\",\"datePublished\":\"2024-03-19T07:37:34+00:00\",\"dateModified\":\"2024-03-28T01:15:49+00:00\",\"description\":\"Our company is certified to ISO 9001, 45001, 24001, 3C, and CE. We are a national high-tech enterprise and a provincial science and technology enterprise.\",\"breadcrumb\":{\"@id\":\"https:\/\/www.zjjiangtian.com\/menu\/certificates.html#breadcrumb\"},\"inLanguage\":\"pt-PT\",\"potentialAction\":[{\"@type\":\"ReadAction\",\"target\":[\"https:\/\/www.zjjiangtian.com\/menu\/certificates.html\"]}]},{\"@type\":\"ImageObject\",\"inLanguage\":\"pt-PT\",\"@id\":\"https:\/\/www.zjjiangtian.com\/menu\/certificates.html#primaryimage\",\"url\":\"https:\/\/www.zjjiangtian.com\/wp-content\/uploads\/2024\/03\/96979.webp\",\"contentUrl\":\"https:\/\/www.zjjiangtian.com\/wp-content\/uploads\/2024\/03\/96979.webp\",\"width\":860,\"height\":1200},{\"@type\":\"BreadcrumbList\",\"@id\":\"https:\/\/www.zjjiangtian.com\/menu\/certificates.html#breadcrumb\",\"itemListElement\":[{\"@type\":\"ListItem\",\"position\":1,\"name\":\"Home\",\"item\":\"https:\/\/www.zjjiangtian.com\/\"},{\"@type\":\"ListItem\",\"position\":2,\"name\":\"Certifications\"}]},{\"@type\":\"WebSite\",\"@id\":\"https:\/\/www.zjjiangtian.com\/#website\",\"url\":\"https:\/\/www.zjjiangtian.com\/\",\"name\":\"Jiangtian Electric\",\"description\":\"\",\"publisher\":{\"@id\":\"https:\/\/www.zjjiangtian.com\/#organization\"},\"potentialAction\":[{\"@type\":\"SearchAction\",\"target\":{\"@type\":\"EntryPoint\",\"urlTemplate\":\"https:\/\/www.zjjiangtian.com\/?s={search_term_string}\"},\"query-input\":\"required name=search_term_string\"}],\"inLanguage\":\"pt-PT\"},{\"@type\":\"Organization\",\"@id\":\"https:\/\/www.zjjiangtian.com\/#organization\",\"name\":\"Jiangtian Electric\",\"url\":\"https:\/\/www.zjjiangtian.com\/\",\"logo\":{\"@type\":\"ImageObject\",\"inLanguage\":\"pt-PT\",\"@id\":\"https:\/\/www.zjjiangtian.com\/#\/schema\/logo\/image\/\",\"url\":\"https:\/\/www.zjjiangtian.com\/wp-content\/uploads\/2023\/10\/logo.webp\",\"contentUrl\":\"https:\/\/www.zjjiangtian.com\/wp-content\/uploads\/2023\/10\/logo.webp\",\"width\":269,\"height\":50,\"caption\":\"Jiangtian Electric\"},\"image\":{\"@id\":\"https:\/\/www.zjjiangtian.com\/#\/schema\/logo\/image\/\"}}]}<\/script>\n<!-- \/ Yoast SEO Premium plugin. -->","yoast_head_json":{"title":"Quality and Compliance Certifications | Jiangtian Electric","description":"Our company is certified to ISO 9001, 45001, 24001, 3C, and CE. We are a national high-tech enterprise and a provincial science and technology enterprise.","robots":{"index":"index","follow":"follow","max-snippet":"max-snippet:-1","max-image-preview":"max-image-preview:large","max-video-preview":"max-video-preview:-1"},"canonical":"https:\/\/www.zjjiangtian.com\/pt\/menu\/certificates.html\/","og_locale":"pt_PT","og_type":"article","og_title":"Certifications","og_description":"Our company is certified to ISO 9001, 45001, 24001, 3C, and CE. We are a national high-tech enterprise and a provincial science and technology enterprise.","og_url":"https:\/\/www.zjjiangtian.com\/pt\/menu\/certificates.html\/","og_site_name":"Jiangtian Electric","article_modified_time":"2024-03-28T01:15:49+00:00","og_image":[{"url":"https:\/\/www.zjjiangtian.com\/wp-content\/uploads\/2024\/03\/96979.webp"}],"twitter_card":"summary_large_image","twitter_misc":{"Tempo estimado de leitura":"3 minutos"},"schema":{"@context":"https:\/\/schema.org","@graph":[{"@type":"WebPage","@id":"https:\/\/www.zjjiangtian.com\/menu\/certificates.html","url":"https:\/\/www.zjjiangtian.com\/menu\/certificates.html","name":"Quality and Compliance Certifications | Jiangtian Electric","isPartOf":{"@id":"https:\/\/www.zjjiangtian.com\/#website"},"primaryImageOfPage":{"@id":"https:\/\/www.zjjiangtian.com\/menu\/certificates.html#primaryimage"},"image":{"@id":"https:\/\/www.zjjiangtian.com\/menu\/certificates.html#primaryimage"},"thumbnailUrl":"https:\/\/www.zjjiangtian.com\/wp-content\/uploads\/2024\/03\/96979.webp","datePublished":"2024-03-19T07:37:34+00:00","dateModified":"2024-03-28T01:15:49+00:00","description":"Our company is certified to ISO 9001, 45001, 24001, 3C, and CE. We are a national high-tech enterprise and a provincial science and technology enterprise.","breadcrumb":{"@id":"https:\/\/www.zjjiangtian.com\/menu\/certificates.html#breadcrumb"},"inLanguage":"pt-PT","potentialAction":[{"@type":"ReadAction","target":["https:\/\/www.zjjiangtian.com\/menu\/certificates.html"]}]},{"@type":"ImageObject","inLanguage":"pt-PT","@id":"https:\/\/www.zjjiangtian.com\/menu\/certificates.html#primaryimage","url":"https:\/\/www.zjjiangtian.com\/wp-content\/uploads\/2024\/03\/96979.webp","contentUrl":"https:\/\/www.zjjiangtian.com\/wp-content\/uploads\/2024\/03\/96979.webp","width":860,"height":1200},{"@type":"BreadcrumbList","@id":"https:\/\/www.zjjiangtian.com\/menu\/certificates.html#breadcrumb","itemListElement":[{"@type":"ListItem","position":1,"name":"Home","item":"https:\/\/www.zjjiangtian.com\/"},{"@type":"ListItem","position":2,"name":"Certifications"}]},{"@type":"WebSite","@id":"https:\/\/www.zjjiangtian.com\/#website","url":"https:\/\/www.zjjiangtian.com\/","name":"Jiangtian Electric","description":"","publisher":{"@id":"https:\/\/www.zjjiangtian.com\/#organization"},"potentialAction":[{"@type":"SearchAction","target":{"@type":"EntryPoint","urlTemplate":"https:\/\/www.zjjiangtian.com\/?s={search_term_string}"},"query-input":"required name=search_term_string"}],"inLanguage":"pt-PT"},{"@type":"Organization","@id":"https:\/\/www.zjjiangtian.com\/#organization","name":"Jiangtian Electric","url":"https:\/\/www.zjjiangtian.com\/","logo":{"@type":"ImageObject","inLanguage":"pt-PT","@id":"https:\/\/www.zjjiangtian.com\/#\/schema\/logo\/image\/","url":"https:\/\/www.zjjiangtian.com\/wp-content\/uploads\/2023\/10\/logo.webp","contentUrl":"https:\/\/www.zjjiangtian.com\/wp-content\/uploads\/2023\/10\/logo.webp","width":269,"height":50,"caption":"Jiangtian Electric"},"image":{"@id":"https:\/\/www.zjjiangtian.com\/#\/schema\/logo\/image\/"}}]}},"_links":{"self":[{"href":"https:\/\/www.zjjiangtian.com\/pt\/wp-json\/wp\/v2\/pages\/877"}],"collection":[{"href":"https:\/\/www.zjjiangtian.com\/pt\/wp-json\/wp\/v2\/pages"}],"about":[{"href":"https:\/\/www.zjjiangtian.com\/pt\/wp-json\/wp\/v2\/types\/page"}],"author":[{"embeddable":true,"href":"https:\/\/www.zjjiangtian.com\/pt\/wp-json\/wp\/v2\/users\/1"}],"replies":[{"embeddable":true,"href":"https:\/\/www.zjjiangtian.com\/pt\/wp-json\/wp\/v2\/comments?post=877"}],"version-history":[{"count":5,"href":"https:\/\/www.zjjiangtian.com\/pt\/wp-json\/wp\/v2\/pages\/877\/revisions"}],"predecessor-version":[{"id":946,"href":"https:\/\/www.zjjiangtian.com\/pt\/wp-json\/wp\/v2\/pages\/877\/revisions\/946"}],"wp:attachment":[{"href":"https:\/\/www.zjjiangtian.com\/pt\/wp-json\/wp\/v2\/media?parent=877"}],"curies":[{"name":"wp","href":"https:\/\/api.w.org\/{rel}","templated":true}]}}