{"id":1378,"date":"2024-03-23T15:05:09","date_gmt":"2024-03-23T15:05:09","guid":{"rendered":"https:\/\/www.zjjiangtian.com\/product\/js-series-servo-motor\/"},"modified":"2024-03-23T15:10:08","modified_gmt":"2024-03-23T15:10:08","slug":"js-series-servo-motor","status":"publish","type":"product","link":"https:\/\/www.zjjiangtian.com\/pt\/produto\/servo-motor-da-serie-js\/","title":{"rendered":"Servo Motor S\u00e9rie JS"},"content":{"rendered":"<p>Servo motor da s\u00e9rie JS: \u00c9 equipado com um codificador de alta precis\u00e3o, atendendo aos requisitos de controle de velocidade e posi\u00e7\u00e3o com alta precis\u00e3o.<\/p>","protected":false},"excerpt":{"rendered":"<ul>\n<li>\u00c9 equipado com um encoder de alta precis\u00e3o, atendendo aos requisitos de controle de velocidade e posi\u00e7\u00e3o com alta precis\u00e3o. <\/li>\n<li>A forte capacidade de sobrecarga pode estar na pot\u00eancia nominal 150% em 30 minutos ou na pot\u00eancia nominal 30% em 3 minutos, opera\u00e7\u00e3o confi\u00e1vel.<\/li>\n<li>O torque inicial de frequ\u00eancia ultrabaixa \u00e9 grande. Pode ser iniciado a 1 rpm\/min. A faixa de pot\u00eancia constante \u00e9 ampla, at\u00e9 8 vezes a velocidade nominal.<\/li>\n<li>Ajuste de equil\u00edbrio din\u00e2mico de alta precis\u00e3o do rotor para garantir opera\u00e7\u00e3o est\u00e1vel e confi\u00e1vel, baixa vibra\u00e7\u00e3o e baixo ru\u00eddo.<\/li>\n<\/ul>","protected":false},"featured_media":1377,"comment_status":"open","ping_status":"closed","template":"","meta":{"_acf_changed":false,"_mi_skip_tracking":false,"_monsterinsights_sitenote_active":false,"_monsterinsights_sitenote_note":"","_monsterinsights_sitenote_category":0},"product_cat":[20],"product_tag":[],"acf":[],"yoast_head":"<!-- This site is optimized with the Yoast SEO Premium plugin v21.6 (Yoast SEO v22.2) - https:\/\/yoast.com\/wordpress\/plugins\/seo\/ -->\n<title>JS Series Servo Motor - Jiangtian Electric<\/title>\n<meta name=\"robots\" content=\"index, follow, max-snippet:-1, max-image-preview:large, max-video-preview:-1\" \/>\n<link rel=\"canonical\" href=\"https:\/\/www.zjjiangtian.com\/pt\/produto\/servo-motor-da-serie-js\/\" \/>\n<meta property=\"og:locale\" content=\"pt_PT\" \/>\n<meta property=\"og:type\" content=\"article\" \/>\n<meta property=\"og:title\" content=\"JS Series Servo Motor\" \/>\n<meta property=\"og:description\" content=\"It is equipped with a high-precision encoder, meeting the requirement of controlling speed and position in high precision. Strong overload capacity can be at 150% rated power in 30min , or at 30% rated power in 3min, reliable operation. Ultra-low frequency start torque is large. It can be started at 1 rpm\/min.Constant power range is wide, up to 8 times of the rated speed. Rotor high precision dynamic balance adjustment to ensure stable and reliable operation, low vibration and low noise.\" \/>\n<meta property=\"og:url\" content=\"https:\/\/www.zjjiangtian.com\/pt\/produto\/servo-motor-da-serie-js\/\" \/>\n<meta property=\"og:site_name\" content=\"Jiangtian Electric\" \/>\n<meta property=\"article:modified_time\" content=\"2024-03-23T15:10:08+00:00\" \/>\n<meta property=\"og:image\" content=\"https:\/\/www.zjjiangtian.com\/wp-content\/uploads\/2024\/03\/jsjlsfdjth-63207-big-1.jpg\" \/>\n\t<meta property=\"og:image:width\" content=\"600\" \/>\n\t<meta property=\"og:image:height\" content=\"475\" \/>\n\t<meta property=\"og:image:type\" content=\"image\/jpeg\" \/>\n<meta name=\"twitter:card\" content=\"summary_large_image\" \/>\n<script type=\"application\/ld+json\" class=\"yoast-schema-graph\">{\"@context\":\"https:\/\/schema.org\",\"@graph\":[{\"@type\":\"WebPage\",\"@id\":\"https:\/\/www.zjjiangtian.com\/product\/js-series-servo-motor\/\",\"url\":\"https:\/\/www.zjjiangtian.com\/product\/js-series-servo-motor\/\",\"name\":\"JS Series Servo Motor - Jiangtian Electric\",\"isPartOf\":{\"@id\":\"https:\/\/www.zjjiangtian.com\/#website\"},\"primaryImageOfPage\":{\"@id\":\"https:\/\/www.zjjiangtian.com\/product\/js-series-servo-motor\/#primaryimage\"},\"image\":{\"@id\":\"https:\/\/www.zjjiangtian.com\/product\/js-series-servo-motor\/#primaryimage\"},\"thumbnailUrl\":\"https:\/\/www.zjjiangtian.com\/wp-content\/uploads\/2024\/03\/jsjlsfdjth-63207-big-1.jpg\",\"datePublished\":\"2024-03-23T15:05:09+00:00\",\"dateModified\":\"2024-03-23T15:10:08+00:00\",\"breadcrumb\":{\"@id\":\"https:\/\/www.zjjiangtian.com\/product\/js-series-servo-motor\/#breadcrumb\"},\"inLanguage\":\"pt-PT\",\"potentialAction\":[{\"@type\":\"ReadAction\",\"target\":[\"https:\/\/www.zjjiangtian.com\/product\/js-series-servo-motor\/\"]}]},{\"@type\":\"ImageObject\",\"inLanguage\":\"pt-PT\",\"@id\":\"https:\/\/www.zjjiangtian.com\/product\/js-series-servo-motor\/#primaryimage\",\"url\":\"https:\/\/www.zjjiangtian.com\/wp-content\/uploads\/2024\/03\/jsjlsfdjth-63207-big-1.jpg\",\"contentUrl\":\"https:\/\/www.zjjiangtian.com\/wp-content\/uploads\/2024\/03\/jsjlsfdjth-63207-big-1.jpg\",\"width\":600,\"height\":475},{\"@type\":\"BreadcrumbList\",\"@id\":\"https:\/\/www.zjjiangtian.com\/product\/js-series-servo-motor\/#breadcrumb\",\"itemListElement\":[{\"@type\":\"ListItem\",\"position\":1,\"name\":\"Home\",\"item\":\"https:\/\/www.zjjiangtian.com\/\"},{\"@type\":\"ListItem\",\"position\":2,\"name\":\"Products\",\"item\":\"https:\/\/www.zjjiangtian.com\/shop\/\"},{\"@type\":\"ListItem\",\"position\":3,\"name\":\"JS Series Servo Motor\"}]},{\"@type\":\"WebSite\",\"@id\":\"https:\/\/www.zjjiangtian.com\/#website\",\"url\":\"https:\/\/www.zjjiangtian.com\/\",\"name\":\"Jiangtian Electric\",\"description\":\"\",\"publisher\":{\"@id\":\"https:\/\/www.zjjiangtian.com\/#organization\"},\"potentialAction\":[{\"@type\":\"SearchAction\",\"target\":{\"@type\":\"EntryPoint\",\"urlTemplate\":\"https:\/\/www.zjjiangtian.com\/?s={search_term_string}\"},\"query-input\":\"required name=search_term_string\"}],\"inLanguage\":\"pt-PT\"},{\"@type\":\"Organization\",\"@id\":\"https:\/\/www.zjjiangtian.com\/#organization\",\"name\":\"Jiangtian Electric\",\"url\":\"https:\/\/www.zjjiangtian.com\/\",\"logo\":{\"@type\":\"ImageObject\",\"inLanguage\":\"pt-PT\",\"@id\":\"https:\/\/www.zjjiangtian.com\/#\/schema\/logo\/image\/\",\"url\":\"https:\/\/www.zjjiangtian.com\/wp-content\/uploads\/2023\/10\/logo.webp\",\"contentUrl\":\"https:\/\/www.zjjiangtian.com\/wp-content\/uploads\/2023\/10\/logo.webp\",\"width\":269,\"height\":50,\"caption\":\"Jiangtian Electric\"},\"image\":{\"@id\":\"https:\/\/www.zjjiangtian.com\/#\/schema\/logo\/image\/\"}}]}<\/script>\n<!-- \/ Yoast SEO Premium plugin. -->","yoast_head_json":{"title":"JS Series Servo Motor - Jiangtian Electric","robots":{"index":"index","follow":"follow","max-snippet":"max-snippet:-1","max-image-preview":"max-image-preview:large","max-video-preview":"max-video-preview:-1"},"canonical":"https:\/\/www.zjjiangtian.com\/pt\/produto\/servo-motor-da-serie-js\/","og_locale":"pt_PT","og_type":"article","og_title":"JS Series Servo Motor","og_description":"It is equipped with a high-precision encoder, meeting the requirement of controlling speed and position in high precision. Strong overload capacity can be at 150% rated power in 30min , or at 30% rated power in 3min, reliable operation. Ultra-low frequency start torque is large. It can be started at 1 rpm\/min.Constant power range is wide, up to 8 times of the rated speed. Rotor high precision dynamic balance adjustment to ensure stable and reliable operation, low vibration and low noise.","og_url":"https:\/\/www.zjjiangtian.com\/pt\/produto\/servo-motor-da-serie-js\/","og_site_name":"Jiangtian Electric","article_modified_time":"2024-03-23T15:10:08+00:00","og_image":[{"width":600,"height":475,"url":"https:\/\/www.zjjiangtian.com\/wp-content\/uploads\/2024\/03\/jsjlsfdjth-63207-big-1.jpg","type":"image\/jpeg"}],"twitter_card":"summary_large_image","schema":{"@context":"https:\/\/schema.org","@graph":[{"@type":"WebPage","@id":"https:\/\/www.zjjiangtian.com\/product\/js-series-servo-motor\/","url":"https:\/\/www.zjjiangtian.com\/product\/js-series-servo-motor\/","name":"JS Series Servo Motor - Jiangtian Electric","isPartOf":{"@id":"https:\/\/www.zjjiangtian.com\/#website"},"primaryImageOfPage":{"@id":"https:\/\/www.zjjiangtian.com\/product\/js-series-servo-motor\/#primaryimage"},"image":{"@id":"https:\/\/www.zjjiangtian.com\/product\/js-series-servo-motor\/#primaryimage"},"thumbnailUrl":"https:\/\/www.zjjiangtian.com\/wp-content\/uploads\/2024\/03\/jsjlsfdjth-63207-big-1.jpg","datePublished":"2024-03-23T15:05:09+00:00","dateModified":"2024-03-23T15:10:08+00:00","breadcrumb":{"@id":"https:\/\/www.zjjiangtian.com\/product\/js-series-servo-motor\/#breadcrumb"},"inLanguage":"pt-PT","potentialAction":[{"@type":"ReadAction","target":["https:\/\/www.zjjiangtian.com\/product\/js-series-servo-motor\/"]}]},{"@type":"ImageObject","inLanguage":"pt-PT","@id":"https:\/\/www.zjjiangtian.com\/product\/js-series-servo-motor\/#primaryimage","url":"https:\/\/www.zjjiangtian.com\/wp-content\/uploads\/2024\/03\/jsjlsfdjth-63207-big-1.jpg","contentUrl":"https:\/\/www.zjjiangtian.com\/wp-content\/uploads\/2024\/03\/jsjlsfdjth-63207-big-1.jpg","width":600,"height":475},{"@type":"BreadcrumbList","@id":"https:\/\/www.zjjiangtian.com\/product\/js-series-servo-motor\/#breadcrumb","itemListElement":[{"@type":"ListItem","position":1,"name":"Home","item":"https:\/\/www.zjjiangtian.com\/"},{"@type":"ListItem","position":2,"name":"Products","item":"https:\/\/www.zjjiangtian.com\/shop\/"},{"@type":"ListItem","position":3,"name":"JS Series Servo Motor"}]},{"@type":"WebSite","@id":"https:\/\/www.zjjiangtian.com\/#website","url":"https:\/\/www.zjjiangtian.com\/","name":"Jiangtian Electric","description":"","publisher":{"@id":"https:\/\/www.zjjiangtian.com\/#organization"},"potentialAction":[{"@type":"SearchAction","target":{"@type":"EntryPoint","urlTemplate":"https:\/\/www.zjjiangtian.com\/?s={search_term_string}"},"query-input":"required name=search_term_string"}],"inLanguage":"pt-PT"},{"@type":"Organization","@id":"https:\/\/www.zjjiangtian.com\/#organization","name":"Jiangtian Electric","url":"https:\/\/www.zjjiangtian.com\/","logo":{"@type":"ImageObject","inLanguage":"pt-PT","@id":"https:\/\/www.zjjiangtian.com\/#\/schema\/logo\/image\/","url":"https:\/\/www.zjjiangtian.com\/wp-content\/uploads\/2023\/10\/logo.webp","contentUrl":"https:\/\/www.zjjiangtian.com\/wp-content\/uploads\/2023\/10\/logo.webp","width":269,"height":50,"caption":"Jiangtian Electric"},"image":{"@id":"https:\/\/www.zjjiangtian.com\/#\/schema\/logo\/image\/"}}]}},"_links":{"self":[{"href":"https:\/\/www.zjjiangtian.com\/pt\/wp-json\/wp\/v2\/product\/1378"}],"collection":[{"href":"https:\/\/www.zjjiangtian.com\/pt\/wp-json\/wp\/v2\/product"}],"about":[{"href":"https:\/\/www.zjjiangtian.com\/pt\/wp-json\/wp\/v2\/types\/product"}],"replies":[{"embeddable":true,"href":"https:\/\/www.zjjiangtian.com\/pt\/wp-json\/wp\/v2\/comments?post=1378"}],"wp:featuredmedia":[{"embeddable":true,"href":"https:\/\/www.zjjiangtian.com\/pt\/wp-json\/wp\/v2\/media\/1377"}],"wp:attachment":[{"href":"https:\/\/www.zjjiangtian.com\/pt\/wp-json\/wp\/v2\/media?parent=1378"}],"wp:term":[{"taxonomy":"product_cat","embeddable":true,"href":"https:\/\/www.zjjiangtian.com\/pt\/wp-json\/wp\/v2\/product_cat?post=1378"},{"taxonomy":"product_tag","embeddable":true,"href":"https:\/\/www.zjjiangtian.com\/pt\/wp-json\/wp\/v2\/product_tag?post=1378"}],"curies":[{"name":"wp","href":"https:\/\/api.w.org\/{rel}","templated":true}]}}