{"id":1394,"date":"2024-03-23T15:05:14","date_gmt":"2024-03-23T15:05:14","guid":{"rendered":"https:\/\/www.zjjiangtian.com\/product\/ytpm-series-three-phase-permanent-magnet-synchronous-motor-integrated-type-specially-designed-for-air-compressor\/"},"modified":"2024-06-09T05:44:46","modified_gmt":"2024-06-09T05:44:46","slug":"ytpm-series-three-phase-permanent-magnet-synchronous-motor-integrated-type-specially-designed-for-air-compressor","status":"publish","type":"product","link":"https:\/\/www.zjjiangtian.com\/pt\/produto\/serie-ytpm-motor-sincrono-de-ima-permanente-trifasico-tipo-integrado-especialmente-projetado-para-compressor-de-ar\/","title":{"rendered":"Motor s\u00edncrono de \u00edm\u00e3 permanente trif\u00e1sico s\u00e9rie YTPM (tipo integrado especialmente projetado para compressor de ar)"},"content":{"rendered":"<p>Motor s\u00edncrono de \u00edm\u00e3 permanente trif\u00e1sico da s\u00e9rie YTPM (tipo integrado especialmente projetado para compressor de ar): Esta s\u00e9rie \u00e9 um motor s\u00edncrono de \u00edm\u00e3 permanente de tipo integrado de convers\u00e3o de frequ\u00eancia, desenvolvido independentemente por nossa empresa para compressor de ar de parafuso integrado coaxial. Sob a premissa de alta efici\u00eancia e alto fator de pot\u00eancia do motor de \u00edm\u00e3 permanente, o rotor \u00e9 conectado diretamente ao cabe\u00e7ote da m\u00e1quina para reduzir a perda de transmiss\u00e3o e melhorar a efici\u00eancia geral.<\/p>","protected":false},"excerpt":{"rendered":"<ul>\n<li>Slot especial do estator e estrutura do rotor, chapa de a\u00e7o sil\u00edcio de baixa perda, material de \u00edm\u00e3 permanente de alta marca, alta taxa de utiliza\u00e7\u00e3o do campo magn\u00e9tico; A efici\u00eancia do motor \u00e9 maior do que o requisito de efici\u00eancia energ\u00e9tica de primeiro n\u00edvel do padr\u00e3o de efici\u00eancia energ\u00e9tica gb30253-2013, e muito superior ao IE4.<\/li>\n<li>A margem real do motor \u00e9 suficiente para garantir a opera\u00e7\u00e3o confi\u00e1vel do motor em plena carga com baixo aumento de temperatura.<\/li>\n<li>Design de desempenho de otimiza\u00e7\u00e3o profissional, pequena in\u00e9rcia do motor, ampla frequ\u00eancia de opera\u00e7\u00e3o, torque de funcionamento em baixa velocidade suave sem flutua\u00e7\u00e3o.<\/li>\n<li>Ao alterar o flange excessivo e a luva do eixo, pode-se adotar uma variedade de cabe\u00e7otes de m\u00e1quina (marcas Hanbell e BSC, etc.)<\/li>\n<\/ul>","protected":false},"featured_media":1393,"comment_status":"open","ping_status":"closed","template":"","meta":{"_acf_changed":false,"_mi_skip_tracking":false,"_monsterinsights_sitenote_active":false,"_monsterinsights_sitenote_note":"","_monsterinsights_sitenote_category":0},"product_cat":[26],"product_tag":[],"acf":[],"yoast_head":"<!-- This site is optimized with the Yoast SEO Premium plugin v21.6 (Yoast SEO v22.2) - https:\/\/yoast.com\/wordpress\/plugins\/seo\/ -->\n<title>YTPM Series Three Phase Permanent Magnet Synchronous Motor (Integrated Type Specially Designed For Air Compressor) - Jiangtian Electric<\/title>\n<meta name=\"robots\" content=\"index, follow, max-snippet:-1, max-image-preview:large, max-video-preview:-1\" \/>\n<link rel=\"canonical\" href=\"https:\/\/www.zjjiangtian.com\/pt\/produto\/serie-ytpm-motor-sincrono-de-ima-permanente-trifasico-tipo-integrado-especialmente-projetado-para-compressor-de-ar\/\" \/>\n<meta property=\"og:locale\" content=\"pt_PT\" \/>\n<meta property=\"og:type\" content=\"article\" \/>\n<meta property=\"og:title\" content=\"YTPM Series Three Phase Permanent Magnet Synchronous Motor (Integrated Type Specially Designed For Air Compressor)\" \/>\n<meta property=\"og:description\" content=\"Special stator slot and rotor structure,low loss silicon steel sheet,high brand permanent magnet material, high utilization rate of magnetic field;The motor efficiency is higher than the first-level energy efficiency requirement of the energy efficiency standard gb30253-2013, and far higher than IE4. The actual margin of the motor is sufficient to ensure the reliable operation of the motor at full load with low temperature rise. Professional optimization performance design, small motor inertia, wide operating frequency, low speed running torque smooth no fluctuation. By changing the excessive flange and shaft sleeve can be adopted to a variety of machine head ( Hanbell and BSC brand, etc.)\" \/>\n<meta property=\"og:url\" content=\"https:\/\/www.zjjiangtian.com\/pt\/produto\/serie-ytpm-motor-sincrono-de-ima-permanente-trifasico-tipo-integrado-especialmente-projetado-para-compressor-de-ar\/\" \/>\n<meta property=\"og:site_name\" content=\"Jiangtian Electric\" \/>\n<meta property=\"article:modified_time\" content=\"2024-06-09T05:44:46+00:00\" \/>\n<meta property=\"og:image\" content=\"https:\/\/www.zjjiangtian.com\/wp-content\/uploads\/2024\/03\/ytpm-yt-63189-big-1.jpg\" \/>\n\t<meta property=\"og:image:width\" content=\"600\" \/>\n\t<meta property=\"og:image:height\" content=\"475\" \/>\n\t<meta property=\"og:image:type\" content=\"image\/jpeg\" \/>\n<meta name=\"twitter:card\" content=\"summary_large_image\" \/>\n<script type=\"application\/ld+json\" class=\"yoast-schema-graph\">{\"@context\":\"https:\/\/schema.org\",\"@graph\":[{\"@type\":\"WebPage\",\"@id\":\"https:\/\/www.zjjiangtian.com\/product\/ytpm-series-three-phase-permanent-magnet-synchronous-motor-integrated-type-specially-designed-for-air-compressor\/\",\"url\":\"https:\/\/www.zjjiangtian.com\/product\/ytpm-series-three-phase-permanent-magnet-synchronous-motor-integrated-type-specially-designed-for-air-compressor\/\",\"name\":\"YTPM Series Three Phase Permanent Magnet Synchronous Motor (Integrated Type Specially Designed For Air Compressor) - Jiangtian Electric\",\"isPartOf\":{\"@id\":\"https:\/\/www.zjjiangtian.com\/#website\"},\"primaryImageOfPage\":{\"@id\":\"https:\/\/www.zjjiangtian.com\/product\/ytpm-series-three-phase-permanent-magnet-synchronous-motor-integrated-type-specially-designed-for-air-compressor\/#primaryimage\"},\"image\":{\"@id\":\"https:\/\/www.zjjiangtian.com\/product\/ytpm-series-three-phase-permanent-magnet-synchronous-motor-integrated-type-specially-designed-for-air-compressor\/#primaryimage\"},\"thumbnailUrl\":\"https:\/\/www.zjjiangtian.com\/wp-content\/uploads\/2024\/03\/ytpm-yt-63189-big-1.jpg\",\"datePublished\":\"2024-03-23T15:05:14+00:00\",\"dateModified\":\"2024-06-09T05:44:46+00:00\",\"breadcrumb\":{\"@id\":\"https:\/\/www.zjjiangtian.com\/product\/ytpm-series-three-phase-permanent-magnet-synchronous-motor-integrated-type-specially-designed-for-air-compressor\/#breadcrumb\"},\"inLanguage\":\"pt-PT\",\"potentialAction\":[{\"@type\":\"ReadAction\",\"target\":[\"https:\/\/www.zjjiangtian.com\/product\/ytpm-series-three-phase-permanent-magnet-synchronous-motor-integrated-type-specially-designed-for-air-compressor\/\"]}]},{\"@type\":\"ImageObject\",\"inLanguage\":\"pt-PT\",\"@id\":\"https:\/\/www.zjjiangtian.com\/product\/ytpm-series-three-phase-permanent-magnet-synchronous-motor-integrated-type-specially-designed-for-air-compressor\/#primaryimage\",\"url\":\"https:\/\/www.zjjiangtian.com\/wp-content\/uploads\/2024\/03\/ytpm-yt-63189-big-1.jpg\",\"contentUrl\":\"https:\/\/www.zjjiangtian.com\/wp-content\/uploads\/2024\/03\/ytpm-yt-63189-big-1.jpg\",\"width\":600,\"height\":475},{\"@type\":\"BreadcrumbList\",\"@id\":\"https:\/\/www.zjjiangtian.com\/product\/ytpm-series-three-phase-permanent-magnet-synchronous-motor-integrated-type-specially-designed-for-air-compressor\/#breadcrumb\",\"itemListElement\":[{\"@type\":\"ListItem\",\"position\":1,\"name\":\"Home\",\"item\":\"https:\/\/www.zjjiangtian.com\/\"},{\"@type\":\"ListItem\",\"position\":2,\"name\":\"Products\",\"item\":\"https:\/\/www.zjjiangtian.com\/shop\/\"},{\"@type\":\"ListItem\",\"position\":3,\"name\":\"YTPM Series Three Phase Permanent Magnet Synchronous Motor (Integrated Type Specially Designed For Air Compressor)\"}]},{\"@type\":\"WebSite\",\"@id\":\"https:\/\/www.zjjiangtian.com\/#website\",\"url\":\"https:\/\/www.zjjiangtian.com\/\",\"name\":\"Jiangtian Electric\",\"description\":\"\",\"publisher\":{\"@id\":\"https:\/\/www.zjjiangtian.com\/#organization\"},\"potentialAction\":[{\"@type\":\"SearchAction\",\"target\":{\"@type\":\"EntryPoint\",\"urlTemplate\":\"https:\/\/www.zjjiangtian.com\/?s={search_term_string}\"},\"query-input\":\"required name=search_term_string\"}],\"inLanguage\":\"pt-PT\"},{\"@type\":\"Organization\",\"@id\":\"https:\/\/www.zjjiangtian.com\/#organization\",\"name\":\"Jiangtian Electric\",\"url\":\"https:\/\/www.zjjiangtian.com\/\",\"logo\":{\"@type\":\"ImageObject\",\"inLanguage\":\"pt-PT\",\"@id\":\"https:\/\/www.zjjiangtian.com\/#\/schema\/logo\/image\/\",\"url\":\"https:\/\/www.zjjiangtian.com\/wp-content\/uploads\/2023\/10\/logo.webp\",\"contentUrl\":\"https:\/\/www.zjjiangtian.com\/wp-content\/uploads\/2023\/10\/logo.webp\",\"width\":269,\"height\":50,\"caption\":\"Jiangtian Electric\"},\"image\":{\"@id\":\"https:\/\/www.zjjiangtian.com\/#\/schema\/logo\/image\/\"}}]}<\/script>\n<!-- \/ Yoast SEO Premium plugin. -->","yoast_head_json":{"title":"YTPM Series Three Phase Permanent Magnet Synchronous Motor (Integrated Type Specially Designed For Air Compressor) - Jiangtian Electric","robots":{"index":"index","follow":"follow","max-snippet":"max-snippet:-1","max-image-preview":"max-image-preview:large","max-video-preview":"max-video-preview:-1"},"canonical":"https:\/\/www.zjjiangtian.com\/pt\/produto\/serie-ytpm-motor-sincrono-de-ima-permanente-trifasico-tipo-integrado-especialmente-projetado-para-compressor-de-ar\/","og_locale":"pt_PT","og_type":"article","og_title":"YTPM Series Three Phase Permanent Magnet Synchronous Motor (Integrated Type Specially Designed For Air Compressor)","og_description":"Special stator slot and rotor structure,low loss silicon steel sheet,high brand permanent magnet material, high utilization rate of magnetic field;The motor efficiency is higher than the first-level energy efficiency requirement of the energy efficiency standard gb30253-2013, and far higher than IE4. The actual margin of the motor is sufficient to ensure the reliable operation of the motor at full load with low temperature rise. Professional optimization performance design, small motor inertia, wide operating frequency, low speed running torque smooth no fluctuation. By changing the excessive flange and shaft sleeve can be adopted to a variety of machine head ( Hanbell and BSC brand, etc.)","og_url":"https:\/\/www.zjjiangtian.com\/pt\/produto\/serie-ytpm-motor-sincrono-de-ima-permanente-trifasico-tipo-integrado-especialmente-projetado-para-compressor-de-ar\/","og_site_name":"Jiangtian Electric","article_modified_time":"2024-06-09T05:44:46+00:00","og_image":[{"width":600,"height":475,"url":"https:\/\/www.zjjiangtian.com\/wp-content\/uploads\/2024\/03\/ytpm-yt-63189-big-1.jpg","type":"image\/jpeg"}],"twitter_card":"summary_large_image","schema":{"@context":"https:\/\/schema.org","@graph":[{"@type":"WebPage","@id":"https:\/\/www.zjjiangtian.com\/product\/ytpm-series-three-phase-permanent-magnet-synchronous-motor-integrated-type-specially-designed-for-air-compressor\/","url":"https:\/\/www.zjjiangtian.com\/product\/ytpm-series-three-phase-permanent-magnet-synchronous-motor-integrated-type-specially-designed-for-air-compressor\/","name":"YTPM Series Three Phase Permanent Magnet Synchronous Motor (Integrated Type Specially Designed For Air Compressor) - Jiangtian Electric","isPartOf":{"@id":"https:\/\/www.zjjiangtian.com\/#website"},"primaryImageOfPage":{"@id":"https:\/\/www.zjjiangtian.com\/product\/ytpm-series-three-phase-permanent-magnet-synchronous-motor-integrated-type-specially-designed-for-air-compressor\/#primaryimage"},"image":{"@id":"https:\/\/www.zjjiangtian.com\/product\/ytpm-series-three-phase-permanent-magnet-synchronous-motor-integrated-type-specially-designed-for-air-compressor\/#primaryimage"},"thumbnailUrl":"https:\/\/www.zjjiangtian.com\/wp-content\/uploads\/2024\/03\/ytpm-yt-63189-big-1.jpg","datePublished":"2024-03-23T15:05:14+00:00","dateModified":"2024-06-09T05:44:46+00:00","breadcrumb":{"@id":"https:\/\/www.zjjiangtian.com\/product\/ytpm-series-three-phase-permanent-magnet-synchronous-motor-integrated-type-specially-designed-for-air-compressor\/#breadcrumb"},"inLanguage":"pt-PT","potentialAction":[{"@type":"ReadAction","target":["https:\/\/www.zjjiangtian.com\/product\/ytpm-series-three-phase-permanent-magnet-synchronous-motor-integrated-type-specially-designed-for-air-compressor\/"]}]},{"@type":"ImageObject","inLanguage":"pt-PT","@id":"https:\/\/www.zjjiangtian.com\/product\/ytpm-series-three-phase-permanent-magnet-synchronous-motor-integrated-type-specially-designed-for-air-compressor\/#primaryimage","url":"https:\/\/www.zjjiangtian.com\/wp-content\/uploads\/2024\/03\/ytpm-yt-63189-big-1.jpg","contentUrl":"https:\/\/www.zjjiangtian.com\/wp-content\/uploads\/2024\/03\/ytpm-yt-63189-big-1.jpg","width":600,"height":475},{"@type":"BreadcrumbList","@id":"https:\/\/www.zjjiangtian.com\/product\/ytpm-series-three-phase-permanent-magnet-synchronous-motor-integrated-type-specially-designed-for-air-compressor\/#breadcrumb","itemListElement":[{"@type":"ListItem","position":1,"name":"Home","item":"https:\/\/www.zjjiangtian.com\/"},{"@type":"ListItem","position":2,"name":"Products","item":"https:\/\/www.zjjiangtian.com\/shop\/"},{"@type":"ListItem","position":3,"name":"YTPM Series Three Phase Permanent Magnet Synchronous Motor (Integrated Type Specially Designed For Air Compressor)"}]},{"@type":"WebSite","@id":"https:\/\/www.zjjiangtian.com\/#website","url":"https:\/\/www.zjjiangtian.com\/","name":"Jiangtian Electric","description":"","publisher":{"@id":"https:\/\/www.zjjiangtian.com\/#organization"},"potentialAction":[{"@type":"SearchAction","target":{"@type":"EntryPoint","urlTemplate":"https:\/\/www.zjjiangtian.com\/?s={search_term_string}"},"query-input":"required name=search_term_string"}],"inLanguage":"pt-PT"},{"@type":"Organization","@id":"https:\/\/www.zjjiangtian.com\/#organization","name":"Jiangtian Electric","url":"https:\/\/www.zjjiangtian.com\/","logo":{"@type":"ImageObject","inLanguage":"pt-PT","@id":"https:\/\/www.zjjiangtian.com\/#\/schema\/logo\/image\/","url":"https:\/\/www.zjjiangtian.com\/wp-content\/uploads\/2023\/10\/logo.webp","contentUrl":"https:\/\/www.zjjiangtian.com\/wp-content\/uploads\/2023\/10\/logo.webp","width":269,"height":50,"caption":"Jiangtian Electric"},"image":{"@id":"https:\/\/www.zjjiangtian.com\/#\/schema\/logo\/image\/"}}]}},"_links":{"self":[{"href":"https:\/\/www.zjjiangtian.com\/pt\/wp-json\/wp\/v2\/product\/1394"}],"collection":[{"href":"https:\/\/www.zjjiangtian.com\/pt\/wp-json\/wp\/v2\/product"}],"about":[{"href":"https:\/\/www.zjjiangtian.com\/pt\/wp-json\/wp\/v2\/types\/product"}],"replies":[{"embeddable":true,"href":"https:\/\/www.zjjiangtian.com\/pt\/wp-json\/wp\/v2\/comments?post=1394"}],"wp:featuredmedia":[{"embeddable":true,"href":"https:\/\/www.zjjiangtian.com\/pt\/wp-json\/wp\/v2\/media\/1393"}],"wp:attachment":[{"href":"https:\/\/www.zjjiangtian.com\/pt\/wp-json\/wp\/v2\/media?parent=1394"}],"wp:term":[{"taxonomy":"product_cat","embeddable":true,"href":"https:\/\/www.zjjiangtian.com\/pt\/wp-json\/wp\/v2\/product_cat?post=1394"},{"taxonomy":"product_tag","embeddable":true,"href":"https:\/\/www.zjjiangtian.com\/pt\/wp-json\/wp\/v2\/product_tag?post=1394"}],"curies":[{"name":"wp","href":"https:\/\/api.w.org\/{rel}","templated":true}]}}