{"id":1398,"date":"2024-03-23T15:05:15","date_gmt":"2024-03-23T15:05:15","guid":{"rendered":"https:\/\/www.zjjiangtian.com\/product\/jpm-series-three-phase-permanent-magnet-synchronous-motor-specially-designed-for-air-compressor\/"},"modified":"2024-06-09T05:44:45","modified_gmt":"2024-06-09T05:44:45","slug":"jpm-series-three-phase-permanent-magnet-synchronous-motor-specially-designed-for-air-compressor","status":"publish","type":"product","link":"https:\/\/www.zjjiangtian.com\/pt\/produto\/motor-sincrono-de-ima-permanente-trifasico-serie-jpm-especialmente-projetado-para-compressor-de-ar\/","title":{"rendered":"Motor s\u00edncrono de \u00edm\u00e3 permanente trif\u00e1sico s\u00e9rie JPM (especialmente projetado para compressor de ar)"},"content":{"rendered":"<p>Motor s\u00edncrono de \u00edm\u00e3 permanente trif\u00e1sico da s\u00e9rie JPM (especialmente projetado para compressor de ar): Esta s\u00e9rie \u00e9 totalmente fechada com motor s\u00edncrono de \u00edm\u00e3 permanente de terras raras, especialmente projetado para compressores de ar. Tem as vantagens de alta capacidade de sobrecarga, alta efici\u00eancia, alto fator de pot\u00eancia, opera\u00e7\u00e3o est\u00e1vel, manuten\u00e7\u00e3o simples e forte intercambialidade. O m\u00e9todo de resfriamento \u00e9 IC416\/IC411. O dever de trabalho \u00e9 S1. O tipo de montagem est\u00e1 em conformidade com os padr\u00f5es IEC e DIN.<\/p>","protected":false},"excerpt":{"rendered":"<ul>\n<li>Esta s\u00e9rie de motores \u00e9 um motor que economiza energia para o compressor. O motor pode alterar a velocidade com o volume de g\u00e1s e manter alta efici\u00eancia sob condi\u00e7\u00f5es de carga e descarga.<\/li>\n<li>A margem real do motor \u00e9 suficiente para garantir a opera\u00e7\u00e3o confi\u00e1vel do motor em plena carga com baixo aumento de temperatura.<\/li>\n<li>Sua faixa de opera\u00e7\u00e3o eficiente \u00e9 ampla e a efici\u00eancia \u00e9 superior a 90% na faixa de 25% ~ 120%. A efici\u00eancia \u00e9 maior que a alavanca 1 do GB30253-2013.<\/li>\n<li>Combina perfeitamente com o compressor de ar, aumentando a efici\u00eancia geral do compressor de ar muito mais do que a efici\u00eancia energ\u00e9tica de n\u00edvel 1 do padr\u00e3o nacional.<\/li>\n<\/ul>","protected":false},"featured_media":1397,"comment_status":"open","ping_status":"closed","template":"","meta":{"_acf_changed":false,"_mi_skip_tracking":false,"_monsterinsights_sitenote_active":false,"_monsterinsights_sitenote_note":"","_monsterinsights_sitenote_category":0},"product_cat":[26],"product_tag":[],"acf":[],"yoast_head":"<!-- This site is optimized with the Yoast SEO Premium plugin v21.6 (Yoast SEO v22.2) - https:\/\/yoast.com\/wordpress\/plugins\/seo\/ -->\n<title>JPM Series Three Phase Permanent Magnet Synchronous Motor (Specially Designed For Air Compressor) - Jiangtian Electric<\/title>\n<meta name=\"robots\" content=\"index, follow, max-snippet:-1, max-image-preview:large, max-video-preview:-1\" \/>\n<link rel=\"canonical\" href=\"https:\/\/www.zjjiangtian.com\/pt\/produto\/motor-sincrono-de-ima-permanente-trifasico-serie-jpm-especialmente-projetado-para-compressor-de-ar\/\" \/>\n<meta property=\"og:locale\" content=\"pt_PT\" \/>\n<meta property=\"og:type\" content=\"article\" \/>\n<meta property=\"og:title\" content=\"JPM Series Three Phase Permanent Magnet Synchronous Motor (Specially Designed For Air Compressor)\" \/>\n<meta property=\"og:description\" content=\"This series of motors is an energy-saving motor for the compressor. The motor can change the speed with the gas volume and maintain high efficiency under loading and unloading conditions. The actual margin of the motor is sufficient to ensure the reliable operation of the motor at full load with low temperature rise. Its efficient operation range is wide and the efficiency is more than 90% in the range of 25%~120%. The efficiency is higher than the lever 1 of GB30253-2013. It is perfectly matching with the air compressor, boosting air compressor overall efficiency far more than the national standard level 1 energy efficiency.\" \/>\n<meta property=\"og:url\" content=\"https:\/\/www.zjjiangtian.com\/pt\/produto\/motor-sincrono-de-ima-permanente-trifasico-serie-jpm-especialmente-projetado-para-compressor-de-ar\/\" \/>\n<meta property=\"og:site_name\" content=\"Jiangtian Electric\" \/>\n<meta property=\"article:modified_time\" content=\"2024-06-09T05:44:45+00:00\" \/>\n<meta property=\"og:image\" content=\"https:\/\/www.zjjiangtian.com\/wp-content\/uploads\/2024\/03\/jpmxl-kyjzy-63187-big-1.jpg\" \/>\n\t<meta property=\"og:image:width\" content=\"600\" \/>\n\t<meta property=\"og:image:height\" content=\"475\" \/>\n\t<meta property=\"og:image:type\" content=\"image\/jpeg\" \/>\n<meta name=\"twitter:card\" content=\"summary_large_image\" \/>\n<script type=\"application\/ld+json\" class=\"yoast-schema-graph\">{\"@context\":\"https:\/\/schema.org\",\"@graph\":[{\"@type\":\"WebPage\",\"@id\":\"https:\/\/www.zjjiangtian.com\/product\/jpm-series-three-phase-permanent-magnet-synchronous-motor-specially-designed-for-air-compressor\/\",\"url\":\"https:\/\/www.zjjiangtian.com\/product\/jpm-series-three-phase-permanent-magnet-synchronous-motor-specially-designed-for-air-compressor\/\",\"name\":\"JPM Series Three Phase Permanent Magnet Synchronous Motor (Specially Designed For Air Compressor) - Jiangtian Electric\",\"isPartOf\":{\"@id\":\"https:\/\/www.zjjiangtian.com\/#website\"},\"primaryImageOfPage\":{\"@id\":\"https:\/\/www.zjjiangtian.com\/product\/jpm-series-three-phase-permanent-magnet-synchronous-motor-specially-designed-for-air-compressor\/#primaryimage\"},\"image\":{\"@id\":\"https:\/\/www.zjjiangtian.com\/product\/jpm-series-three-phase-permanent-magnet-synchronous-motor-specially-designed-for-air-compressor\/#primaryimage\"},\"thumbnailUrl\":\"https:\/\/www.zjjiangtian.com\/wp-content\/uploads\/2024\/03\/jpmxl-kyjzy-63187-big-1.jpg\",\"datePublished\":\"2024-03-23T15:05:15+00:00\",\"dateModified\":\"2024-06-09T05:44:45+00:00\",\"breadcrumb\":{\"@id\":\"https:\/\/www.zjjiangtian.com\/product\/jpm-series-three-phase-permanent-magnet-synchronous-motor-specially-designed-for-air-compressor\/#breadcrumb\"},\"inLanguage\":\"pt-PT\",\"potentialAction\":[{\"@type\":\"ReadAction\",\"target\":[\"https:\/\/www.zjjiangtian.com\/product\/jpm-series-three-phase-permanent-magnet-synchronous-motor-specially-designed-for-air-compressor\/\"]}]},{\"@type\":\"ImageObject\",\"inLanguage\":\"pt-PT\",\"@id\":\"https:\/\/www.zjjiangtian.com\/product\/jpm-series-three-phase-permanent-magnet-synchronous-motor-specially-designed-for-air-compressor\/#primaryimage\",\"url\":\"https:\/\/www.zjjiangtian.com\/wp-content\/uploads\/2024\/03\/jpmxl-kyjzy-63187-big-1.jpg\",\"contentUrl\":\"https:\/\/www.zjjiangtian.com\/wp-content\/uploads\/2024\/03\/jpmxl-kyjzy-63187-big-1.jpg\",\"width\":600,\"height\":475},{\"@type\":\"BreadcrumbList\",\"@id\":\"https:\/\/www.zjjiangtian.com\/product\/jpm-series-three-phase-permanent-magnet-synchronous-motor-specially-designed-for-air-compressor\/#breadcrumb\",\"itemListElement\":[{\"@type\":\"ListItem\",\"position\":1,\"name\":\"Home\",\"item\":\"https:\/\/www.zjjiangtian.com\/\"},{\"@type\":\"ListItem\",\"position\":2,\"name\":\"Products\",\"item\":\"https:\/\/www.zjjiangtian.com\/shop\/\"},{\"@type\":\"ListItem\",\"position\":3,\"name\":\"JPM Series Three Phase Permanent Magnet Synchronous Motor (Specially Designed For Air Compressor)\"}]},{\"@type\":\"WebSite\",\"@id\":\"https:\/\/www.zjjiangtian.com\/#website\",\"url\":\"https:\/\/www.zjjiangtian.com\/\",\"name\":\"Jiangtian Electric\",\"description\":\"\",\"publisher\":{\"@id\":\"https:\/\/www.zjjiangtian.com\/#organization\"},\"potentialAction\":[{\"@type\":\"SearchAction\",\"target\":{\"@type\":\"EntryPoint\",\"urlTemplate\":\"https:\/\/www.zjjiangtian.com\/?s={search_term_string}\"},\"query-input\":\"required name=search_term_string\"}],\"inLanguage\":\"pt-PT\"},{\"@type\":\"Organization\",\"@id\":\"https:\/\/www.zjjiangtian.com\/#organization\",\"name\":\"Jiangtian Electric\",\"url\":\"https:\/\/www.zjjiangtian.com\/\",\"logo\":{\"@type\":\"ImageObject\",\"inLanguage\":\"pt-PT\",\"@id\":\"https:\/\/www.zjjiangtian.com\/#\/schema\/logo\/image\/\",\"url\":\"https:\/\/www.zjjiangtian.com\/wp-content\/uploads\/2023\/10\/logo.webp\",\"contentUrl\":\"https:\/\/www.zjjiangtian.com\/wp-content\/uploads\/2023\/10\/logo.webp\",\"width\":269,\"height\":50,\"caption\":\"Jiangtian Electric\"},\"image\":{\"@id\":\"https:\/\/www.zjjiangtian.com\/#\/schema\/logo\/image\/\"}}]}<\/script>\n<!-- \/ Yoast SEO Premium plugin. -->","yoast_head_json":{"title":"JPM Series Three Phase Permanent Magnet Synchronous Motor (Specially Designed For Air Compressor) - Jiangtian Electric","robots":{"index":"index","follow":"follow","max-snippet":"max-snippet:-1","max-image-preview":"max-image-preview:large","max-video-preview":"max-video-preview:-1"},"canonical":"https:\/\/www.zjjiangtian.com\/pt\/produto\/motor-sincrono-de-ima-permanente-trifasico-serie-jpm-especialmente-projetado-para-compressor-de-ar\/","og_locale":"pt_PT","og_type":"article","og_title":"JPM Series Three Phase Permanent Magnet Synchronous Motor (Specially Designed For Air Compressor)","og_description":"This series of motors is an energy-saving motor for the compressor. The motor can change the speed with the gas volume and maintain high efficiency under loading and unloading conditions. The actual margin of the motor is sufficient to ensure the reliable operation of the motor at full load with low temperature rise. Its efficient operation range is wide and the efficiency is more than 90% in the range of 25%~120%. The efficiency is higher than the lever 1 of GB30253-2013. It is perfectly matching with the air compressor, boosting air compressor overall efficiency far more than the national standard level 1 energy efficiency.","og_url":"https:\/\/www.zjjiangtian.com\/pt\/produto\/motor-sincrono-de-ima-permanente-trifasico-serie-jpm-especialmente-projetado-para-compressor-de-ar\/","og_site_name":"Jiangtian Electric","article_modified_time":"2024-06-09T05:44:45+00:00","og_image":[{"width":600,"height":475,"url":"https:\/\/www.zjjiangtian.com\/wp-content\/uploads\/2024\/03\/jpmxl-kyjzy-63187-big-1.jpg","type":"image\/jpeg"}],"twitter_card":"summary_large_image","schema":{"@context":"https:\/\/schema.org","@graph":[{"@type":"WebPage","@id":"https:\/\/www.zjjiangtian.com\/product\/jpm-series-three-phase-permanent-magnet-synchronous-motor-specially-designed-for-air-compressor\/","url":"https:\/\/www.zjjiangtian.com\/product\/jpm-series-three-phase-permanent-magnet-synchronous-motor-specially-designed-for-air-compressor\/","name":"JPM Series Three Phase Permanent Magnet Synchronous Motor (Specially Designed For Air Compressor) - Jiangtian Electric","isPartOf":{"@id":"https:\/\/www.zjjiangtian.com\/#website"},"primaryImageOfPage":{"@id":"https:\/\/www.zjjiangtian.com\/product\/jpm-series-three-phase-permanent-magnet-synchronous-motor-specially-designed-for-air-compressor\/#primaryimage"},"image":{"@id":"https:\/\/www.zjjiangtian.com\/product\/jpm-series-three-phase-permanent-magnet-synchronous-motor-specially-designed-for-air-compressor\/#primaryimage"},"thumbnailUrl":"https:\/\/www.zjjiangtian.com\/wp-content\/uploads\/2024\/03\/jpmxl-kyjzy-63187-big-1.jpg","datePublished":"2024-03-23T15:05:15+00:00","dateModified":"2024-06-09T05:44:45+00:00","breadcrumb":{"@id":"https:\/\/www.zjjiangtian.com\/product\/jpm-series-three-phase-permanent-magnet-synchronous-motor-specially-designed-for-air-compressor\/#breadcrumb"},"inLanguage":"pt-PT","potentialAction":[{"@type":"ReadAction","target":["https:\/\/www.zjjiangtian.com\/product\/jpm-series-three-phase-permanent-magnet-synchronous-motor-specially-designed-for-air-compressor\/"]}]},{"@type":"ImageObject","inLanguage":"pt-PT","@id":"https:\/\/www.zjjiangtian.com\/product\/jpm-series-three-phase-permanent-magnet-synchronous-motor-specially-designed-for-air-compressor\/#primaryimage","url":"https:\/\/www.zjjiangtian.com\/wp-content\/uploads\/2024\/03\/jpmxl-kyjzy-63187-big-1.jpg","contentUrl":"https:\/\/www.zjjiangtian.com\/wp-content\/uploads\/2024\/03\/jpmxl-kyjzy-63187-big-1.jpg","width":600,"height":475},{"@type":"BreadcrumbList","@id":"https:\/\/www.zjjiangtian.com\/product\/jpm-series-three-phase-permanent-magnet-synchronous-motor-specially-designed-for-air-compressor\/#breadcrumb","itemListElement":[{"@type":"ListItem","position":1,"name":"Home","item":"https:\/\/www.zjjiangtian.com\/"},{"@type":"ListItem","position":2,"name":"Products","item":"https:\/\/www.zjjiangtian.com\/shop\/"},{"@type":"ListItem","position":3,"name":"JPM Series Three Phase Permanent Magnet Synchronous Motor (Specially Designed For Air Compressor)"}]},{"@type":"WebSite","@id":"https:\/\/www.zjjiangtian.com\/#website","url":"https:\/\/www.zjjiangtian.com\/","name":"Jiangtian Electric","description":"","publisher":{"@id":"https:\/\/www.zjjiangtian.com\/#organization"},"potentialAction":[{"@type":"SearchAction","target":{"@type":"EntryPoint","urlTemplate":"https:\/\/www.zjjiangtian.com\/?s={search_term_string}"},"query-input":"required name=search_term_string"}],"inLanguage":"pt-PT"},{"@type":"Organization","@id":"https:\/\/www.zjjiangtian.com\/#organization","name":"Jiangtian Electric","url":"https:\/\/www.zjjiangtian.com\/","logo":{"@type":"ImageObject","inLanguage":"pt-PT","@id":"https:\/\/www.zjjiangtian.com\/#\/schema\/logo\/image\/","url":"https:\/\/www.zjjiangtian.com\/wp-content\/uploads\/2023\/10\/logo.webp","contentUrl":"https:\/\/www.zjjiangtian.com\/wp-content\/uploads\/2023\/10\/logo.webp","width":269,"height":50,"caption":"Jiangtian Electric"},"image":{"@id":"https:\/\/www.zjjiangtian.com\/#\/schema\/logo\/image\/"}}]}},"_links":{"self":[{"href":"https:\/\/www.zjjiangtian.com\/pt\/wp-json\/wp\/v2\/product\/1398"}],"collection":[{"href":"https:\/\/www.zjjiangtian.com\/pt\/wp-json\/wp\/v2\/product"}],"about":[{"href":"https:\/\/www.zjjiangtian.com\/pt\/wp-json\/wp\/v2\/types\/product"}],"replies":[{"embeddable":true,"href":"https:\/\/www.zjjiangtian.com\/pt\/wp-json\/wp\/v2\/comments?post=1398"}],"wp:featuredmedia":[{"embeddable":true,"href":"https:\/\/www.zjjiangtian.com\/pt\/wp-json\/wp\/v2\/media\/1397"}],"wp:attachment":[{"href":"https:\/\/www.zjjiangtian.com\/pt\/wp-json\/wp\/v2\/media?parent=1398"}],"wp:term":[{"taxonomy":"product_cat","embeddable":true,"href":"https:\/\/www.zjjiangtian.com\/pt\/wp-json\/wp\/v2\/product_cat?post=1398"},{"taxonomy":"product_tag","embeddable":true,"href":"https:\/\/www.zjjiangtian.com\/pt\/wp-json\/wp\/v2\/product_tag?post=1398"}],"curies":[{"name":"wp","href":"https:\/\/api.w.org\/{rel}","templated":true}]}}